{"id":4699,"date":"2024-10-23T16:02:30","date_gmt":"2024-10-23T14:02:30","guid":{"rendered":"http:\/\/billigtrikots.com\/?post_type=product&#038;p=4699"},"modified":"2024-10-23T16:04:40","modified_gmt":"2024-10-23T14:04:40","slug":"guenstige-fussballtrikots-brighton-hove-albion-21-22-trikot-blau-und-weiss","status":"publish","type":"product","link":"https:\/\/www.billigtrikotde.com\/cs\/guenstige-fussballtrikots-brighton-hove-albion-21-22-trikot-blau-und-weiss\/","title":{"rendered":"G\u00fcnstige Fu\u00dfballtrikots Brighton &#038; Hove Albion 21-22 Trikot Blau und Wei\u00df"},"content":{"rendered":"<p>Dres Brighton &amp; Hove Albion 2021-2022 byl dnes ve\u010der p\u0159edstaven, p\u0159esn\u011b na premi\u00e9ru doma v Premier League proti Manchester City. Dres Nike Brighton &amp; Hove Albion 21-22 navrac\u00ed po vzhledu s jemn\u00fdmi pruhy z roku 20-21 tradi\u010dn\u00ed pruhy. Je na p\u0159edn\u00ed stran\u011b, ruk\u00e1vech a spodn\u00ed \u010d\u00e1sti zad p\u011bt modr\u00fdch a \u010dty\u0159i b\u00edl\u00e9 pruhy.<br \/>\nModr\u00e1 a b\u00edl\u00e1 je kombinov\u00e1na se \u017elutou, kter\u00e1 se pou\u017e\u00edv\u00e1 na Swoosh, bo\u010dn\u00ed pruhy a detaily v l\u00edmci \u2013 v\u010detn\u011b textu 10 Years at the Amex, kter\u00fd slav\u00ed 10let\u00e9 v\u00fdro\u010d\u00ed otev\u0159en\u00ed stadionu v roce 2011.<\/p>\n<p>Tipy pro tisk: Pokud jsou jm\u00e9no a \u010d\u00edslo na obr\u00e1zku p\u0159esn\u011b takov\u00e9, jak\u00e9 chcete, nemus\u00edte je zad\u00e1vat znovu. Pokud tomu tak nen\u00ed, m\u011bli byste zadat po\u017eadovan\u00e9 jm\u00e9no a \u010d\u00edslo.<\/p>\n<p>Tipy pro pran\u00ed: Doporu\u010dujeme pr\u00e1t fotbalov\u00e1 tri\u010dka v ruce. Pokud chcete pou\u017e\u00edt pra\u010dku, nezapome\u0148te fotbalov\u00e1 tri\u010dka obr\u00e1tit naruby a pot\u00e9 je vyprat. Pra\u010dku napl\u0148te studenou vodou a pou\u017eijte jemn\u00fd cyklus, abyste l\u00e9pe ochr\u00e1nili barvy.<\/p>","protected":false},"excerpt":{"rendered":"<p>Dres Brighton &amp; Hove Albion 2021-2022 byl dnes ve\u010der p\u0159edstaven, p\u0159esn\u011b na debutu v dom\u00e1c\u00edm z\u00e1pase Premier League proti Manchester City. Dres Nike Brighton &amp; Hove Albion 21-22 p\u0159in\u00e1\u0161\u00ed po 20-21 vzhledu prou\u017ek\u016f s jemn\u00fdmi pruhy tradi\u010dn\u00ed pruhy zp\u011bt. Na p\u0159edn\u00ed stran\u011b, ruk\u00e1tech a spodn\u00ed \u010d\u00e1sti zad je p\u011bt modr\u00fdch a \u010dty\u0159i b\u00edl\u00e9 pruhy [\u2026]<\/p>","protected":false},"featured_media":4738,"comment_status":"open","ping_status":"closed","template":"","meta":[],"product_brand":[],"product_cat":[15],"product_tag":[20,232,35,21,23,24],"class_list":{"0":"post-4699","1":"product","2":"type-product","3":"status-publish","4":"has-post-thumbnail","6":"product_cat-unkategorisiert","7":"product_tag-coole-fussballtrikots","8":"product_tag-brighton-hove-albion-21-22-trikot","9":"product_tag-fussball-torwarttrikots","10":"product_tag-fussballtrikot-fuer-herren","11":"product_tag-fussballtrikot-kurzarm","12":"product_tag-guenstiges-fussballtrikot","14":"first","15":"instock","16":"shipping-taxable","17":"purchasable","18":"product-type-variable"},"_links":{"self":[{"href":"https:\/\/www.billigtrikotde.com\/cs\/wp-json\/wp\/v2\/product\/4699","targetHints":{"allow":["GET"]}}],"collection":[{"href":"https:\/\/www.billigtrikotde.com\/cs\/wp-json\/wp\/v2\/product"}],"about":[{"href":"https:\/\/www.billigtrikotde.com\/cs\/wp-json\/wp\/v2\/types\/product"}],"replies":[{"embeddable":true,"href":"https:\/\/www.billigtrikotde.com\/cs\/wp-json\/wp\/v2\/comments?post=4699"}],"wp:featuredmedia":[{"embeddable":true,"href":"https:\/\/www.billigtrikotde.com\/cs\/wp-json\/wp\/v2\/media\/4738"}],"wp:attachment":[{"href":"https:\/\/www.billigtrikotde.com\/cs\/wp-json\/wp\/v2\/media?parent=4699"}],"wp:term":[{"taxonomy":"product_brand","embeddable":true,"href":"https:\/\/www.billigtrikotde.com\/cs\/wp-json\/wp\/v2\/product_brand?post=4699"},{"taxonomy":"product_cat","embeddable":true,"href":"https:\/\/www.billigtrikotde.com\/cs\/wp-json\/wp\/v2\/product_cat?post=4699"},{"taxonomy":"product_tag","embeddable":true,"href":"https:\/\/www.billigtrikotde.com\/cs\/wp-json\/wp\/v2\/product_tag?post=4699"}],"curies":[{"name":"wp","href":"https:\/\/api.w.org\/{rel}","templated":true}]}}