{"id":4666,"date":"2024-10-23T16:00:52","date_gmt":"2024-10-23T14:00:52","guid":{"rendered":"http:\/\/billigtrikots.com\/?post_type=product&#038;p=4666"},"modified":"2024-10-23T16:03:28","modified_gmt":"2024-10-23T14:03:28","slug":"argentina-world-cup-home-shirt-wm-trikot-2022","status":"publish","type":"product","link":"https:\/\/www.billigtrikotde.com\/cs\/argentina-world-cup-home-shirt-wm-trikot-2022\/","title":{"rendered":"Argentina World Cup Home Shirt WM dres 2022"},"content":{"rendered":"<p>Argentina se vyd\u00e1 na mistrovstv\u00ed sv\u011bta 2022 v Kataru s \u010derstv\u00fdmi nov\u00fdmi dresy od Adidas a La Albiceleste tentokr\u00e1t s odli\u0161n\u00fdm designem. Dom\u00e1c\u00ed dres Argentiny pro MS 2022 od Adidas nad\u00e1le vyu\u017e\u00edv\u00e1 obvykl\u00e9 modro-b\u00edl\u00e9 pruhy, kter\u00e9 maj\u00ed reprezentovat n\u00e1rodn\u00ed vlajku Argentiny.<br \/>\nDom\u00e1c\u00ed dres Argentiny pro MS 2022 je p\u0159ev\u00e1\u017en\u011b b\u00edl\u00fd s nov\u00fdm \u010dern\u00fdm logem Adidas, kter\u00e9 vstoup\u00ed do fotbalov\u00e9ho debutu s dresy MS 2022. Pruhy na nov\u00e9m dom\u00e1c\u00edm dresu Argentiny pro MS 2022 jsou skute\u010dn\u011b neobvykl\u00e9 \u2013 zat\u00edmco d\u0159\u00edve byly pruhy stejn\u00e9 \u0161\u00ed\u0159ky, uprost\u0159ed jsou dv\u011b ten\u010d\u00ed sv\u011btle modr\u00e9 pruhy a na vn\u011bj\u0161\u00edch stran\u00e1ch dresu dv\u011b \u0161ir\u0161\u00ed. Tyto v\u011bt\u0161\u00ed pruhy jsou p\u0159ibli\u017en\u011b t\u0159ikr\u00e1t \u0161ir\u0161\u00ed ne\u017e pruhy uprost\u0159ed.<br \/>\nArgentinci po cel\u00e9m sv\u011bt\u011b se t\u011b\u0161\u00ed na to, a\u017e jejich hr\u00e1\u010di budou reprezentovat svou vlast a doufaj\u00ed, \u017ee se vr\u00e1t\u00ed s trofej\u00ed. Sout\u011b\u017e je pova\u017eov\u00e1na za posledn\u00ed sv\u011btov\u00fd poh\u00e1r Lionela Messie a Parizjan bude cht\u00edt zakon\u010dit svou mezin\u00e1rodn\u00ed kari\u00e9ru na v\u00fd\u0161ce.<\/p>","protected":false},"excerpt":{"rendered":"<p>Argentina se vyd\u00e1 na mistrovstv\u00ed sv\u011bta 2022 v Kataru s \u010derstv\u00fdmi nov\u00fdmi dresy od Adidas a La Albiceleste tentokr\u00e1t s odli\u0161n\u00fdm designem. Dom\u00e1c\u00ed dres Argentiny pro MS 2022 od Adidas nad\u00e1le vyu\u017e\u00edv\u00e1 obvykl\u00e9 modro-b\u00edl\u00e9 pruhy, kter\u00e9 maj\u00ed reprezentovat n\u00e1rodn\u00ed vlajku Argentiny.<\/p>","protected":false},"featured_media":4703,"comment_status":"open","ping_status":"closed","template":"","meta":[],"product_brand":[],"product_cat":[111],"product_tag":[231,20,222,21,22,23,24],"class_list":{"0":"post-4666","1":"product","2":"type-product","3":"status-publish","4":"has-post-thumbnail","6":"product_cat-nationaltrikot","7":"product_tag-argentina-trikots","8":"product_tag-coole-fussballtrikots","9":"product_tag-fussball-wm-2022-trikots","10":"product_tag-fussballtrikot-fuer-herren","11":"product_tag-fussballtrikot-guenstig-kaufen","12":"product_tag-fussballtrikot-kurzarm","13":"product_tag-guenstiges-fussballtrikot","15":"first","16":"instock","17":"shipping-taxable","18":"purchasable","19":"product-type-variable"},"_links":{"self":[{"href":"https:\/\/www.billigtrikotde.com\/cs\/wp-json\/wp\/v2\/product\/4666","targetHints":{"allow":["GET"]}}],"collection":[{"href":"https:\/\/www.billigtrikotde.com\/cs\/wp-json\/wp\/v2\/product"}],"about":[{"href":"https:\/\/www.billigtrikotde.com\/cs\/wp-json\/wp\/v2\/types\/product"}],"replies":[{"embeddable":true,"href":"https:\/\/www.billigtrikotde.com\/cs\/wp-json\/wp\/v2\/comments?post=4666"}],"wp:featuredmedia":[{"embeddable":true,"href":"https:\/\/www.billigtrikotde.com\/cs\/wp-json\/wp\/v2\/media\/4703"}],"wp:attachment":[{"href":"https:\/\/www.billigtrikotde.com\/cs\/wp-json\/wp\/v2\/media?parent=4666"}],"wp:term":[{"taxonomy":"product_brand","embeddable":true,"href":"https:\/\/www.billigtrikotde.com\/cs\/wp-json\/wp\/v2\/product_brand?post=4666"},{"taxonomy":"product_cat","embeddable":true,"href":"https:\/\/www.billigtrikotde.com\/cs\/wp-json\/wp\/v2\/product_cat?post=4666"},{"taxonomy":"product_tag","embeddable":true,"href":"https:\/\/www.billigtrikotde.com\/cs\/wp-json\/wp\/v2\/product_tag?post=4666"}],"curies":[{"name":"wp","href":"https:\/\/api.w.org\/{rel}","templated":true}]}}