{"id":4640,"date":"2024-10-23T15:59:39","date_gmt":"2024-10-23T13:59:39","guid":{"rendered":"http:\/\/billigtrikots.com\/?post_type=product&#038;p=4640"},"modified":"2024-10-23T16:01:49","modified_gmt":"2024-10-23T14:01:49","slug":"la-galaxy-city-of-dreams-kit-fans-home-shirt-2022-2023-football-jersey-j-dos-santos-8","status":"publish","type":"product","link":"https:\/\/www.billigtrikotde.com\/cs\/la-galaxy-city-of-dreams-kit-fans-home-shirt-2022-2023-football-jersey-j-dos-santos-8\/","title":{"rendered":"LA Galaxy City of Dreams Kit Fans Home Shirt 2022-2023 Fotbalov\u00fd dres J.Dos Santos 8"},"content":{"rendered":"<p>Souprava City of Dreams je poctou \u010dist\u00fdm, klasick\u00fdm a elegantn\u00edm b\u00edl\u00fdm souprav\u00e1m z historie Galaxy s p\u0159\u00edm\u011bs\u00ed Los Angeles, kter\u00e9 reprezentuj\u00ed m\u011bsto sn\u016f a m\u011bsto hv\u011bzd. S\u00edla a energie kvazaru p\u0159edstavuj\u00ed srdce spole\u010dnosti Galaxy a sn\u00edlky, tv\u016frce a inov\u00e1tory, kte\u0159\u00ed tvo\u0159\u00ed Los Angeles.<br \/>\nNa \u0161t\u00edtku dresu je n\u00e1pis \"S\u00f3lo Un LA\", co\u017e v p\u0159ekladu znamen\u00e1 \"Los Angeles je jen jedno\".<\/p>","protected":false},"excerpt":{"rendered":"<p>Souprava City of Dreams je poctou \u010dist\u00fdm, klasick\u00fdm a elegantn\u00edm b\u00edl\u00fdm souprav\u00e1m z historie Galaxy s p\u0159\u00edm\u011bs\u00ed Los Angeles, kter\u00e9 reprezentuj\u00ed m\u011bsto sn\u016f a m\u011bsto hv\u011bzd. S\u00edla a energie kvazaru p\u0159edstavuj\u00ed srdce spole\u010dnosti Galaxy a sn\u00edlky, tv\u016frce a inov\u00e1tory, kte\u0159\u00ed tvo\u0159\u00ed Los Angeles.<\/p>","protected":false},"featured_media":4679,"comment_status":"open","ping_status":"closed","template":"","meta":[],"product_brand":[],"product_cat":[182],"product_tag":[20,21,22,23,24,183,184],"class_list":{"0":"post-4640","1":"product","2":"type-product","3":"status-publish","4":"has-post-thumbnail","6":"product_cat-la-galaxy","7":"product_tag-coole-fussballtrikots","8":"product_tag-fussballtrikot-fuer-herren","9":"product_tag-fussballtrikot-guenstig-kaufen","10":"product_tag-fussballtrikot-kurzarm","11":"product_tag-guenstiges-fussballtrikot","12":"product_tag-la-galaxy-away-shirt","13":"product_tag-la-galaxy-trikots","15":"first","16":"instock","17":"shipping-taxable","18":"purchasable","19":"product-type-variable"},"_links":{"self":[{"href":"https:\/\/www.billigtrikotde.com\/cs\/wp-json\/wp\/v2\/product\/4640","targetHints":{"allow":["GET"]}}],"collection":[{"href":"https:\/\/www.billigtrikotde.com\/cs\/wp-json\/wp\/v2\/product"}],"about":[{"href":"https:\/\/www.billigtrikotde.com\/cs\/wp-json\/wp\/v2\/types\/product"}],"replies":[{"embeddable":true,"href":"https:\/\/www.billigtrikotde.com\/cs\/wp-json\/wp\/v2\/comments?post=4640"}],"wp:featuredmedia":[{"embeddable":true,"href":"https:\/\/www.billigtrikotde.com\/cs\/wp-json\/wp\/v2\/media\/4679"}],"wp:attachment":[{"href":"https:\/\/www.billigtrikotde.com\/cs\/wp-json\/wp\/v2\/media?parent=4640"}],"wp:term":[{"taxonomy":"product_brand","embeddable":true,"href":"https:\/\/www.billigtrikotde.com\/cs\/wp-json\/wp\/v2\/product_brand?post=4640"},{"taxonomy":"product_cat","embeddable":true,"href":"https:\/\/www.billigtrikotde.com\/cs\/wp-json\/wp\/v2\/product_cat?post=4640"},{"taxonomy":"product_tag","embeddable":true,"href":"https:\/\/www.billigtrikotde.com\/cs\/wp-json\/wp\/v2\/product_tag?post=4640"}],"curies":[{"name":"wp","href":"https:\/\/api.w.org\/{rel}","templated":true}]}}