{"id":4638,"date":"2024-10-23T15:59:38","date_gmt":"2024-10-23T13:59:38","guid":{"rendered":"http:\/\/billigtrikots.com\/?post_type=product&#038;p=4638"},"modified":"2024-10-23T16:01:48","modified_gmt":"2024-10-23T14:01:48","slug":"la-galaxy-city-of-dreams-kit-fans-home-shirt-2022-2023-football-jersey-katai-7","status":"publish","type":"product","link":"https:\/\/www.billigtrikotde.com\/cs\/la-galaxy-city-of-dreams-kit-fans-home-shirt-2022-2023-football-jersey-katai-7\/","title":{"rendered":"LA Galaxy City of Dreams Kit Fans Home Shirt 2022-2023 Fotbalov\u00fd dres KATAI 7"},"content":{"rendered":"<p>City of Dreams Kit ct\u00ed \u010dist\u00e9, klasick\u00e9 a elegantn\u00ed b\u00edl\u00e9 kitty z historie galaxie s n\u00e1dechem LA, aby vystihly City of Dreams a City of Stars. S\u00edla a energie quazaru reprezentuj\u00ed srdce galaxie a sn\u00edlky, tv\u016frce a inov\u00e1tory, kte\u0159\u00ed tvo\u0159\u00ed Los Angeles.<\/p>\n<p>Tipy pro pran\u00ed: Doporu\u010dujeme pr\u00e1t fotbalov\u00e1 tri\u010dka v ruce. Pokud chcete pou\u017e\u00edt pra\u010dku, nezapome\u0148te fotbalov\u00e1 tri\u010dka obr\u00e1tit naruby a pot\u00e9 je vyprat. Pra\u010dku napl\u0148te studenou vodou a pou\u017eijte jemn\u00fd cyklus, abyste l\u00e9pe ochr\u00e1nili barvy.<\/p>","protected":false},"excerpt":{"rendered":"<p>City of Dreams Kit ct\u00ed \u010dist\u00e9, klasick\u00e9 a elegantn\u00ed b\u00edl\u00e9 kitty z historie galaxie s n\u00e1dechem LA, aby vystihly City of Dreams a City of Stars. S\u00edla a energie quazaru reprezentuj\u00ed srdce galaxie a sn\u00edlky, tv\u016frce a inov\u00e1tory, kte\u0159\u00ed tvo\u0159\u00ed Los Angeles.<\/p>","protected":false},"featured_media":4678,"comment_status":"open","ping_status":"closed","template":"","meta":[],"product_brand":[],"product_cat":[182],"product_tag":[20,21,22,23,24,183,184],"class_list":{"0":"post-4638","1":"product","2":"type-product","3":"status-publish","4":"has-post-thumbnail","6":"product_cat-la-galaxy","7":"product_tag-coole-fussballtrikots","8":"product_tag-fussballtrikot-fuer-herren","9":"product_tag-fussballtrikot-guenstig-kaufen","10":"product_tag-fussballtrikot-kurzarm","11":"product_tag-guenstiges-fussballtrikot","12":"product_tag-la-galaxy-away-shirt","13":"product_tag-la-galaxy-trikots","15":"first","16":"instock","17":"shipping-taxable","18":"purchasable","19":"product-type-variable"},"_links":{"self":[{"href":"https:\/\/www.billigtrikotde.com\/cs\/wp-json\/wp\/v2\/product\/4638","targetHints":{"allow":["GET"]}}],"collection":[{"href":"https:\/\/www.billigtrikotde.com\/cs\/wp-json\/wp\/v2\/product"}],"about":[{"href":"https:\/\/www.billigtrikotde.com\/cs\/wp-json\/wp\/v2\/types\/product"}],"replies":[{"embeddable":true,"href":"https:\/\/www.billigtrikotde.com\/cs\/wp-json\/wp\/v2\/comments?post=4638"}],"wp:featuredmedia":[{"embeddable":true,"href":"https:\/\/www.billigtrikotde.com\/cs\/wp-json\/wp\/v2\/media\/4678"}],"wp:attachment":[{"href":"https:\/\/www.billigtrikotde.com\/cs\/wp-json\/wp\/v2\/media?parent=4638"}],"wp:term":[{"taxonomy":"product_brand","embeddable":true,"href":"https:\/\/www.billigtrikotde.com\/cs\/wp-json\/wp\/v2\/product_brand?post=4638"},{"taxonomy":"product_cat","embeddable":true,"href":"https:\/\/www.billigtrikotde.com\/cs\/wp-json\/wp\/v2\/product_cat?post=4638"},{"taxonomy":"product_tag","embeddable":true,"href":"https:\/\/www.billigtrikotde.com\/cs\/wp-json\/wp\/v2\/product_tag?post=4638"}],"curies":[{"name":"wp","href":"https:\/\/api.w.org\/{rel}","templated":true}]}}