{"id":4606,"date":"2024-10-23T15:57:56","date_gmt":"2024-10-23T13:57:56","guid":{"rendered":"http:\/\/billigtrikots.com\/?post_type=product&#038;p=4606"},"modified":"2024-10-23T16:00:08","modified_gmt":"2024-10-23T14:00:08","slug":"brasilien-fussball-wm-2022-weltmeisterschaft-auswaertstrikot-mit-aufdruck-neymar-jr-10","status":"publish","type":"product","link":"https:\/\/www.billigtrikotde.com\/cs\/brasilien-fussball-wm-2022-weltmeisterschaft-auswaertstrikot-mit-aufdruck-neymar-jr-10\/","title":{"rendered":"Brazil 2022 World Cup dres s potiskem Neymar jR 10"},"content":{"rendered":"<p>Nike Brasilien 2022 WM-venkovn\u00ed triko kombinuje modrou z\u00e1kladn\u00ed barvu s sv\u011btle zelenou pro Swoosh. Ofici\u00e1ln\u00ed barvy jsou \u201eParamount Blue\/Dynamic Yellow\/Green Spark\u201c. Slavn\u00e1 orlice brazilsk\u00e9ho fotbalov\u00e9ho svazu se nach\u00e1z\u00ed na lev\u00e9 stran\u011b hrudi. Skl\u00e1d\u00e1 se z hv\u011bzd a n\u00e1pisu Brasil \u017elut\u011b.<\/p>\n<p>Tipy pro tisk: Pokud jsou jm\u00e9no a \u010d\u00edslo na obr\u00e1zku p\u0159esn\u011b takov\u00e9, jak\u00e9 chcete, nemus\u00edte je zad\u00e1vat znovu. Pokud tomu tak nen\u00ed, m\u011bli byste zadat po\u017eadovan\u00e9 jm\u00e9no a \u010d\u00edslo.<\/p>\n<p>Tipy pro pran\u00ed: Doporu\u010dujeme pr\u00e1t fotbalov\u00e1 tri\u010dka v ruce. Pokud chcete pou\u017e\u00edt pra\u010dku, nezapome\u0148te fotbalov\u00e1 tri\u010dka obr\u00e1tit naruby a pot\u00e9 je vyprat. Pra\u010dku napl\u0148te studenou vodou a pou\u017eijte jemn\u00fd cyklus, abyste l\u00e9pe ochr\u00e1nili barvy.<\/p>","protected":false},"excerpt":{"rendered":"<p>Das Nike Brasilien 2022 WM-Ausw\u00e4rtstrikot kombiniert eine blaue Grundfarbe mit Hellgr\u00fcn f\u00fcr den Swoosh. Die offiziellen Farben sind \u201cParamount Blue\/Dynamic Yellow\/Green Spark\u201d. Das ber\u00fchmte Wappen des brasilianischen Fu\u00dfballverbands befindet sich auf der linken Brust. Es besteht aus den Sternen und dem Schriftzug Brasil in Gelb. Tipps zum Drucken: Wenn der Name und die Nummer auf [&hellip;]<\/p>","protected":false},"featured_media":4645,"comment_status":"open","ping_status":"closed","template":"","meta":[],"product_brand":[],"product_cat":[112],"product_tag":[20,210,114,222,21,22,23,24],"class_list":{"0":"post-4606","1":"product","2":"type-product","3":"status-publish","4":"has-post-thumbnail","6":"product_cat-brasilien-trikots","7":"product_tag-coole-fussballtrikots","8":"product_tag-brasilien-auswaertstrikot","9":"product_tag-brasilien-trikots","10":"product_tag-fussball-wm-2022-trikots","11":"product_tag-fussballtrikot-fuer-herren","12":"product_tag-fussballtrikot-guenstig-kaufen","13":"product_tag-fussballtrikot-kurzarm","14":"product_tag-guenstiges-fussballtrikot","16":"first","17":"instock","18":"shipping-taxable","19":"purchasable","20":"product-type-variable"},"_links":{"self":[{"href":"https:\/\/www.billigtrikotde.com\/cs\/wp-json\/wp\/v2\/product\/4606","targetHints":{"allow":["GET"]}}],"collection":[{"href":"https:\/\/www.billigtrikotde.com\/cs\/wp-json\/wp\/v2\/product"}],"about":[{"href":"https:\/\/www.billigtrikotde.com\/cs\/wp-json\/wp\/v2\/types\/product"}],"replies":[{"embeddable":true,"href":"https:\/\/www.billigtrikotde.com\/cs\/wp-json\/wp\/v2\/comments?post=4606"}],"wp:featuredmedia":[{"embeddable":true,"href":"https:\/\/www.billigtrikotde.com\/cs\/wp-json\/wp\/v2\/media\/4645"}],"wp:attachment":[{"href":"https:\/\/www.billigtrikotde.com\/cs\/wp-json\/wp\/v2\/media?parent=4606"}],"wp:term":[{"taxonomy":"product_brand","embeddable":true,"href":"https:\/\/www.billigtrikotde.com\/cs\/wp-json\/wp\/v2\/product_brand?post=4606"},{"taxonomy":"product_cat","embeddable":true,"href":"https:\/\/www.billigtrikotde.com\/cs\/wp-json\/wp\/v2\/product_cat?post=4606"},{"taxonomy":"product_tag","embeddable":true,"href":"https:\/\/www.billigtrikotde.com\/cs\/wp-json\/wp\/v2\/product_tag?post=4606"}],"curies":[{"name":"wp","href":"https:\/\/api.w.org\/{rel}","templated":true}]}}