{"id":4602,"date":"2024-10-23T15:57:52","date_gmt":"2024-10-23T13:57:52","guid":{"rendered":"http:\/\/billigtrikots.com\/?post_type=product&#038;p=4602"},"modified":"2024-10-23T16:00:06","modified_gmt":"2024-10-23T14:00:06","slug":"2022-uefa-european-womens-football-championship-england-heimtrikot-euro-damen","status":"publish","type":"product","link":"https:\/\/www.billigtrikotde.com\/cs\/2022-uefa-european-womens-football-championship-england-heimtrikot-euro-damen\/","title":{"rendered":"2022 UEFA Mistrovstv\u00ed Evropy ve fotbale \u017een England Home Shirt EURO Ladies"},"content":{"rendered":"<p>Exkluzivn\u011b navr\u017eeno pro Lionesses, sady Nike England 2022 UEFA Evropsk\u00e9ho \u017eensk\u00e9ho fotbalov\u00e9ho \u0161ampion\u00e1tu maj\u00ed iridescentn\u00ed loga. Barvy ka\u017ed\u00e9 sady jsou pom\u011brn\u011b odv\u00e1\u017en\u00e9 pro n\u00e1rodn\u00ed t\u00fdm Anglie.<\/p>\n<p>Dom\u00e1c\u00ed fotbalov\u00e9 tri\u010dko Nike England Women\u2019s Euro 2022 kombinuje b\u00edl\u00fd z\u00e1klad s n\u00e1padn\u00fdmi iridescentn\u00edmi logy \u2013 pokud se nem\u00fdl\u00edme, bude to poprv\u00e9, co sada Anglie bude m\u00edt iridescentn\u00ed loga.<\/p>","protected":false},"excerpt":{"rendered":"<p>Exclusively designed for the Lionesses, the Nike England 2022 UEFA European Women\u2019s Football Championship kits have iridescent logos. The colors of each kit are rather bold for an England national team. The Nike England Women\u2019s Euro 2022 home football shirt combines a white base with eye-catching iridescent logos \u2013 if we\u2019re not wrong this will [&hellip;]<\/p>","protected":false},"featured_media":4643,"comment_status":"open","ping_status":"closed","template":"","meta":[],"product_brand":[],"product_cat":[115],"product_tag":[20,116,218,21,22,23,24],"class_list":{"0":"post-4602","1":"product","2":"type-product","3":"status-publish","4":"has-post-thumbnail","6":"product_cat-england-trikots","7":"product_tag-coole-fussballtrikots","8":"product_tag-england-heimtrikot","9":"product_tag-england-heimtrikot-euro-2022-damen","10":"product_tag-fussballtrikot-fuer-herren","11":"product_tag-fussballtrikot-guenstig-kaufen","12":"product_tag-fussballtrikot-kurzarm","13":"product_tag-guenstiges-fussballtrikot","15":"first","16":"instock","17":"shipping-taxable","18":"purchasable","19":"product-type-variable"},"_links":{"self":[{"href":"https:\/\/www.billigtrikotde.com\/cs\/wp-json\/wp\/v2\/product\/4602","targetHints":{"allow":["GET"]}}],"collection":[{"href":"https:\/\/www.billigtrikotde.com\/cs\/wp-json\/wp\/v2\/product"}],"about":[{"href":"https:\/\/www.billigtrikotde.com\/cs\/wp-json\/wp\/v2\/types\/product"}],"replies":[{"embeddable":true,"href":"https:\/\/www.billigtrikotde.com\/cs\/wp-json\/wp\/v2\/comments?post=4602"}],"wp:featuredmedia":[{"embeddable":true,"href":"https:\/\/www.billigtrikotde.com\/cs\/wp-json\/wp\/v2\/media\/4643"}],"wp:attachment":[{"href":"https:\/\/www.billigtrikotde.com\/cs\/wp-json\/wp\/v2\/media?parent=4602"}],"wp:term":[{"taxonomy":"product_brand","embeddable":true,"href":"https:\/\/www.billigtrikotde.com\/cs\/wp-json\/wp\/v2\/product_brand?post=4602"},{"taxonomy":"product_cat","embeddable":true,"href":"https:\/\/www.billigtrikotde.com\/cs\/wp-json\/wp\/v2\/product_cat?post=4602"},{"taxonomy":"product_tag","embeddable":true,"href":"https:\/\/www.billigtrikotde.com\/cs\/wp-json\/wp\/v2\/product_tag?post=4602"}],"curies":[{"name":"wp","href":"https:\/\/api.w.org\/{rel}","templated":true}]}}