{"id":4447,"date":"2024-10-23T15:50:22","date_gmt":"2024-10-23T13:50:22","guid":{"rendered":"http:\/\/billigtrikots.com\/?post_type=product&#038;p=4447"},"modified":"2024-10-23T15:52:36","modified_gmt":"2024-10-23T13:52:36","slug":"trikotsatz-fc-bayern-muenchen-heimtrikot-2022-2023-herren-lewandowski-9","status":"publish","type":"product","link":"https:\/\/www.billigtrikotde.com\/cs\/trikotsatz-fc-bayern-muenchen-heimtrikot-2022-2023-herren-lewandowski-9\/","title":{"rendered":"FC Bayern Mnichov dom\u00e1c\u00ed dres 2022-2023 mu\u017ei Lewandowski 9"},"content":{"rendered":"<p>Nov\u00fd dres Bayern Mnichov 22-23 m\u00e1 jedine\u010dn\u00fd pruhovan\u00fd design na p\u0159edn\u00ed stran\u011b. Skl\u00e1d\u00e1 se z r\u016fzn\u011b velk\u00fdch b\u00edl\u00fdch pruh\u016f, kter\u00e9 trochu vypadaj\u00ed jako \u010d\u00e1rov\u00fd k\u00f3d. Celkem je na p\u0159edn\u00ed stran\u011b 21 pruh\u016f. Co se t\u00fd\u010de barev, nov\u00fd dres Bayern 22-23 p\u0159in\u00e1\u0161\u00ed zm\u011bnu. Pot\u00e9, co byl dres 21-22 v dvou odst\u00ednech \u0161ed\u00e9, se dres Adidas Bayern Mnichov 2022-2023 vrac\u00ed k tradi\u010dn\u00ed \u010derven\u00e9 barv\u011b.<\/p>\n<p>Tipy pro tisk: Pokud jsou jm\u00e9no a \u010d\u00edslo na obr\u00e1zku p\u0159esn\u011b takov\u00e9, jak\u00e9 chcete, nemus\u00edte je zad\u00e1vat znovu. Pokud tomu tak nen\u00ed, m\u011bli byste zadat po\u017eadovan\u00e9 jm\u00e9no a \u010d\u00edslo.<\/p>\n<p>Tipy pro pran\u00ed: Doporu\u010dujeme pr\u00e1t fotbalov\u00e1 tri\u010dka v ruce. Pokud chcete pou\u017e\u00edt pra\u010dku, nezapome\u0148te fotbalov\u00e1 tri\u010dka obr\u00e1tit naruby a pot\u00e9 je vyprat. Pra\u010dku napl\u0148te studenou vodou a pou\u017eijte jemn\u00fd cyklus, abyste l\u00e9pe ochr\u00e1nili barvy.<\/p>","protected":false},"excerpt":{"rendered":"<p>Das neue Bayern M\u00fcnchen 22-23 Trikot hat ein einzigartiges Streifendesign auf der Vorderseite. Es besteht aus unterschiedlich gro\u00dfen wei\u00dfen Streifen, die ein bisschen wie ein Strichcode aussehen. Insgesamt gibt es 21 Streifen auf der Vorderseite. Auch bei den Farben bringt das neue Bayern 22-23 Trikot eine Ver\u00e4nderung.Nachdem das Trikot 21-22 in zwei Graut\u00f6nen gehalten war, [&hellip;]<\/p>","protected":false},"featured_media":4481,"comment_status":"open","ping_status":"closed","template":"","meta":[],"product_brand":[],"product_cat":[175],"product_tag":[136,137,20,21,22,23,24],"class_list":{"0":"post-4447","1":"product","2":"type-product","3":"status-publish","4":"has-post-thumbnail","6":"product_cat-bayern-munich","7":"product_tag-bayern-muenchen-heimtrikot","8":"product_tag-bayern-muenchen-trikots","9":"product_tag-coole-fussballtrikots","10":"product_tag-fussballtrikot-fuer-herren","11":"product_tag-fussballtrikot-guenstig-kaufen","12":"product_tag-fussballtrikot-kurzarm","13":"product_tag-guenstiges-fussballtrikot","15":"first","16":"instock","17":"shipping-taxable","18":"purchasable","19":"product-type-variable"},"_links":{"self":[{"href":"https:\/\/www.billigtrikotde.com\/cs\/wp-json\/wp\/v2\/product\/4447","targetHints":{"allow":["GET"]}}],"collection":[{"href":"https:\/\/www.billigtrikotde.com\/cs\/wp-json\/wp\/v2\/product"}],"about":[{"href":"https:\/\/www.billigtrikotde.com\/cs\/wp-json\/wp\/v2\/types\/product"}],"replies":[{"embeddable":true,"href":"https:\/\/www.billigtrikotde.com\/cs\/wp-json\/wp\/v2\/comments?post=4447"}],"wp:featuredmedia":[{"embeddable":true,"href":"https:\/\/www.billigtrikotde.com\/cs\/wp-json\/wp\/v2\/media\/4481"}],"wp:attachment":[{"href":"https:\/\/www.billigtrikotde.com\/cs\/wp-json\/wp\/v2\/media?parent=4447"}],"wp:term":[{"taxonomy":"product_brand","embeddable":true,"href":"https:\/\/www.billigtrikotde.com\/cs\/wp-json\/wp\/v2\/product_brand?post=4447"},{"taxonomy":"product_cat","embeddable":true,"href":"https:\/\/www.billigtrikotde.com\/cs\/wp-json\/wp\/v2\/product_cat?post=4447"},{"taxonomy":"product_tag","embeddable":true,"href":"https:\/\/www.billigtrikotde.com\/cs\/wp-json\/wp\/v2\/product_tag?post=4447"}],"curies":[{"name":"wp","href":"https:\/\/api.w.org\/{rel}","templated":true}]}}