{"id":4393,"date":"2024-10-23T15:47:33","date_gmt":"2024-10-23T13:47:33","guid":{"rendered":"http:\/\/billigtrikots.com\/?post_type=product&#038;p=4393"},"modified":"2024-10-23T15:49:43","modified_gmt":"2024-10-23T13:49:43","slug":"sancho-25-manchester-united-2022-23-heimtrikot-herren-trikot-kurze-hosen","status":"publish","type":"product","link":"https:\/\/www.billigtrikotde.com\/cs\/sancho-25-manchester-united-2022-23-heimtrikot-herren-trikot-kurze-hosen\/","title":{"rendered":"Sancho 25 Manchester United 2022-23 dom\u00e1c\u00ed dres p\u00e1nsk\u00fd dres + kr\u00e1tk\u00e9 kalhoty"},"content":{"rendered":"<p>Dres Adidas Manchester United 2022-2023 kombinuje sp\u00ed\u0161e tmav\u011b \u010dervenou hlavn\u00ed barvu s b\u00edl\u00fdm logem Adidas a \u010dern\u00fdmi t\u0159emi pruhy.<\/p>\n<p>Co dres \u010din\u00ed zvl\u00e1\u0161tn\u00edm, je polo l\u00edmec. B\u00edl\u00fd l\u00edmec je opat\u0159en troj\u00faheln\u00edkov\u00fdm designem inspirovan\u00fdm rokem 1994.<\/p>\n<p>Podkolenky dom\u00e1c\u00edho dresu Manchester United 22-23 kombinuj\u00ed tradi\u010dn\u00ed hlavn\u00ed barvu \u010dernou s \u010dervenou. Na p\u0159edn\u00ed stran\u011b maj\u00ed \u010derven\u00e9ho Red Devil a na zadn\u00ed stran\u011b b\u00edl\u00e9 logo Adidas. Horn\u00ed \u010d\u00e1st je \u010derven\u00e1 s \u010dern\u00fdmi t\u0159emi pruhy.<\/p>\n<p>Dres Man United 22-23 m\u00e1 \u0161t\u00edtek s vyobrazen\u00fdm logem Manchester United. \u0160t\u00edtek m\u00e1 tvar p\u011bti\u00faheln\u00edku a je v o n\u011bco tmav\u0161\u00ed \u010derven\u00e9 barv\u011b ne\u017e zbytek dresu. Je tak\u00e9 lemov\u00e1n tenk\u00fdm okrajem, kter\u00fd odd\u011bluje tvar.<\/p>\n<p>Tipy pro tisk: Pokud jsou jm\u00e9no a \u010d\u00edslo na obr\u00e1zku p\u0159esn\u011b takov\u00e9, jak\u00e9 chcete, nemus\u00edte je zad\u00e1vat znovu. Pokud tomu tak nen\u00ed, m\u011bli byste zadat po\u017eadovan\u00e9 jm\u00e9no a \u010d\u00edslo.<\/p>\n<p>Tipy pro pran\u00ed: Doporu\u010dujeme pr\u00e1t fotbalov\u00e1 tri\u010dka v ruce. Pokud chcete pou\u017e\u00edt pra\u010dku, nezapome\u0148te fotbalov\u00e1 tri\u010dka obr\u00e1tit naruby a pot\u00e9 je vyprat. Pra\u010dku napl\u0148te studenou vodou a pou\u017eijte jemn\u00fd cyklus, abyste l\u00e9pe ochr\u00e1nili barvy.<\/p>","protected":false},"excerpt":{"rendered":"<p>Dres Adidas Manchester United 2022-2023 kombinuje sp\u00ed\u0161e tmav\u011b \u010dervenou hlavn\u00ed barvu s b\u00edl\u00fdm logem Adidas a \u010dern\u00fdmi t\u0159emi pruhy. To, co dres \u010din\u00ed zvl\u00e1\u0161tn\u00edm, je l\u00edmec polo. B\u00edl\u00fd l\u00edmec je vybaven troj\u00faheln\u00edkov\u00fdm designem inspirovan\u00fdm z roku 1994. Podkolenky dom\u00e1c\u00edho dresu Manchester United 22-23 kombinuj\u00ed tradi\u010dn\u00ed hlavn\u00ed barvu \u010dernou s \u010dervenou. Maj\u00ed [\u2026]<\/p>","protected":false},"featured_media":4432,"comment_status":"open","ping_status":"closed","template":"","meta":[],"product_brand":[],"product_cat":[50],"product_tag":[20,21,22,23,54,24,141,52],"class_list":{"0":"post-4393","1":"product","2":"type-product","3":"status-publish","4":"has-post-thumbnail","6":"product_cat-manchester-united","7":"product_tag-coole-fussballtrikots","8":"product_tag-fussballtrikot-fuer-herren","9":"product_tag-fussballtrikot-guenstig-kaufen","10":"product_tag-fussballtrikot-kurzarm","11":"product_tag-fussballtrikot-set","12":"product_tag-guenstiges-fussballtrikot","13":"product_tag-manchester-united-heimtrikot","14":"product_tag-manchester-united-trikots","16":"first","17":"instock","18":"shipping-taxable","19":"purchasable","20":"product-type-variable"},"_links":{"self":[{"href":"https:\/\/www.billigtrikotde.com\/cs\/wp-json\/wp\/v2\/product\/4393","targetHints":{"allow":["GET"]}}],"collection":[{"href":"https:\/\/www.billigtrikotde.com\/cs\/wp-json\/wp\/v2\/product"}],"about":[{"href":"https:\/\/www.billigtrikotde.com\/cs\/wp-json\/wp\/v2\/types\/product"}],"replies":[{"embeddable":true,"href":"https:\/\/www.billigtrikotde.com\/cs\/wp-json\/wp\/v2\/comments?post=4393"}],"wp:featuredmedia":[{"embeddable":true,"href":"https:\/\/www.billigtrikotde.com\/cs\/wp-json\/wp\/v2\/media\/4432"}],"wp:attachment":[{"href":"https:\/\/www.billigtrikotde.com\/cs\/wp-json\/wp\/v2\/media?parent=4393"}],"wp:term":[{"taxonomy":"product_brand","embeddable":true,"href":"https:\/\/www.billigtrikotde.com\/cs\/wp-json\/wp\/v2\/product_brand?post=4393"},{"taxonomy":"product_cat","embeddable":true,"href":"https:\/\/www.billigtrikotde.com\/cs\/wp-json\/wp\/v2\/product_cat?post=4393"},{"taxonomy":"product_tag","embeddable":true,"href":"https:\/\/www.billigtrikotde.com\/cs\/wp-json\/wp\/v2\/product_tag?post=4393"}],"curies":[{"name":"wp","href":"https:\/\/api.w.org\/{rel}","templated":true}]}}