{"id":4387,"date":"2024-10-23T15:47:28","date_gmt":"2024-10-23T13:47:28","guid":{"rendered":"http:\/\/billigtrikots.com\/?post_type=product&#038;p=4387"},"modified":"2024-10-23T15:49:41","modified_gmt":"2024-10-23T13:49:41","slug":"manchester-united-2022-23-heimtrikot-herren-trikot-kurze-hosen-mit-aufdruck-van-de-beek-34","status":"publish","type":"product","link":"https:\/\/www.billigtrikotde.com\/cs\/manchester-united-2022-23-heimtrikot-herren-trikot-kurze-hosen-mit-aufdruck-van-de-beek-34\/","title":{"rendered":"Manchester United 2022-23 dom\u00e1c\u00ed dres p\u00e1nsk\u00fd dres + kr\u00e1tk\u00e9 kalhoty s potiskem VAN DE BEEK 34"},"content":{"rendered":"<p>Dres Adidas Manchester United 2022-2023 kombinuje sp\u00ed\u0161e tmav\u011b \u010dervenou hlavn\u00ed barvu s b\u00edl\u00fdm logem Adidas a \u010dern\u00fdmi t\u0159emi pruhy. To, co dres \u010din\u00ed zvl\u00e1\u0161tn\u00edm, je l\u00edmec polo. B\u00edl\u00fd l\u00edmec je vybaven troj\u00faheln\u00edkov\u00fdm designem inspirovan\u00fdm z roku 1994. Podkolenky dom\u00e1c\u00edho dresu Manchester United 22-23 kombinuj\u00ed tradi\u010dn\u00ed hlavn\u00ed barvu \u010dernou s \u010dervenou. Maj\u00ed [\u2026]<br \/>\nSie haben einen roten Red Devil auf der Vorderseite und ein wei\u00dfes Adidas-Logo auf der R\u00fcckseite. Die Oberseite ist rot mit schwarzen drei Streifen.<\/p>\n<p>Das Man United 22-23 Heimtrikot hat einen Schild, der das Logo von Manchester United zeigt. Der Schild hat die Form eines F\u00fcnfecks und einen etwas dunkleren Rotton als der Rest des Shirts. Es wird auch durch einen d\u00fcnnen Rand umrissen, um die Form zu trennen.<\/p>\n<p>Tipy pro tisk: Pokud jsou jm\u00e9no a \u010d\u00edslo na obr\u00e1zku p\u0159esn\u011b takov\u00e9, jak\u00e9 chcete, nemus\u00edte je zad\u00e1vat znovu. Pokud tomu tak nen\u00ed, m\u011bli byste zadat po\u017eadovan\u00e9 jm\u00e9no a \u010d\u00edslo.<\/p>\n<p>Tipy pro pran\u00ed: Doporu\u010dujeme pr\u00e1t fotbalov\u00e1 tri\u010dka v ruce. Pokud chcete pou\u017e\u00edt pra\u010dku, nezapome\u0148te fotbalov\u00e1 tri\u010dka obr\u00e1tit naruby a pot\u00e9 je vyprat.<\/p>","protected":false},"excerpt":{"rendered":"<p>Dres Adidas Manchester United 2022-2023 kombinuje sp\u00ed\u0161e tmav\u011b \u010dervenou hlavn\u00ed barvu s b\u00edl\u00fdm logem Adidas a \u010dern\u00fdmi t\u0159emi pruhy. To, co dres \u010din\u00ed zvl\u00e1\u0161tn\u00edm, je l\u00edmec polo. B\u00edl\u00fd l\u00edmec je vybaven troj\u00faheln\u00edkov\u00fdm designem inspirovan\u00fdm z roku 1994. Podkolenky dom\u00e1c\u00edho dresu Manchester United 22-23 kombinuj\u00ed tradi\u010dn\u00ed hlavn\u00ed barvu \u010dernou s \u010dervenou. Maj\u00ed [\u2026]<\/p>","protected":false},"featured_media":4421,"comment_status":"open","ping_status":"closed","template":"","meta":[],"product_brand":[],"product_cat":[50],"product_tag":[20,214,215,21,22,54,141,52],"class_list":{"0":"post-4387","1":"product","2":"type-product","3":"status-publish","4":"has-post-thumbnail","6":"product_cat-manchester-united","7":"product_tag-coole-fussballtrikots","8":"product_tag-fussball-fan-shop","9":"product_tag-fussball-trikot-kurzarm","10":"product_tag-fussballtrikot-fuer-herren","11":"product_tag-fussballtrikot-guenstig-kaufen","12":"product_tag-fussballtrikot-set","13":"product_tag-manchester-united-heimtrikot","14":"product_tag-manchester-united-trikots","16":"first","17":"instock","18":"shipping-taxable","19":"purchasable","20":"product-type-variable"},"_links":{"self":[{"href":"https:\/\/www.billigtrikotde.com\/cs\/wp-json\/wp\/v2\/product\/4387","targetHints":{"allow":["GET"]}}],"collection":[{"href":"https:\/\/www.billigtrikotde.com\/cs\/wp-json\/wp\/v2\/product"}],"about":[{"href":"https:\/\/www.billigtrikotde.com\/cs\/wp-json\/wp\/v2\/types\/product"}],"replies":[{"embeddable":true,"href":"https:\/\/www.billigtrikotde.com\/cs\/wp-json\/wp\/v2\/comments?post=4387"}],"wp:featuredmedia":[{"embeddable":true,"href":"https:\/\/www.billigtrikotde.com\/cs\/wp-json\/wp\/v2\/media\/4421"}],"wp:attachment":[{"href":"https:\/\/www.billigtrikotde.com\/cs\/wp-json\/wp\/v2\/media?parent=4387"}],"wp:term":[{"taxonomy":"product_brand","embeddable":true,"href":"https:\/\/www.billigtrikotde.com\/cs\/wp-json\/wp\/v2\/product_brand?post=4387"},{"taxonomy":"product_cat","embeddable":true,"href":"https:\/\/www.billigtrikotde.com\/cs\/wp-json\/wp\/v2\/product_cat?post=4387"},{"taxonomy":"product_tag","embeddable":true,"href":"https:\/\/www.billigtrikotde.com\/cs\/wp-json\/wp\/v2\/product_tag?post=4387"}],"curies":[{"name":"wp","href":"https:\/\/api.w.org\/{rel}","templated":true}]}}