{"id":4381,"date":"2024-10-23T15:46:57","date_gmt":"2024-10-23T13:46:57","guid":{"rendered":"http:\/\/billigtrikots.com\/?post_type=product&#038;p=4381"},"modified":"2024-10-23T15:49:09","modified_gmt":"2024-10-23T13:49:09","slug":"la-galaxy-2022-2023-heimtrikot-herren-fan-edition-fussballtrikot","status":"publish","type":"product","link":"https:\/\/www.billigtrikotde.com\/cs\/la-galaxy-2022-2023-heimtrikot-herren-fan-edition-fussballtrikot\/","title":{"rendered":"LA Galaxy 2022-2023 Home Shirt P\u00e1nsk\u00e9 fotbalov\u00e9 tri\u010dko z fanou\u0161kovsk\u00e9 edice"},"content":{"rendered":"<p>Sada se jmenuje City of Dreams a je poctou \u010dist\u00fdm, klasick\u00fdm a elegantn\u00edm b\u00edl\u00fdm souprav\u00e1m z historie galaxie s n\u00e1dechem LA, kter\u00e9 reprezentuj\u00ed M\u011bsto sn\u016f a M\u011bsto hv\u011bzd.<\/p>\n<p>Fotbalov\u00e9 tri\u010dko Adidas LA Galaxy 2022, kter\u00e9 je p\u0159ev\u00e1\u017en\u011b b\u00edl\u00e9, m\u00e1 tmav\u011b modr\u00fd l\u00edmec a 3 pruhy ve stejn\u00e9 barv\u011b na ramenou.<\/p>\n<p>V\u00fdrazn\u00fdm prvkem dom\u00e1c\u00edho dresu Adidas LA Galaxy 2022 je l\u00edmec a man\u017eety, kter\u00e9 jsou rovn\u011b\u017e tmav\u011b modr\u00e9 a maj\u00ed vzor kvazaru inspirovan\u00fd klubov\u00fdm znakem.<\/p>","protected":false},"excerpt":{"rendered":"<p>Es wird als \u201eCity of Dreams Kit\u201c bezeichnet und ehrt die sauberen, klassischen und eleganten wei\u00dfen Kits der Geschichte der Galaxis mit einem Hauch von LA, um die City of Dreams und die City of Stars darzustellen. Das Adidas LA Galaxy 2022 Fu\u00dfballtrikot, das haupts\u00e4chlich wei\u00df ist, hat einen marineblauen Kragen und 3 Streifen in [&hellip;]<\/p>","protected":false},"featured_media":4420,"comment_status":"open","ping_status":"closed","template":"","meta":[],"product_brand":[],"product_cat":[182],"product_tag":[20,21,22,23,24,183,184],"class_list":{"0":"post-4381","1":"product","2":"type-product","3":"status-publish","4":"has-post-thumbnail","6":"product_cat-la-galaxy","7":"product_tag-coole-fussballtrikots","8":"product_tag-fussballtrikot-fuer-herren","9":"product_tag-fussballtrikot-guenstig-kaufen","10":"product_tag-fussballtrikot-kurzarm","11":"product_tag-guenstiges-fussballtrikot","12":"product_tag-la-galaxy-away-shirt","13":"product_tag-la-galaxy-trikots","15":"first","16":"instock","17":"featured","18":"shipping-taxable","19":"purchasable","20":"product-type-variable"},"_links":{"self":[{"href":"https:\/\/www.billigtrikotde.com\/cs\/wp-json\/wp\/v2\/product\/4381","targetHints":{"allow":["GET"]}}],"collection":[{"href":"https:\/\/www.billigtrikotde.com\/cs\/wp-json\/wp\/v2\/product"}],"about":[{"href":"https:\/\/www.billigtrikotde.com\/cs\/wp-json\/wp\/v2\/types\/product"}],"replies":[{"embeddable":true,"href":"https:\/\/www.billigtrikotde.com\/cs\/wp-json\/wp\/v2\/comments?post=4381"}],"wp:featuredmedia":[{"embeddable":true,"href":"https:\/\/www.billigtrikotde.com\/cs\/wp-json\/wp\/v2\/media\/4420"}],"wp:attachment":[{"href":"https:\/\/www.billigtrikotde.com\/cs\/wp-json\/wp\/v2\/media?parent=4381"}],"wp:term":[{"taxonomy":"product_brand","embeddable":true,"href":"https:\/\/www.billigtrikotde.com\/cs\/wp-json\/wp\/v2\/product_brand?post=4381"},{"taxonomy":"product_cat","embeddable":true,"href":"https:\/\/www.billigtrikotde.com\/cs\/wp-json\/wp\/v2\/product_cat?post=4381"},{"taxonomy":"product_tag","embeddable":true,"href":"https:\/\/www.billigtrikotde.com\/cs\/wp-json\/wp\/v2\/product_tag?post=4381"}],"curies":[{"name":"wp","href":"https:\/\/api.w.org\/{rel}","templated":true}]}}