{"id":4309,"date":"2024-10-23T15:43:27","date_gmt":"2024-10-23T13:43:27","guid":{"rendered":"http:\/\/billigtrikots.com\/?post_type=product&#038;p=4309"},"modified":"2024-10-23T15:45:36","modified_gmt":"2024-10-23T13:45:36","slug":"manchester-city-ausweichtrikot-2021-22-dunkelblau-trikotsatz-fuer-kinder-mit-aufdruck-de-bruyne-17","status":"publish","type":"product","link":"https:\/\/www.billigtrikotde.com\/cs\/manchester-city-ausweichtrikot-2021-22-dunkelblau-trikotsatz-fuer-kinder-mit-aufdruck-de-bruyne-17\/","title":{"rendered":"D\u011btsk\u00e1 souprava Manchester City 2021\/22 tmav\u011b modr\u00fd dres s potiskem De Bruyne 17"},"content":{"rendered":"<p>T\u00edmto Ausweichtrikootem Manchester City FC 2021\/22 pro mu\u017ee od PUMA si m\u016f\u017eete znovu vyzvednout mistra z hautnahland, abyste v\u0161echno je\u0161t\u011b jednou ud\u011blali. Tento Top standardn\u00edho st\u0159ihu v barv\u011b Peacoat m\u00e1 kulat\u00fd v\u00fdst\u0159ih, kr\u00e1tk\u00e9 ruk\u00e1vy a lemovan\u00e9 zakon\u010den\u00ed. Vyr\u00e1b\u00ed se z lehk\u00e9ho polypropylenov\u00e9ho materi\u00e1lu s charakteristickou technologi\u00ed dryCELL pro chladn\u00fd komfort, kdy\u017e se to po\u0159\u00e1dn\u011b rozj\u00ed\u017ed\u00ed. S ikonick\u00fdm wappenem, kter\u00e9 je opakovan\u011b um\u00edst\u011bn\u00e9 po cel\u00e9m triku, je toto triko s ikonick\u00fdmi logy Classic Cat, sponzory klubu a Manchester City brandingem na hrudi.<\/p>\n<p>Tipy pro tisk: Pokud jsou jm\u00e9no a \u010d\u00edslo na obr\u00e1zku p\u0159esn\u011b takov\u00e9, jak\u00e9 chcete, nemus\u00edte je zad\u00e1vat znovu. Pokud tomu tak nen\u00ed, m\u011bli byste zadat po\u017eadovan\u00e9 jm\u00e9no a \u010d\u00edslo.<\/p>\n<p>Tipy pro pran\u00ed: Doporu\u010dujeme pr\u00e1t fotbalov\u00e1 tri\u010dka v ruce. Pokud chcete pou\u017e\u00edt pra\u010dku, nezapome\u0148te fotbalov\u00e1 tri\u010dka obr\u00e1tit naruby a pot\u00e9 je vyprat. Pra\u010dku napl\u0148te studenou vodou a pou\u017eijte jemn\u00fd cyklus, abyste l\u00e9pe ochr\u00e1nili barvy.<\/p>","protected":false},"excerpt":{"rendered":"<p>Mit diesem Manchester City FC 2021\/22 Ausweichtrikot f\u00fcr Herren von PUMA kannst du die Meister von hautnahland zur\u00fcckholen, um alles noch einmal zu tun. Dieses Standard-Fit-Top in der Farbe Peacoat hat einen Rundhalsausschnitt, kurze \u00c4rmel und gerippte Abschl\u00fcsse. Es besteht aus leichtem Poly-Gewebe mit charakteristischer dryCELL-Technologie f\u00fcr k\u00fchlen Komfort, wenn es hei\u00df hergeht. Mit dem [&hellip;]<\/p>","protected":false},"featured_media":4348,"comment_status":"open","ping_status":"closed","template":"","meta":[],"product_brand":[],"product_cat":[144],"product_tag":[20,94,203,84,145],"class_list":{"0":"post-4309","1":"product","2":"type-product","3":"status-publish","4":"has-post-thumbnail","6":"product_cat-manchester-city-kindertrikot","7":"product_tag-coole-fussballtrikots","8":"product_tag-kinder-fussball-trikotsatz","9":"product_tag-manchester-city-ausweichtrikot","10":"product_tag-manchester-city-trikots","11":"product_tag-manchester-city-trikotsatz-fuer-kinder","13":"first","14":"instock","15":"shipping-taxable","16":"purchasable","17":"product-type-variable"},"_links":{"self":[{"href":"https:\/\/www.billigtrikotde.com\/cs\/wp-json\/wp\/v2\/product\/4309","targetHints":{"allow":["GET"]}}],"collection":[{"href":"https:\/\/www.billigtrikotde.com\/cs\/wp-json\/wp\/v2\/product"}],"about":[{"href":"https:\/\/www.billigtrikotde.com\/cs\/wp-json\/wp\/v2\/types\/product"}],"replies":[{"embeddable":true,"href":"https:\/\/www.billigtrikotde.com\/cs\/wp-json\/wp\/v2\/comments?post=4309"}],"wp:featuredmedia":[{"embeddable":true,"href":"https:\/\/www.billigtrikotde.com\/cs\/wp-json\/wp\/v2\/media\/4348"}],"wp:attachment":[{"href":"https:\/\/www.billigtrikotde.com\/cs\/wp-json\/wp\/v2\/media?parent=4309"}],"wp:term":[{"taxonomy":"product_brand","embeddable":true,"href":"https:\/\/www.billigtrikotde.com\/cs\/wp-json\/wp\/v2\/product_brand?post=4309"},{"taxonomy":"product_cat","embeddable":true,"href":"https:\/\/www.billigtrikotde.com\/cs\/wp-json\/wp\/v2\/product_cat?post=4309"},{"taxonomy":"product_tag","embeddable":true,"href":"https:\/\/www.billigtrikotde.com\/cs\/wp-json\/wp\/v2\/product_tag?post=4309"}],"curies":[{"name":"wp","href":"https:\/\/api.w.org\/{rel}","templated":true}]}}