{"id":427,"date":"2024-10-23T12:48:33","date_gmt":"2024-10-23T10:48:33","guid":{"rendered":"http:\/\/billigtrikots.com\/?post_type=product&#038;p=427"},"modified":"2024-10-23T12:50:34","modified_gmt":"2024-10-23T10:50:34","slug":"drittes-trikot-fc-barcelona-herren-2021-22-mit-griezmann-7-individualdruck","status":"publish","type":"product","link":"https:\/\/www.billigtrikotde.com\/cs\/drittes-trikot-fc-barcelona-herren-2021-22-mit-griezmann-7-individualdruck\/","title":{"rendered":"T\u0159et\u00ed dres FC Barcelona mu\u017ei 2021\/22 s individu\u00e1ln\u00edm potiskem Griezmann 7"},"content":{"rendered":"<p>Das Sportshirt von Nike in Blau l\u00e4sst dich die Farben deines Lieblingsclubs tragen und allen zeigen, wof\u00fcr dein Herz schl\u00e4gt. Als echter FC Barcelona-Fan brauchst du dieses Ausweich-Sportshirt, das die Spieler in der Primera Division tragen. Das atmungsaktive, leichte, schwei\u00dfableitende und bequeme Modell \u00fcberzeugt auf ganzer Linie. Es besticht optisch mit einem Vereinswappen auf der Brust. Mit diesem Shirt kannst du noch leistungsf\u00e4higer werden und dich auf das n\u00e4chste Spiel vorbereiten. Lasse dieses blaue Trikot mit Streifen-Muster zu deinem treuen Begleiter werden.<\/p>\n<p>Tipy pro tisk: Pokud jsou jm\u00e9no a \u010d\u00edslo na obr\u00e1zku p\u0159esn\u011b takov\u00e9, jak\u00e9 chcete, nemus\u00edte je zad\u00e1vat znovu. Pokud tomu tak nen\u00ed, m\u011bli byste zadat po\u017eadovan\u00e9 jm\u00e9no a \u010d\u00edslo.<\/p>\n<p>Tipy pro pran\u00ed: Doporu\u010dujeme pr\u00e1t fotbalov\u00e1 tri\u010dka v ruce. Pokud chcete pou\u017e\u00edt pra\u010dku, nezapome\u0148te fotbalov\u00e1 tri\u010dka obr\u00e1tit naruby a pot\u00e9 je vyprat. Pra\u010dku napl\u0148te studenou vodou a pou\u017eijte jemn\u00fd cyklus, abyste l\u00e9pe ochr\u00e1nili barvy.<\/p>","protected":false},"excerpt":{"rendered":"<p>Sportovn\u00ed tri\u010dko od Nike v modr\u00e9 barv\u011b ti umo\u017en\u00ed nosit barvy sv\u00e9ho obl\u00edben\u00e9ho klubu a uk\u00e1zat v\u0161em, za co tv\u00e9 srdce bije. Jako prav\u00fd fanou\u0161ek FC Barcelona pot\u0159ebuje\u0161 toto n\u00e1hradn\u00ed sportovn\u00ed tri\u010dko, kter\u00e9 nos\u00ed hr\u00e1\u010di v Primera Division. Prody\u0161n\u00fd, lehk\u00fd, odv\u00e1d\u011bj\u00edc\u00ed pot a pohodln\u00fd model p\u0159esv\u011bd\u010d\u00ed na prvn\u00ed pohled. Vypad\u00e1 skv\u011ble s klubov\u00fdm znakem na [\u2026]<\/p>","protected":false},"featured_media":464,"comment_status":"open","ping_status":"closed","template":"","meta":[],"product_brand":[],"product_cat":[31],"product_tag":[20,37,33,21,22,23,24],"class_list":{"0":"post-427","1":"product","2":"type-product","3":"status-publish","4":"has-post-thumbnail","6":"product_cat-fc-barcelona","7":"product_tag-coole-fussballtrikots","8":"product_tag-fc-barcelona-ausweichtrikot","9":"product_tag-fc-barcelona-trikots","10":"product_tag-fussballtrikot-fuer-herren","11":"product_tag-fussballtrikot-guenstig-kaufen","12":"product_tag-fussballtrikot-kurzarm","13":"product_tag-guenstiges-fussballtrikot","15":"first","16":"instock","17":"shipping-taxable","18":"purchasable","19":"product-type-variable"},"_links":{"self":[{"href":"https:\/\/www.billigtrikotde.com\/cs\/wp-json\/wp\/v2\/product\/427","targetHints":{"allow":["GET"]}}],"collection":[{"href":"https:\/\/www.billigtrikotde.com\/cs\/wp-json\/wp\/v2\/product"}],"about":[{"href":"https:\/\/www.billigtrikotde.com\/cs\/wp-json\/wp\/v2\/types\/product"}],"replies":[{"embeddable":true,"href":"https:\/\/www.billigtrikotde.com\/cs\/wp-json\/wp\/v2\/comments?post=427"}],"wp:featuredmedia":[{"embeddable":true,"href":"https:\/\/www.billigtrikotde.com\/cs\/wp-json\/wp\/v2\/media\/464"}],"wp:attachment":[{"href":"https:\/\/www.billigtrikotde.com\/cs\/wp-json\/wp\/v2\/media?parent=427"}],"wp:term":[{"taxonomy":"product_brand","embeddable":true,"href":"https:\/\/www.billigtrikotde.com\/cs\/wp-json\/wp\/v2\/product_brand?post=427"},{"taxonomy":"product_cat","embeddable":true,"href":"https:\/\/www.billigtrikotde.com\/cs\/wp-json\/wp\/v2\/product_cat?post=427"},{"taxonomy":"product_tag","embeddable":true,"href":"https:\/\/www.billigtrikotde.com\/cs\/wp-json\/wp\/v2\/product_tag?post=427"}],"curies":[{"name":"wp","href":"https:\/\/api.w.org\/{rel}","templated":true}]}}