{"id":4151,"date":"2024-10-23T15:35:56","date_gmt":"2024-10-23T13:35:56","guid":{"rendered":"http:\/\/billigtrikots.com\/?post_type=product&#038;p=4151"},"modified":"2025-06-16T16:03:55","modified_gmt":"2025-06-16T14:03:55","slug":"juventus-turin-herren-auswaerts-trikot-2021-22-schwarz-weiss-mit-aufdruck-bonucci-19","status":"publish","type":"product","link":"https:\/\/www.billigtrikotde.com\/cs\/juventus-turin-herren-auswaerts-trikot-2021-22-schwarz-weiss-mit-aufdruck-bonucci-19\/","title":{"rendered":"Juventus Tur\u00edn P\u00e1nsk\u00fd dres 2021\/22 \u010dern\u00e1\/b\u00edl\u00e1 s potiskem Bonucci 19"},"content":{"rendered":"<p>Zbrusu nov\u00fd p\u00e1nsk\u00fd venkovn\u00ed dres Juventusu Tur\u00edn je jako v\u017edy opat\u0159en hrd\u00fdm klubov\u00fdm odznakem na srdcov\u00e9 stran\u011b a zdob\u00ed ho logo adidas, design 3 pruh\u016f a ofici\u00e1ln\u00ed n\u00e1pis sponzora.<\/p>\n<p>Nov\u00fd p\u00e1nsk\u00fd dres JUVE je vyroben z m\u011bkk\u00e9ho materi\u00e1lu Aeroready a nab\u00edz\u00ed optim\u00e1ln\u00ed odvod tepla a vlhkosti, tak\u017ee v\u00e1s udr\u017e\u00ed v suchu a pohodl\u00ed za v\u0161ech okolnost\u00ed. D\u00edky \u017eebrovan\u00e9mu l\u00edmci a m\u00edrn\u011b \u0161ir\u0161\u00edmu st\u0159ihu ne\u017e samotn\u00fd hr\u00e1\u010dsk\u00fd dres v\u00e1m tak\u00e9 nab\u00edz\u00ed maxim\u00e1ln\u00ed volnost pohybu ve v\u0161ech sm\u011brech, abyste mohli v\u017edy pod\u00e1vat perfektn\u00ed v\u00fdkony - a\u0165 u\u017e na h\u0159i\u0161ti, ve voln\u00e9m \u010dase nebo p\u0159i tr\u00e9ninku.<\/p>\n<p>Tipy pro tisk: Pokud jsou jm\u00e9no a \u010d\u00edslo na obr\u00e1zku p\u0159esn\u011b takov\u00e9, jak\u00e9 chcete, nemus\u00edte je zad\u00e1vat znovu. Pokud tomu tak nen\u00ed, m\u011bli byste zadat po\u017eadovan\u00e9 jm\u00e9no a \u010d\u00edslo.<\/p>\n<p>Tipy pro pran\u00ed: Doporu\u010dujeme pr\u00e1t fotbalov\u00e1 tri\u010dka v ruce. Pokud chcete pou\u017e\u00edt pra\u010dku, nezapome\u0148te fotbalov\u00e1 tri\u010dka obr\u00e1tit naruby a pot\u00e9 je vyprat.<\/p>","protected":false},"excerpt":{"rendered":"<p>Zcela nov\u00e9 p\u00e1nsk\u00e9 venkovn\u00ed triko Juventusu Tur\u00edn m\u00e1 samoz\u0159ejm\u011b jako v\u017edy hrd\u00fd klubov\u00fd erb na hrudi a je ozdobeno logem adidas, designem t\u0159\u00ed pruh\u016f a ofici\u00e1ln\u00edm slogane sponsora. Vyrobeno z m\u011bkk\u00e9ho materi\u00e1lu Aeroready, nov\u00e9 p\u00e1nsk\u00e9 triko JUVE nab\u00edz\u00ed optim\u00e1ln\u00ed \u0159\u00edzen\u00ed tepla a vlhkosti a t\u00edm v\u017edy [\u2026]<\/p>","protected":false},"featured_media":4193,"comment_status":"open","ping_status":"closed","template":"","meta":[],"product_brand":[],"product_cat":[59],"product_tag":[20,38,21,24,150,61],"class_list":{"0":"post-4151","1":"product","2":"type-product","3":"status-publish","4":"has-post-thumbnail","6":"product_cat-juventus","7":"product_tag-coole-fussballtrikots","8":"product_tag-fussball-trikot-langarm","9":"product_tag-fussballtrikot-fuer-herren","10":"product_tag-guenstiges-fussballtrikot","11":"product_tag-juventus-auswaertstrikot","12":"product_tag-juventus-trikots","14":"first","15":"instock","16":"shipping-taxable","17":"purchasable","18":"product-type-variable"},"_links":{"self":[{"href":"https:\/\/www.billigtrikotde.com\/cs\/wp-json\/wp\/v2\/product\/4151","targetHints":{"allow":["GET"]}}],"collection":[{"href":"https:\/\/www.billigtrikotde.com\/cs\/wp-json\/wp\/v2\/product"}],"about":[{"href":"https:\/\/www.billigtrikotde.com\/cs\/wp-json\/wp\/v2\/types\/product"}],"replies":[{"embeddable":true,"href":"https:\/\/www.billigtrikotde.com\/cs\/wp-json\/wp\/v2\/comments?post=4151"}],"wp:featuredmedia":[{"embeddable":true,"href":"https:\/\/www.billigtrikotde.com\/cs\/wp-json\/wp\/v2\/media\/4193"}],"wp:attachment":[{"href":"https:\/\/www.billigtrikotde.com\/cs\/wp-json\/wp\/v2\/media?parent=4151"}],"wp:term":[{"taxonomy":"product_brand","embeddable":true,"href":"https:\/\/www.billigtrikotde.com\/cs\/wp-json\/wp\/v2\/product_brand?post=4151"},{"taxonomy":"product_cat","embeddable":true,"href":"https:\/\/www.billigtrikotde.com\/cs\/wp-json\/wp\/v2\/product_cat?post=4151"},{"taxonomy":"product_tag","embeddable":true,"href":"https:\/\/www.billigtrikotde.com\/cs\/wp-json\/wp\/v2\/product_tag?post=4151"}],"curies":[{"name":"wp","href":"https:\/\/api.w.org\/{rel}","templated":true}]}}