{"id":4126,"date":"2024-10-23T15:34:49","date_gmt":"2024-10-23T13:34:49","guid":{"rendered":"http:\/\/billigtrikots.com\/?post_type=product&#038;p=4126"},"modified":"2024-10-23T15:37:23","modified_gmt":"2024-10-23T13:37:23","slug":"herren-trikotsatz-kurzarm-boca-juniors-2021-22-heimtrikot-blau","status":"publish","type":"product","link":"https:\/\/www.billigtrikotde.com\/cs\/herren-trikotsatz-kurzarm-boca-juniors-2021-22-heimtrikot-blau\/","title":{"rendered":"P\u00e1nsk\u00fd dresov\u00fd set s kr\u00e1tk\u00fdm ruk\u00e1vem Boca Juniors 2021\/22 dom\u00e1c\u00ed dres modr\u00e1"},"content":{"rendered":"<p>1981. fotbalov\u00e1 legenda debutuje za Boca Juniors a jej\u00ed dres v klubu z\u00edsk\u00e1 zvl\u00e1\u0161tn\u00ed postaven\u00ed. O \u010dty\u0159icet let pozd\u011bji Adidas oslavuje toto jedine\u010dn\u00e9 spojen\u00ed znov vyd\u00e1n\u00edm klasiky se zpe\u010den\u00fdm \u010dty\u0159hv\u011bzdi\u010dkov\u00fdm logem. Design pro fanou\u0161ky je z m\u011bkk\u00e9ho materi\u00e1lu s technologi\u00ed AEROREADY pro absorpci vlhkosti a zaru\u010duje such\u00fd a pohodln\u00fd pocit p\u0159i no\u0161en\u00ed. Tento produkt je Primegreen: vyroben\u00fd z r\u016fzn\u00fdch funk\u010dn\u00edch recyklovan\u00fdch materi\u00e1l\u016f.<\/p>\n<p>Tipy pro tisk: Pokud jsou jm\u00e9no a \u010d\u00edslo na obr\u00e1zku p\u0159esn\u011b takov\u00e9, jak\u00e9 chcete, nemus\u00edte je zad\u00e1vat znovu. Pokud tomu tak nen\u00ed, m\u011bli byste zadat po\u017eadovan\u00e9 jm\u00e9no a \u010d\u00edslo.<\/p>\n<p>Tipy pro pran\u00ed: Doporu\u010dujeme pr\u00e1t fotbalov\u00e1 tri\u010dka v ruce. Pokud chcete pou\u017e\u00edt pra\u010dku, nezapome\u0148te fotbalov\u00e1 tri\u010dka obr\u00e1tit naruby a pot\u00e9 je vyprat. Pra\u010dku napl\u0148te studenou vodou a pou\u017eijte jemn\u00fd cyklus, abyste l\u00e9pe ochr\u00e1nili barvy.<\/p>","protected":false},"excerpt":{"rendered":"<p>1981. Eine Fu\u00dfball-Legende gibt ihr Deb\u00fct bei den Boca Juniors und ihr Trikot bekommt daraufhin bei dem Verein einen ganz besonderen Status. Vierzig Jahre sp\u00e4ter feiert adidas diese einzigartige Verbindung mit einer Neuauflage des Klassikers mit dem aufgeflockten Vier-Sterne-Logo. Das Design f\u00fcr Fans ist aus weichem Material mit feuchtigkeitsabsorbierender AEROREADY Technologie und garantiert ein angenehm [&hellip;]<\/p>","protected":false},"featured_media":4169,"comment_status":"open","ping_status":"closed","template":"","meta":[],"product_brand":[],"product_cat":[15],"product_tag":[20,208,207,21,22,23,24],"class_list":{"0":"post-4126","1":"product","2":"type-product","3":"status-publish","4":"has-post-thumbnail","6":"product_cat-unkategorisiert","7":"product_tag-coole-fussballtrikots","8":"product_tag-boca-juniors-heimtrikot","9":"product_tag-boca-juniors-trikots","10":"product_tag-fussballtrikot-fuer-herren","11":"product_tag-fussballtrikot-guenstig-kaufen","12":"product_tag-fussballtrikot-kurzarm","13":"product_tag-guenstiges-fussballtrikot","15":"first","16":"instock","17":"shipping-taxable","18":"purchasable","19":"product-type-variable"},"_links":{"self":[{"href":"https:\/\/www.billigtrikotde.com\/cs\/wp-json\/wp\/v2\/product\/4126","targetHints":{"allow":["GET"]}}],"collection":[{"href":"https:\/\/www.billigtrikotde.com\/cs\/wp-json\/wp\/v2\/product"}],"about":[{"href":"https:\/\/www.billigtrikotde.com\/cs\/wp-json\/wp\/v2\/types\/product"}],"replies":[{"embeddable":true,"href":"https:\/\/www.billigtrikotde.com\/cs\/wp-json\/wp\/v2\/comments?post=4126"}],"wp:featuredmedia":[{"embeddable":true,"href":"https:\/\/www.billigtrikotde.com\/cs\/wp-json\/wp\/v2\/media\/4169"}],"wp:attachment":[{"href":"https:\/\/www.billigtrikotde.com\/cs\/wp-json\/wp\/v2\/media?parent=4126"}],"wp:term":[{"taxonomy":"product_brand","embeddable":true,"href":"https:\/\/www.billigtrikotde.com\/cs\/wp-json\/wp\/v2\/product_brand?post=4126"},{"taxonomy":"product_cat","embeddable":true,"href":"https:\/\/www.billigtrikotde.com\/cs\/wp-json\/wp\/v2\/product_cat?post=4126"},{"taxonomy":"product_tag","embeddable":true,"href":"https:\/\/www.billigtrikotde.com\/cs\/wp-json\/wp\/v2\/product_tag?post=4126"}],"curies":[{"name":"wp","href":"https:\/\/api.w.org\/{rel}","templated":true}]}}