{"id":4124,"date":"2024-10-23T15:34:48","date_gmt":"2024-10-23T13:34:48","guid":{"rendered":"http:\/\/billigtrikots.com\/?post_type=product&#038;p=4124"},"modified":"2024-10-23T15:36:51","modified_gmt":"2024-10-23T13:36:51","slug":"guenstige-boca-juniors-2021-22-auswaertstrikot-kaufen-mit-eigenem-namen","status":"publish","type":"product","link":"https:\/\/www.billigtrikotde.com\/cs\/guenstige-boca-juniors-2021-22-auswaertstrikot-kaufen-mit-eigenem-namen\/","title":{"rendered":"Levn\u00fd Boca Juniors 2021\/22 venkovn\u00ed dres k n\u00e1kupu s vlastn\u00edm jm\u00e9nem"},"content":{"rendered":"<p>Tyto barvy nos\u00ed kluci z Boca Juniors jen m\u00e1lokdy, ale okam\u017eit\u011b p\u0159ipom\u00ednaj\u00ed slavn\u00e9 okam\u017eiky klubu v historii. Na venkovn\u00edch z\u00e1pasech v sez\u00f3n\u011b 21\/22 jsou hv\u011bzdy Boca Juniors k vid\u011bn\u00ed v \u0161ed\u00fdch trenk\u00e1ch Adidas jako tomto. Vlhkost odpuzuj\u00edc\u00ed technologie AEROREADY a m\u011bkk\u00fd materi\u00e1l zaji\u0161\u0165uj\u00ed pohodln\u00e9 no\u0161en\u00ed i pro fanou\u0161ky. Logo klubu se odleh\u010den\u00e9ho allover potisku odli\u0161uje a ukazuje v\u0161em, za jak\u00fd t\u00fdm ti srdce bije. Tento v\u00fdrobek je Primegreen: vyroben\u00fd z r\u016fzn\u00fdch funk\u010dn\u00edch recyklovan\u00fdch materi\u00e1l\u016f.<\/p>\n<p>Tipy pro tisk: Pokud jsou jm\u00e9no a \u010d\u00edslo na obr\u00e1zku p\u0159esn\u011b takov\u00e9, jak\u00e9 chcete, nemus\u00edte je zad\u00e1vat znovu. Pokud tomu tak nen\u00ed, m\u011bli byste zadat po\u017eadovan\u00e9 jm\u00e9no a \u010d\u00edslo.<\/p>\n<p>Tipy pro pran\u00ed: Doporu\u010dujeme pr\u00e1t fotbalov\u00e1 tri\u010dka v ruce. Pokud chcete pou\u017e\u00edt pra\u010dku, nezapome\u0148te fotbalov\u00e1 tri\u010dka obr\u00e1tit naruby a pot\u00e9 je vyprat. Pra\u010dku napl\u0148te studenou vodou a pou\u017eijte jemn\u00fd cyklus, abyste l\u00e9pe ochr\u00e1nili barvy.<\/p>","protected":false},"excerpt":{"rendered":"<p>Diese Farbe tragen die Jungs der Boca Juniors selten, aber sie erinnert sofort an ruhmreiche Momente der Vereinsgeschichte. Bei Ausw\u00e4rtsspielen in der Saison 21\/22 sind die Stars von Boca Juniors in grauen adidas Trikots wie diesem zu sehen. Die feuchtigkeitsabsorbierende AEROREADY Technologie und das weiche Material sorgen auch bei den Fans f\u00fcr ein angenehmes Tragegef\u00fchl. [&hellip;]<\/p>","protected":false},"featured_media":4168,"comment_status":"open","ping_status":"closed","template":"","meta":[],"product_brand":[],"product_cat":[15],"product_tag":[20,206,207,21,22,23,24],"class_list":{"0":"post-4124","1":"product","2":"type-product","3":"status-publish","4":"has-post-thumbnail","6":"product_cat-unkategorisiert","7":"product_tag-coole-fussballtrikots","8":"product_tag-boca-juniors-auswaertstrikot","9":"product_tag-boca-juniors-trikots","10":"product_tag-fussballtrikot-fuer-herren","11":"product_tag-fussballtrikot-guenstig-kaufen","12":"product_tag-fussballtrikot-kurzarm","13":"product_tag-guenstiges-fussballtrikot","15":"first","16":"instock","17":"shipping-taxable","18":"purchasable","19":"product-type-variable"},"_links":{"self":[{"href":"https:\/\/www.billigtrikotde.com\/cs\/wp-json\/wp\/v2\/product\/4124","targetHints":{"allow":["GET"]}}],"collection":[{"href":"https:\/\/www.billigtrikotde.com\/cs\/wp-json\/wp\/v2\/product"}],"about":[{"href":"https:\/\/www.billigtrikotde.com\/cs\/wp-json\/wp\/v2\/types\/product"}],"replies":[{"embeddable":true,"href":"https:\/\/www.billigtrikotde.com\/cs\/wp-json\/wp\/v2\/comments?post=4124"}],"wp:featuredmedia":[{"embeddable":true,"href":"https:\/\/www.billigtrikotde.com\/cs\/wp-json\/wp\/v2\/media\/4168"}],"wp:attachment":[{"href":"https:\/\/www.billigtrikotde.com\/cs\/wp-json\/wp\/v2\/media?parent=4124"}],"wp:term":[{"taxonomy":"product_brand","embeddable":true,"href":"https:\/\/www.billigtrikotde.com\/cs\/wp-json\/wp\/v2\/product_brand?post=4124"},{"taxonomy":"product_cat","embeddable":true,"href":"https:\/\/www.billigtrikotde.com\/cs\/wp-json\/wp\/v2\/product_cat?post=4124"},{"taxonomy":"product_tag","embeddable":true,"href":"https:\/\/www.billigtrikotde.com\/cs\/wp-json\/wp\/v2\/product_tag?post=4124"}],"curies":[{"name":"wp","href":"https:\/\/api.w.org\/{rel}","templated":true}]}}