{"id":4119,"date":"2024-10-23T15:34:20","date_gmt":"2024-10-23T13:34:20","guid":{"rendered":"http:\/\/billigtrikots.com\/?post_type=product&#038;p=4119"},"modified":"2024-10-23T15:36:50","modified_gmt":"2024-10-23T13:36:50","slug":"as-rom-ausweichtrikot-2021-22-bestellen-gelb-und-dunkelblau","status":"publish","type":"product","link":"https:\/\/www.billigtrikotde.com\/cs\/as-rom-ausweichtrikot-2021-22-bestellen-gelb-und-dunkelblau\/","title":{"rendered":"AS Roma alternativn\u00ed dres 2021\/22 objedn\u00e1vka \u017elut\u00e1 a tmav\u011b modr\u00e1"},"content":{"rendered":"<p>AS Roma fotbalov\u00e9 dresy 3. fotbalov\u00e9ho dresu 2021-2022, obsahuj\u00ed nejen aktu\u00e1ln\u00ed klubov\u00e9 logo na lev\u00e9 hrudi, ale takzvan\u00e9 Lupetto logo. Toto logo se vyzna\u010duje hlavou vlka a bylo v obdob\u00ed 1977\u20131997 logem AS Roma. Krom\u011b toho byly do dresu za\u010dlen\u011bny v\u0161echny klubov\u00e9 barvy AS Roma a tyto barvy byly dopln\u011bny tmav\u011b modrou. T\u011blo stavebnice je \u017elut\u00e9 a je ozna\u010deno diagon\u00e1ln\u00edm tmav\u011b modr\u00fdm a burgundov\u00fdm pruhem od lev\u00e9ho ramene po doln\u00ed prav\u00fd roh stavebnice. Tento p\u00e1s je lemov\u00e1n ten\u010d\u00edmi \u010darami ve stejn\u00fdch barv\u00e1ch. Ruk\u00e1vy dresu jsou modr\u00e9 a dole maj\u00ed \u010derven\u00fd p\u00e1s. Tento man\u017eetov\u00fd p\u00e1s m\u00e1 \u017elutou grafiku New Balance. Jedn\u00e1 se o grafiku v\u00fdrazn\u00fdch pruh\u016f inspirovanou pruhy loga New Balance. Na prav\u00e9m prsu se nach\u00e1z\u00ed logo americk\u00e9 sportovn\u00ed zna\u010dky v tmav\u011b modr\u00e9 a hlavn\u00ed sponzor Digitalbits zdob\u00ed st\u0159ed dresu v b\u00edl\u00e9. Jm\u00e9no klubu je vyti\u0161t\u011bno na z\u00e1dech zadn\u00ed \u010d\u00e1sti dresu a spodn\u00ed sponzor Hyundai se nach\u00e1z\u00ed dole na zadn\u00ed stran\u011b fotbalov\u00e9ho dresu. Dres zavr\u0161uj\u00ed \u017elut\u00e9 fotbalov\u00e9 \u0161ortky se \u010dervenou oblast\u00ed dole po stran\u00e1ch. Pono\u017eky jsou tak\u00e9 \u017elut\u00e9 a obsahuj\u00ed jak tmav\u011b modr\u00e9, tak \u010derven\u00e9 p\u00e1sy. \u010cerven\u00fd p\u00e1s obsahuje logo NB a n\u00e1zev klubu.<\/p>\n<p>Jako v\u0161echny dresy New Balance jsou fotbalov\u00e9 dresy AS Roma vybaveny technologi\u00ed NB Dry. Tento syst\u00e9m je integrov\u00e1n do materi\u00e1lu (100% Polyester) dresu a zaji\u0161\u0165uje dokonal\u00fd odvod vlhkosti a ventilaci.<\/p>\n<p>Tipy pro tisk: Pokud jsou jm\u00e9no a \u010d\u00edslo na obr\u00e1zku p\u0159esn\u011b takov\u00e9, jak\u00e9 chcete, nemus\u00edte je zad\u00e1vat znovu. Pokud tomu tak nen\u00ed, m\u011bli byste zadat po\u017eadovan\u00e9 jm\u00e9no a \u010d\u00edslo.<\/p>\n<p>Tipy pro pran\u00ed: Doporu\u010dujeme pr\u00e1t fotbalov\u00e1 tri\u010dka v ruce. Pokud chcete pou\u017e\u00edt pra\u010dku, nezapome\u0148te fotbalov\u00e1 tri\u010dka obr\u00e1tit naruby a pot\u00e9 je vyprat. Pra\u010dku napl\u0148te studenou vodou a pou\u017eijte jemn\u00fd cyklus, abyste l\u00e9pe ochr\u00e1nili barvy.<\/p>","protected":false},"excerpt":{"rendered":"<p>Das AS Rom 3. Fu\u00dfballtrikot 2021-2022 enth\u00e4lt nicht das aktuelle Vereinslogo auf der linken Brust, sondern das sogenannte Lupetto-Logo. Dieses Logo zeichnet sich durch den Kopf eines Wolfes aus und war im Zeitraum 1977-1997 das Logo der AS Roma. Dar\u00fcber hinaus wurden alle Vereinsfarben des AS Roma in das Trikot eingearbeitet und diese Farben mit [&hellip;]<\/p>","protected":false},"featured_media":4167,"comment_status":"open","ping_status":"closed","template":"","meta":[],"product_brand":[],"product_cat":[85],"product_tag":[205,87,20,21,22,23,24],"class_list":{"0":"post-4119","1":"product","2":"type-product","3":"status-publish","4":"has-post-thumbnail","6":"product_cat-as-roma","7":"product_tag-as-rom-ausweichtrikot","8":"product_tag-as-roma-trikots","9":"product_tag-coole-fussballtrikots","10":"product_tag-fussballtrikot-fuer-herren","11":"product_tag-fussballtrikot-guenstig-kaufen","12":"product_tag-fussballtrikot-kurzarm","13":"product_tag-guenstiges-fussballtrikot","15":"first","16":"instock","17":"shipping-taxable","18":"purchasable","19":"product-type-variable"},"_links":{"self":[{"href":"https:\/\/www.billigtrikotde.com\/cs\/wp-json\/wp\/v2\/product\/4119","targetHints":{"allow":["GET"]}}],"collection":[{"href":"https:\/\/www.billigtrikotde.com\/cs\/wp-json\/wp\/v2\/product"}],"about":[{"href":"https:\/\/www.billigtrikotde.com\/cs\/wp-json\/wp\/v2\/types\/product"}],"replies":[{"embeddable":true,"href":"https:\/\/www.billigtrikotde.com\/cs\/wp-json\/wp\/v2\/comments?post=4119"}],"wp:featuredmedia":[{"embeddable":true,"href":"https:\/\/www.billigtrikotde.com\/cs\/wp-json\/wp\/v2\/media\/4167"}],"wp:attachment":[{"href":"https:\/\/www.billigtrikotde.com\/cs\/wp-json\/wp\/v2\/media?parent=4119"}],"wp:term":[{"taxonomy":"product_brand","embeddable":true,"href":"https:\/\/www.billigtrikotde.com\/cs\/wp-json\/wp\/v2\/product_brand?post=4119"},{"taxonomy":"product_cat","embeddable":true,"href":"https:\/\/www.billigtrikotde.com\/cs\/wp-json\/wp\/v2\/product_cat?post=4119"},{"taxonomy":"product_tag","embeddable":true,"href":"https:\/\/www.billigtrikotde.com\/cs\/wp-json\/wp\/v2\/product_tag?post=4119"}],"curies":[{"name":"wp","href":"https:\/\/api.w.org\/{rel}","templated":true}]}}