{"id":4113,"date":"2024-10-23T15:34:15","date_gmt":"2024-10-23T13:34:15","guid":{"rendered":"http:\/\/billigtrikots.com\/?post_type=product&#038;p=4113"},"modified":"2024-10-23T15:36:20","modified_gmt":"2024-10-23T13:36:20","slug":"sporting-cp-2021-22-herren-heimtrikot-weiss-gruen-trikotsatz-kurzarm-kurze-hosen","status":"publish","type":"product","link":"https:\/\/www.billigtrikotde.com\/cs\/sporting-cp-2021-22-herren-heimtrikot-weiss-gruen-trikotsatz-kurzarm-kurze-hosen\/","title":{"rendered":"Sporting CP 2021\/22 p\u00e1nsk\u00fd dom\u00e1c\u00ed dres b\u00edl\u00e1 zelen\u00e1 sadu dres\u016f kr\u00e1tk\u00fd ruk\u00e1v + kr\u00e1tk\u00e9 \u0161ortky"},"content":{"rendered":"<p>S ofici\u00e1ln\u00edm dom\u00e1c\u00edm dressem Nizozemska pro mu\u017ee vyj\u00e1d\u0159\u00ed\u0161 svou podporu a podpo\u0159\u00ed\u0161 sv\u016fj t\u00fdm na Mistrovstv\u00ed Evropy 2021. Materi\u00e1l Nike Breathe s technologi\u00ed Dri-FIT nab\u00edz\u00ed p\u0159\u00edjemn\u011b such\u00fd pocit p\u0159i no\u0161en\u00ed, a\u0165 u\u017e na h\u0159i\u0161ti nebo p\u0159i fand\u011bn\u00ed z tribuny. Klasick\u00e9 prvky, jako je znak svazu na hrudi, dokazuj\u00ed tvou v\u00e1\u0161e\u0148 pro holandsk\u00fd [...]<\/p>\n<p>Tipy pro tisk: Pokud jsou jm\u00e9no a \u010d\u00edslo na obr\u00e1zku p\u0159esn\u011b takov\u00e9, jak\u00e9 chcete, nemus\u00edte je zad\u00e1vat znovu. Pokud tomu tak nen\u00ed, m\u011bli byste zadat po\u017eadovan\u00e9 jm\u00e9no a \u010d\u00edslo.<\/p>\n<p>Tipy pro pran\u00ed: Doporu\u010dujeme pr\u00e1t fotbalov\u00e1 tri\u010dka v ruce. Pokud chcete pou\u017e\u00edt pra\u010dku, nezapome\u0148te fotbalov\u00e1 tri\u010dka obr\u00e1tit naruby a pot\u00e9 je vyprat. Pra\u010dku napl\u0148te studenou vodou a pou\u017eijte jemn\u00fd cyklus, abyste l\u00e9pe ochr\u00e1nili barvy.<\/p>","protected":false},"excerpt":{"rendered":"<p>S ofici\u00e1ln\u00edm dom\u00e1c\u00edm dressem Nizozemska pro mu\u017ee vyj\u00e1d\u0159\u00ed\u0161 svou podporu a podpo\u0159\u00ed\u0161 sv\u016fj t\u00fdm na Mistrovstv\u00ed Evropy 2021. Materi\u00e1l Nike Breathe s technologi\u00ed Dri-FIT nab\u00edz\u00ed p\u0159\u00edjemn\u011b such\u00fd pocit p\u0159i no\u0161en\u00ed, a\u0165 u\u017e na h\u0159i\u0161ti nebo p\u0159i fand\u011bn\u00ed z tribuny. Klasick\u00e9 prvky, jako je znak svazu na hrudi, dokazuj\u00ed tvou v\u00e1\u0161e\u0148 pro holandsk\u00fd [...]<\/p>","protected":false},"featured_media":4158,"comment_status":"open","ping_status":"closed","template":"","meta":[],"product_brand":[],"product_cat":[15],"product_tag":[20,21,22,23,24,201,202],"class_list":{"0":"post-4113","1":"product","2":"type-product","3":"status-publish","4":"has-post-thumbnail","6":"product_cat-unkategorisiert","7":"product_tag-coole-fussballtrikots","8":"product_tag-fussballtrikot-fuer-herren","9":"product_tag-fussballtrikot-guenstig-kaufen","10":"product_tag-fussballtrikot-kurzarm","11":"product_tag-guenstiges-fussballtrikot","12":"product_tag-sporting-cp-heimtrikot","13":"product_tag-sporting-cp-trikots","15":"first","16":"instock","17":"shipping-taxable","18":"purchasable","19":"product-type-variable"},"_links":{"self":[{"href":"https:\/\/www.billigtrikotde.com\/cs\/wp-json\/wp\/v2\/product\/4113","targetHints":{"allow":["GET"]}}],"collection":[{"href":"https:\/\/www.billigtrikotde.com\/cs\/wp-json\/wp\/v2\/product"}],"about":[{"href":"https:\/\/www.billigtrikotde.com\/cs\/wp-json\/wp\/v2\/types\/product"}],"replies":[{"embeddable":true,"href":"https:\/\/www.billigtrikotde.com\/cs\/wp-json\/wp\/v2\/comments?post=4113"}],"wp:featuredmedia":[{"embeddable":true,"href":"https:\/\/www.billigtrikotde.com\/cs\/wp-json\/wp\/v2\/media\/4158"}],"wp:attachment":[{"href":"https:\/\/www.billigtrikotde.com\/cs\/wp-json\/wp\/v2\/media?parent=4113"}],"wp:term":[{"taxonomy":"product_brand","embeddable":true,"href":"https:\/\/www.billigtrikotde.com\/cs\/wp-json\/wp\/v2\/product_brand?post=4113"},{"taxonomy":"product_cat","embeddable":true,"href":"https:\/\/www.billigtrikotde.com\/cs\/wp-json\/wp\/v2\/product_cat?post=4113"},{"taxonomy":"product_tag","embeddable":true,"href":"https:\/\/www.billigtrikotde.com\/cs\/wp-json\/wp\/v2\/product_tag?post=4113"}],"curies":[{"name":"wp","href":"https:\/\/api.w.org\/{rel}","templated":true}]}}