{"id":4106,"date":"2024-10-23T15:33:46","date_gmt":"2024-10-23T13:33:46","guid":{"rendered":"http:\/\/billigtrikots.com\/?post_type=product&#038;p=4106"},"modified":"2024-10-23T15:36:19","modified_gmt":"2024-10-23T13:36:19","slug":"heimtrikot-atletico-madrid-stadion-2021-22-rot-weiss","status":"publish","type":"product","link":"https:\/\/www.billigtrikotde.com\/cs\/heimtrikot-atletico-madrid-stadion-2021-22-rot-weiss\/","title":{"rendered":"Dom\u00e1c\u00ed tri\u010dko Atl\u00e9tico Madrid Stadium 2021\/22 \u010derven\u00e1\/b\u00edl\u00e1"},"content":{"rendered":"<p>Jako i ostatn\u00ed trikoty z na\u0161\u00ed stadionov\u00e9 kolekce kombinuje trikot Atl\u00e9tika Madrid opakuj\u00edc\u00ed se designov\u00e9 detaily s materi\u00e1lem odv\u00e1d\u011bj\u00edc\u00edm pot, aby v\u00e1m poskytl hraj\u00edc\u00ed vzhled inspirovan\u00fd va\u0161\u00edm obl\u00edben\u00fdm t\u00fdmem.<\/p>\n<p>Technologie Nike Dri-FIT odv\u00e1d\u00ed pot od poko\u017eky a zaji\u0161\u0165uje rychlej\u0161\u00ed odpa\u0159ov\u00e1n\u00ed, abyste z\u016fstali such\u00ed a pohodln\u00ed.<br \/>\nReplika\u010dn\u00ed design je inspirov\u00e1n t\u00edm, co nos\u00ed profesion\u00e1lov\u00e9 na h\u0159i\u0161ti.<\/p>\n<p>Tipy pro tisk: Pokud jsou jm\u00e9no a \u010d\u00edslo na obr\u00e1zku p\u0159esn\u011b takov\u00e9, jak\u00e9 chcete, nemus\u00edte je zad\u00e1vat znovu. Pokud tomu tak nen\u00ed, m\u011bli byste zadat po\u017eadovan\u00e9 jm\u00e9no a \u010d\u00edslo.<\/p>\n<p>Tipy pro pran\u00ed: Doporu\u010dujeme pr\u00e1t fotbalov\u00e1 tri\u010dka v ruce. Pokud chcete pou\u017e\u00edt pra\u010dku, nezapome\u0148te fotbalov\u00e1 tri\u010dka obr\u00e1tit naruby a pot\u00e9 je vyprat. Pra\u010dku napl\u0148te studenou vodou a pou\u017eijte jemn\u00fd cyklus, abyste l\u00e9pe ochr\u00e1nili barvy.<\/p>","protected":false},"excerpt":{"rendered":"<p>Wie die anderen Trikots aus unserer Stadium-Kollektion kombiniert das Atletico Madrid-Trikot wiederkehrende Designdetails mit schwei\u00dfableitendem Material, um Ihnen einen spielbereiten Look zu bieten, der von Ihrem Lieblingsteam inspiriert ist. Die Nike Dri-FIT-Technologie leitet den Schwei\u00df von der Haut weg und sorgt f\u00fcr eine schnellere Verdunstung, damit Sie trocken und komfortabel bleiben. Das Replika-Design ist inspiriert [&hellip;]<\/p>","protected":false},"featured_media":4154,"comment_status":"open","ping_status":"closed","template":"","meta":[],"product_brand":[],"product_cat":[88],"product_tag":[89,90,20,21,22,23,24],"class_list":{"0":"post-4106","1":"product","2":"type-product","3":"status-publish","4":"has-post-thumbnail","6":"product_cat-atletico-madrid","7":"product_tag-atletico-madrid-heimtrikot","8":"product_tag-atletico-madrid-trikots","9":"product_tag-coole-fussballtrikots","10":"product_tag-fussballtrikot-fuer-herren","11":"product_tag-fussballtrikot-guenstig-kaufen","12":"product_tag-fussballtrikot-kurzarm","13":"product_tag-guenstiges-fussballtrikot","15":"first","16":"instock","17":"shipping-taxable","18":"purchasable","19":"product-type-variable"},"_links":{"self":[{"href":"https:\/\/www.billigtrikotde.com\/cs\/wp-json\/wp\/v2\/product\/4106","targetHints":{"allow":["GET"]}}],"collection":[{"href":"https:\/\/www.billigtrikotde.com\/cs\/wp-json\/wp\/v2\/product"}],"about":[{"href":"https:\/\/www.billigtrikotde.com\/cs\/wp-json\/wp\/v2\/types\/product"}],"replies":[{"embeddable":true,"href":"https:\/\/www.billigtrikotde.com\/cs\/wp-json\/wp\/v2\/comments?post=4106"}],"wp:featuredmedia":[{"embeddable":true,"href":"https:\/\/www.billigtrikotde.com\/cs\/wp-json\/wp\/v2\/media\/4154"}],"wp:attachment":[{"href":"https:\/\/www.billigtrikotde.com\/cs\/wp-json\/wp\/v2\/media?parent=4106"}],"wp:term":[{"taxonomy":"product_brand","embeddable":true,"href":"https:\/\/www.billigtrikotde.com\/cs\/wp-json\/wp\/v2\/product_brand?post=4106"},{"taxonomy":"product_cat","embeddable":true,"href":"https:\/\/www.billigtrikotde.com\/cs\/wp-json\/wp\/v2\/product_cat?post=4106"},{"taxonomy":"product_tag","embeddable":true,"href":"https:\/\/www.billigtrikotde.com\/cs\/wp-json\/wp\/v2\/product_tag?post=4106"}],"curies":[{"name":"wp","href":"https:\/\/api.w.org\/{rel}","templated":true}]}}