{"id":4090,"date":"2024-10-23T15:33:07","date_gmt":"2024-10-23T13:33:07","guid":{"rendered":"http:\/\/billigtrikots.com\/?post_type=product&#038;p=4090"},"modified":"2024-10-23T15:35:18","modified_gmt":"2024-10-23T13:35:18","slug":"fussballtrikot-atletico-madrid-2021-22-stadium-trikot-home-mit-aufdruck-vrsaljko-24","status":"publish","type":"product","link":"https:\/\/www.billigtrikotde.com\/cs\/fussballtrikot-atletico-madrid-2021-22-stadium-trikot-home-mit-aufdruck-vrsaljko-24\/","title":{"rendered":"Fotbalov\u00e9 tri\u010dko Atl\u00e9tico Madrid 2021\/22 Stadium Shirt Home s potiskem VRSALJKO 24"},"content":{"rendered":"<p>S tri\u010dkem v \u010derven\u00e9 barv\u011b p\u0159ich\u00e1z\u00ed Nike s produktem, kter\u00fd ti umo\u017en\u00ed podporovat tv\u016fj obl\u00edben\u00fd klub v dobr\u00fdch i \u0161patn\u00fdch \u010dasech srdcem a oddanost\u00ed. Ka\u017ed\u00fd zap\u00e1len\u00fd fanou\u0161ek Atl\u00e9tica Madrid pot\u0159ebuje toto dom\u00e1c\u00ed tri\u010dko, proto\u017ee ho nos\u00ed i hr\u00e1\u010di v Primera Division. Je prody\u0161n\u00e9, pohodln\u00e9 a lehk\u00e9. Skv\u011bl\u00fd vzhled tohoto sportovn\u00edho topu je podtr\u017een logem klubu na hrudi. S t\u00edmto sportovn\u00edm topem jsi ide\u00e1ln\u011b p\u0159ipraven na ka\u017ed\u00fd tr\u00e9nink a z\u00e1pas. S t\u00edmto \u010derven\u00fdm sportovn\u00edm topem s pruhovan\u00fdm vzorem podtrhne\u0161 sv\u016fj styl.<\/p>\n<p>Tipy pro tisk: Pokud jsou jm\u00e9no a \u010d\u00edslo na obr\u00e1zku p\u0159esn\u011b takov\u00e9, jak\u00e9 chcete, nemus\u00edte je zad\u00e1vat znovu. Pokud tomu tak nen\u00ed, m\u011bli byste zadat po\u017eadovan\u00e9 jm\u00e9no a \u010d\u00edslo.<\/p>\n<p>Tipy pro pran\u00ed: Doporu\u010dujeme pr\u00e1t fotbalov\u00e1 tri\u010dka v ruce. Pokud chcete pou\u017e\u00edt pra\u010dku, nezapome\u0148te fotbalov\u00e1 tri\u010dka obr\u00e1tit naruby a pot\u00e9 je vyprat. Pra\u010dku napl\u0148te studenou vodou a pou\u017eijte jemn\u00fd cyklus, abyste l\u00e9pe ochr\u00e1nili barvy.<\/p>","protected":false},"excerpt":{"rendered":"<p>Mit dem Trikot in Rot bringt Nike ein Produkt an den Start, mit dem du deinen Lieblingsverein in guten wie in schlechten Zeiten mit Herzblut und Hingabe unterst\u00fctzen kannst. Jeder eingefleischte Atletico Madrid-Supporter braucht dieses Heim-Trikot, denn auch die Spieler tragen es in der Primera Division. Es ist atmungsaktiv, bequem und leicht. Die tolle Optik [&hellip;]<\/p>","protected":false},"featured_media":4131,"comment_status":"open","ping_status":"closed","template":"","meta":[],"product_brand":[],"product_cat":[88],"product_tag":[89,90,20,21,22,23,24],"class_list":{"0":"post-4090","1":"product","2":"type-product","3":"status-publish","4":"has-post-thumbnail","6":"product_cat-atletico-madrid","7":"product_tag-atletico-madrid-heimtrikot","8":"product_tag-atletico-madrid-trikots","9":"product_tag-coole-fussballtrikots","10":"product_tag-fussballtrikot-fuer-herren","11":"product_tag-fussballtrikot-guenstig-kaufen","12":"product_tag-fussballtrikot-kurzarm","13":"product_tag-guenstiges-fussballtrikot","15":"first","16":"instock","17":"shipping-taxable","18":"purchasable","19":"product-type-variable"},"_links":{"self":[{"href":"https:\/\/www.billigtrikotde.com\/cs\/wp-json\/wp\/v2\/product\/4090","targetHints":{"allow":["GET"]}}],"collection":[{"href":"https:\/\/www.billigtrikotde.com\/cs\/wp-json\/wp\/v2\/product"}],"about":[{"href":"https:\/\/www.billigtrikotde.com\/cs\/wp-json\/wp\/v2\/types\/product"}],"replies":[{"embeddable":true,"href":"https:\/\/www.billigtrikotde.com\/cs\/wp-json\/wp\/v2\/comments?post=4090"}],"wp:featuredmedia":[{"embeddable":true,"href":"https:\/\/www.billigtrikotde.com\/cs\/wp-json\/wp\/v2\/media\/4131"}],"wp:attachment":[{"href":"https:\/\/www.billigtrikotde.com\/cs\/wp-json\/wp\/v2\/media?parent=4090"}],"wp:term":[{"taxonomy":"product_brand","embeddable":true,"href":"https:\/\/www.billigtrikotde.com\/cs\/wp-json\/wp\/v2\/product_brand?post=4090"},{"taxonomy":"product_cat","embeddable":true,"href":"https:\/\/www.billigtrikotde.com\/cs\/wp-json\/wp\/v2\/product_cat?post=4090"},{"taxonomy":"product_tag","embeddable":true,"href":"https:\/\/www.billigtrikotde.com\/cs\/wp-json\/wp\/v2\/product_tag?post=4090"}],"curies":[{"name":"wp","href":"https:\/\/api.w.org\/{rel}","templated":true}]}}