{"id":4066,"date":"2024-10-23T15:32:00","date_gmt":"2024-10-23T13:32:00","guid":{"rendered":"http:\/\/billigtrikots.com\/?post_type=product&#038;p=4066"},"modified":"2024-10-23T15:34:10","modified_gmt":"2024-10-23T13:34:10","slug":"atletico-madrid-auswaertstrikot-2021-2022-marineblau-und-pink-kurzarm-kurze-hosen","status":"publish","type":"product","link":"https:\/\/www.billigtrikotde.com\/cs\/atletico-madrid-auswaertstrikot-2021-2022-marineblau-und-pink-kurzarm-kurze-hosen\/","title":{"rendered":"V\u00fdjezdn\u00ed dres Atl\u00e9tico Madrid 2021\/2022 n\u00e1mo\u0159nick\u00e1 modr\u00e1 a r\u016f\u017eov\u00e1 s kr\u00e1tk\u00fdm ruk\u00e1vem + \u0161ortky"},"content":{"rendered":"<p>Z\u00cdSKEJTE NYN\u00cd zcela nov\u00e9 p\u00e1nsk\u00e9 dom\u00e1c\u00ed dres Nike Atl\u00e9tico Madrid 2021\/22 a korunujte se v origin\u00e1ln\u00edm stylu v\u00fdjime\u010dn\u00fdch talent\u016f! Od te\u010f spojujete stylovou jistotu s podporou, aby va\u0161i hrdinov\u00e9 c\u00edtili va\u0161i celou n\u00e1klonnost!<\/p>\n<p>S inovativn\u00ed technologi\u00ed Nike Dri-FIT je va\u0161e poten\u00ed ihned odv\u00e1d\u011bno a vy si u\u017e\u00edv\u00e1te zcela such\u00fd komfort! Tud\u00ed\u017e nemus\u00edte b\u011bhem tr\u00e9ninku ani p\u0159i fand\u011bn\u00ed p\u0159em\u00fd\u0161let o potu.<\/p>\n<p>D\u00edky vroubkovan\u00e9mu v\u00fdst\u0159ihu skv\u011ble sed\u00ed na va\u0161em t\u011ble a umo\u017e\u0148uje \u00fa\u017easn\u00fd st\u0159ih, ani\u017e by doch\u00e1zelo k nep\u0159\u00edjemn\u00e9mu podr\u00e1\u017ed\u011bn\u00ed! Tri\u010dko z 100% polyesteru je odoln\u00e9 a tvarov\u011b st\u00e1l\u00e9, abyste b\u011bhem v\u0161ech va\u0161ich pohyb\u016f byli perfektn\u011b podpo\u0159eni! Replica dres vypad\u00e1 n\u00e1padn\u011b podobn\u011b jako dresy va\u0161ich profesion\u00e1l\u016f, je v\u0161ak o n\u011bco voln\u011bj\u0161\u00ed a poskytuje v\u00e1m tak maxim\u00e1ln\u00ed volnost pohybu!<\/p>\n<p>Obzvl\u00e1\u0161t\u011b p\u016fsobiv\u00fd je stylov\u011b v\u011brn\u00fd vzhled! S touto tajnou zbran\u00ed vypad\u00e1te jako va\u0161i fotbalov\u00ed idole a korunujete se profesionalitou! Autentick\u00e1 klubov\u00e1 erb vyjad\u0159uje va\u0161i loajalitu a spolu s cool Nike-Swooshem vytv\u00e1\u0159\u00ed skute\u010dn\u00fd \u201e\u00fachvat\u201c!<\/p>\n<p>Tipy pro tisk: Pokud jsou jm\u00e9no a \u010d\u00edslo na obr\u00e1zku p\u0159esn\u011b takov\u00e9, jak\u00e9 chcete, nemus\u00edte je zad\u00e1vat znovu. Pokud tomu tak nen\u00ed, m\u011bli byste zadat po\u017eadovan\u00e9 jm\u00e9no a \u010d\u00edslo.<\/p>\n<p>Tipy pro pran\u00ed: Doporu\u010dujeme pr\u00e1t fotbalov\u00e1 tri\u010dka v ruce. Pokud chcete pou\u017e\u00edt pra\u010dku, nezapome\u0148te fotbalov\u00e1 tri\u010dka obr\u00e1tit naruby a pot\u00e9 je vyprat. Pra\u010dku napl\u0148te studenou vodou a pou\u017eijte jemn\u00fd cyklus, abyste l\u00e9pe ochr\u00e1nili barvy.<\/p>","protected":false},"excerpt":{"rendered":"<p>Hol dir JETZT das brandneue Nike Atl\u00e9tico Madrid Herren Ausw\u00e4rts Trikot 2021\/22 und kr\u00f6ne dich im originalen Stil der Ausnahmetalente! Ab sofort vereinst du Stilsicherheit mit Support, damit deine Helden deine ganze Zuneugung sp\u00fcren! Mit der innovativen Nike Dri-FIT Technologie ausgestattet, wird dein Schwei\u00df sofort abgeleitet und du genie\u00dft absolut trockenen Komfort! Somit musst du [&hellip;]<\/p>","protected":false},"featured_media":4107,"comment_status":"open","ping_status":"closed","template":"","meta":[],"product_brand":[],"product_cat":[88],"product_tag":[200,90,20,21,22,23,24],"class_list":{"0":"post-4066","1":"product","2":"type-product","3":"status-publish","4":"has-post-thumbnail","6":"product_cat-atletico-madrid","7":"product_tag-atletico-madrid-auswaertstrikot","8":"product_tag-atletico-madrid-trikots","9":"product_tag-coole-fussballtrikots","10":"product_tag-fussballtrikot-fuer-herren","11":"product_tag-fussballtrikot-guenstig-kaufen","12":"product_tag-fussballtrikot-kurzarm","13":"product_tag-guenstiges-fussballtrikot","15":"first","16":"instock","17":"shipping-taxable","18":"purchasable","19":"product-type-variable"},"_links":{"self":[{"href":"https:\/\/www.billigtrikotde.com\/cs\/wp-json\/wp\/v2\/product\/4066","targetHints":{"allow":["GET"]}}],"collection":[{"href":"https:\/\/www.billigtrikotde.com\/cs\/wp-json\/wp\/v2\/product"}],"about":[{"href":"https:\/\/www.billigtrikotde.com\/cs\/wp-json\/wp\/v2\/types\/product"}],"replies":[{"embeddable":true,"href":"https:\/\/www.billigtrikotde.com\/cs\/wp-json\/wp\/v2\/comments?post=4066"}],"wp:featuredmedia":[{"embeddable":true,"href":"https:\/\/www.billigtrikotde.com\/cs\/wp-json\/wp\/v2\/media\/4107"}],"wp:attachment":[{"href":"https:\/\/www.billigtrikotde.com\/cs\/wp-json\/wp\/v2\/media?parent=4066"}],"wp:term":[{"taxonomy":"product_brand","embeddable":true,"href":"https:\/\/www.billigtrikotde.com\/cs\/wp-json\/wp\/v2\/product_brand?post=4066"},{"taxonomy":"product_cat","embeddable":true,"href":"https:\/\/www.billigtrikotde.com\/cs\/wp-json\/wp\/v2\/product_cat?post=4066"},{"taxonomy":"product_tag","embeddable":true,"href":"https:\/\/www.billigtrikotde.com\/cs\/wp-json\/wp\/v2\/product_tag?post=4066"}],"curies":[{"name":"wp","href":"https:\/\/api.w.org\/{rel}","templated":true}]}}