{"id":3992,"date":"2024-10-23T15:28:30","date_gmt":"2024-10-23T13:28:30","guid":{"rendered":"http:\/\/billigtrikots.com\/?post_type=product&#038;p=3992"},"modified":"2024-10-23T15:30:44","modified_gmt":"2024-10-23T13:30:44","slug":"los-angeles-fc-lafc-2021-black-gold-replica-jersey-wright-phillips-66","status":"publish","type":"product","link":"https:\/\/www.billigtrikotde.com\/cs\/los-angeles-fc-lafc-2021-black-gold-replica-jersey-wright-phillips-66\/","title":{"rendered":"Los Angeles FC LAFC 2021 \u010dern\u00fd zlat\u00fd replikov\u00fd dres Wright-Phillips 66"},"content":{"rendered":"<p>Milujete sledov\u00e1n\u00ed LAFC na h\u0159i\u0161ti, tak si jist\u011b zajist\u00edte, \u017ee budou spr\u00e1vn\u011b vybaveni t\u00edmto hlavn\u00edm replika\u010dn\u00edm dresu hr\u00e1\u010de Bradley Wright-Phillips 2021! Tento dres adidas m\u00e1 ostr\u00e9 t\u00fdmov\u00e9 grafiky, kter\u00e9 hrd\u011b ukazuj\u00ed va\u0161eho mlad\u00e9ho fanou\u0161ka LAFC. Technologie AEROREADY udr\u017e\u00ed va\u0161eho mlad\u00e9ho fanou\u0161ka vypadat co nejl\u00e9pe, zat\u00edmco povzbuzuje sv\u016fj t\u00fdm [...]<\/p>\n<p>Chceme, aby fanou\u0161ci oslavovali sv\u016fj fandom t\u00edm, \u017ee si ur\u010dit\u00e9 produkty p\u0159izp\u016fsob\u00ed a personalizuj\u00ed. U t\u011bchto p\u0159izp\u016fsobiteln\u00fdch produkt\u016f, v\u010detn\u011b dres\u016f, vyz\u00fdv\u00e1me z\u00e1kazn\u00edky, aby n\u00e1m sd\u011blili, jak si p\u0159ej\u00ed, aby se jejich preferovan\u00e9 jm\u00e9no nebo jin\u00fd text zobrazoval, a to tak, \u017ee tento text nap\u00ed\u0161\u00ed do uveden\u00e9ho pole.<\/p>","protected":false},"excerpt":{"rendered":"<p>Milujete sledov\u00e1n\u00ed LAFC na h\u0159i\u0161ti, tak si jist\u011b zajist\u00edte, \u017ee budou spr\u00e1vn\u011b vybaveni t\u00edmto hlavn\u00edm replika\u010dn\u00edm dresu hr\u00e1\u010de Bradley Wright-Phillips 2021! Tento dres adidas m\u00e1 ostr\u00e9 t\u00fdmov\u00e9 grafiky, kter\u00e9 hrd\u011b ukazuj\u00ed va\u0161eho mlad\u00e9ho fanou\u0161ka LAFC. Technologie AEROREADY udr\u017e\u00ed va\u0161eho mlad\u00e9ho fanou\u0161ka vypadat co nejl\u00e9pe, zat\u00edmco povzbuzuje sv\u016fj t\u00fdm [...]<\/p>","protected":false},"featured_media":4034,"comment_status":"open","ping_status":"closed","template":"","meta":[],"product_brand":[],"product_cat":[196],"product_tag":[20,21,22,23,24,197,198,199],"class_list":{"0":"post-3992","1":"product","2":"type-product","3":"status-publish","4":"has-post-thumbnail","6":"product_cat-los-angeles-fc","7":"product_tag-coole-fussballtrikots","8":"product_tag-fussballtrikot-fuer-herren","9":"product_tag-fussballtrikot-guenstig-kaufen","10":"product_tag-fussballtrikot-kurzarm","11":"product_tag-guenstiges-fussballtrikot","12":"product_tag-lafc-jerseys","13":"product_tag-los-angeles-fc-home-replica-jersey","14":"product_tag-replica-jersey","16":"first","17":"instock","18":"shipping-taxable","19":"purchasable","20":"product-type-variable"},"_links":{"self":[{"href":"https:\/\/www.billigtrikotde.com\/cs\/wp-json\/wp\/v2\/product\/3992","targetHints":{"allow":["GET"]}}],"collection":[{"href":"https:\/\/www.billigtrikotde.com\/cs\/wp-json\/wp\/v2\/product"}],"about":[{"href":"https:\/\/www.billigtrikotde.com\/cs\/wp-json\/wp\/v2\/types\/product"}],"replies":[{"embeddable":true,"href":"https:\/\/www.billigtrikotde.com\/cs\/wp-json\/wp\/v2\/comments?post=3992"}],"wp:featuredmedia":[{"embeddable":true,"href":"https:\/\/www.billigtrikotde.com\/cs\/wp-json\/wp\/v2\/media\/4034"}],"wp:attachment":[{"href":"https:\/\/www.billigtrikotde.com\/cs\/wp-json\/wp\/v2\/media?parent=3992"}],"wp:term":[{"taxonomy":"product_brand","embeddable":true,"href":"https:\/\/www.billigtrikotde.com\/cs\/wp-json\/wp\/v2\/product_brand?post=3992"},{"taxonomy":"product_cat","embeddable":true,"href":"https:\/\/www.billigtrikotde.com\/cs\/wp-json\/wp\/v2\/product_cat?post=3992"},{"taxonomy":"product_tag","embeddable":true,"href":"https:\/\/www.billigtrikotde.com\/cs\/wp-json\/wp\/v2\/product_tag?post=3992"}],"curies":[{"name":"wp","href":"https:\/\/api.w.org\/{rel}","templated":true}]}}