{"id":3978,"date":"2024-10-23T15:27:55","date_gmt":"2024-10-23T13:27:55","guid":{"rendered":"http:\/\/billigtrikots.com\/?post_type=product&#038;p=3978"},"modified":"2024-10-23T15:30:08","modified_gmt":"2024-10-23T13:30:08","slug":"atlanta-united-fc-black-red-2022-home-replica-jersey","status":"publish","type":"product","link":"https:\/\/www.billigtrikotde.com\/cs\/atlanta-united-fc-black-red-2022-home-replica-jersey\/","title":{"rendered":"Atlanta United FC Black Red 2022 Dom\u00e1c\u00ed replika dresu"},"content":{"rendered":"<p>V\u00e1\u0161 mlad\u00fd fanou\u0161ek je obrovsk\u00fd fanou\u0161ek Atlanta United FC a kdykoli se na h\u0159i\u0161ti objev\u00ed, va\u0161e d\u00edt\u011b je nalad\u011bn\u00e9. Ujist\u011bte se, \u017ee je spr\u00e1vn\u011b vyzbrojen, kdy\u017e si po\u0159\u00edd\u00ed tento 2021 The BLVCK Kit Replica Jersey! Je vzru\u0161uj\u00edc\u00ed b\u00fdt oddan\u00fdm fanou\u0161kem Atlanta United FC a va\u0161e d\u00edt\u011b bude nejv\u011bt\u0161\u00edm fanou\u0161kem kolem v tomto adidas dresu, kter\u00fd m\u00e1 \u010dist\u00e9 t\u00fdmov\u00e9 grafiky s inovativn\u00ed technologi\u00ed, kter\u00e1 ho udr\u017e\u00ed pohodln\u00e9ho, jak fand\u00ed dru\u017estvu k v\u00edt\u011bzstv\u00ed.<\/p>\n<p>Chceme, aby fanou\u0161ci slavili sv\u00e9 nad\u0161en\u00ed t\u00edm, \u017ee ur\u010dit\u00e9 produkty personalizuj\u00ed a p\u0159izp\u016fsob\u00ed. Pro tyto t\u00e9m\u011b\u0159 upraviteln\u00e9 produkty, v\u010detn\u011b dres\u016f, vyz\u00fdv\u00e1me z\u00e1kazn\u00edky, aby n\u00e1m sd\u011blili, jak by se m\u011blo jejich up\u0159ednostn\u011bn\u00e9 jm\u00e9no nebo jin\u00fd text objevit zad\u00e1n\u00edm dan\u00e9ho textu do uveden\u00e9ho pole. Nicm\u00e9n\u011b jen proto, \u017ee z\u00e1kazn\u00edk dok\u00e1\u017ee zadat navrhovan\u00fd text pro \u00fapravu do pole a dokon\u010dit objedn\u00e1vku prost\u0159ednictv\u00edm webu, ne v\u0161echna navrhovan\u00e1 \u00faprava textu bude p\u0159ijata. Upozor\u0148ujeme, \u017ee Fanatics m\u016f\u017ee odm\u00edtnout a zru\u0161it jakoukoli objedn\u00e1vku na \u00fapravu z jak\u00e9hokoli d\u016fvodu, v\u010detn\u011b zpr\u00e1v, o nich\u017e se bude pova\u017eovat za ur\u00e1\u017eliv\u00e9 \u010di nevhodn\u00e9. Milujete sledov\u00e1n\u00ed Atlanta United FC na h\u0159i\u0161ti, proto se ujist\u011bte, \u017ee jste spr\u00e1vn\u011b vyzbrojeni t\u00edmto 2021 The BLVCK Kit Authentic Custom Jersey! Tento dres Adidas m\u00e1 \u010dist\u00e9 t\u00fdmov\u00e9 grafiky, kter\u00e9 hrd\u011b ukazuj\u00ed va\u0161e nad\u0161en\u00ed pro Atlanta United FC. Inovativn\u00ed technologie v\u00e1s bude udr\u017eovat v tom nejlep\u0161\u00edm vzhledu, jak povzbuzujete sv\u016fj t\u00fdm k v\u00edt\u011bzstv\u00ed.<\/p>","protected":false},"excerpt":{"rendered":"<p>Your young fan is a huge Atlanta United FC fan and whenever they\u2019re on the pitch, your kiddo is tuned in. Be sure they are outfitted properly by grabbing this 2021 The BLVCK Kit Replica Jersey! It\u2019s exciting being a devout Atlanta United FC fan and your youngster will be the biggest one around in [&hellip;]<\/p>","protected":false},"featured_media":4012,"comment_status":"open","ping_status":"closed","template":"","meta":[],"product_brand":[],"product_cat":[194],"product_tag":[195,20,21,22,23,24],"class_list":{"0":"post-3978","1":"product","2":"type-product","3":"status-publish","4":"has-post-thumbnail","6":"product_cat-atlanta-united","7":"product_tag-atlanta-united-fc-home-replica-jersey","8":"product_tag-coole-fussballtrikots","9":"product_tag-fussballtrikot-fuer-herren","10":"product_tag-fussballtrikot-guenstig-kaufen","11":"product_tag-fussballtrikot-kurzarm","12":"product_tag-guenstiges-fussballtrikot","14":"first","15":"instock","16":"shipping-taxable","17":"purchasable","18":"product-type-variable"},"_links":{"self":[{"href":"https:\/\/www.billigtrikotde.com\/cs\/wp-json\/wp\/v2\/product\/3978","targetHints":{"allow":["GET"]}}],"collection":[{"href":"https:\/\/www.billigtrikotde.com\/cs\/wp-json\/wp\/v2\/product"}],"about":[{"href":"https:\/\/www.billigtrikotde.com\/cs\/wp-json\/wp\/v2\/types\/product"}],"replies":[{"embeddable":true,"href":"https:\/\/www.billigtrikotde.com\/cs\/wp-json\/wp\/v2\/comments?post=3978"}],"wp:featuredmedia":[{"embeddable":true,"href":"https:\/\/www.billigtrikotde.com\/cs\/wp-json\/wp\/v2\/media\/4012"}],"wp:attachment":[{"href":"https:\/\/www.billigtrikotde.com\/cs\/wp-json\/wp\/v2\/media?parent=3978"}],"wp:term":[{"taxonomy":"product_brand","embeddable":true,"href":"https:\/\/www.billigtrikotde.com\/cs\/wp-json\/wp\/v2\/product_brand?post=3978"},{"taxonomy":"product_cat","embeddable":true,"href":"https:\/\/www.billigtrikotde.com\/cs\/wp-json\/wp\/v2\/product_cat?post=3978"},{"taxonomy":"product_tag","embeddable":true,"href":"https:\/\/www.billigtrikotde.com\/cs\/wp-json\/wp\/v2\/product_tag?post=3978"}],"curies":[{"name":"wp","href":"https:\/\/api.w.org\/{rel}","templated":true}]}}