{"id":3966,"date":"2024-10-23T15:27:21","date_gmt":"2024-10-23T13:27:21","guid":{"rendered":"http:\/\/billigtrikots.com\/?post_type=product&#038;p=3966"},"modified":"2024-10-23T15:29:33","modified_gmt":"2024-10-23T13:29:33","slug":"atlanta-united-fc-ezequiel-barco-8-black-red-2021-the-blvck-kit-replica-jersey","status":"publish","type":"product","link":"https:\/\/www.billigtrikotde.com\/cs\/atlanta-united-fc-ezequiel-barco-8-black-red-2021-the-blvck-kit-replica-jersey\/","title":{"rendered":"Atlanta United FC Ezequiel Barco 8 \u010dern\u00e1 \u010derven\u00e1 2021 The BLVCK Kit replikov\u00fd dres"},"content":{"rendered":"<p>Jste velk\u00fdm fanou\u0161kem fotbalov\u00e9ho klubu Atlanta United FC a kdykoli je na h\u0159i\u0161ti, jste na n\u011bj nalad\u011bni. Ujist\u011bte se, \u017ee jste n\u00e1le\u017eit\u011b vybaveni, a po\u0159i\u010fte si tento dres 2021 The BLVCK Kit Authentic Jersey! B\u00fdt oddan\u00fdm fanou\u0161kem t\u00fdmu Atlanta United FC je vzru\u0161uj\u00edc\u00ed a v tomto dresu adidas s v\u00fdraznou t\u00fdmovou grafikou a inovativn\u00edmi technologiemi, kter\u00e9 ti zajist\u00ed pohodl\u00ed p\u0159i povzbuzov\u00e1n\u00ed sv\u00e9ho t\u00fdmu k v\u00edt\u011bzstv\u00ed, bude\u0161 t\u00edm nejv\u011bt\u0161\u00edm fanou\u0161kem \u0161iroko daleko.<\/p>\n<p>Chceme, aby fanou\u0161ci oslavovali sv\u016fj fandom t\u00edm, \u017ee si ur\u010dit\u00e9 produkty p\u0159izp\u016fsob\u00ed a personalizuj\u00ed. U t\u011bchto p\u0159izp\u016fsobiteln\u00fdch produkt\u016f, v\u010detn\u011b dres\u016f, vyz\u00fdv\u00e1me z\u00e1kazn\u00edky, aby n\u00e1m sd\u011blili, jak si p\u0159ej\u00ed, aby se jejich preferovan\u00e9 jm\u00e9no nebo jin\u00fd text zobrazoval, a to tak, \u017ee tento text nap\u00ed\u0161\u00ed do uveden\u00e9ho pole.<\/p>","protected":false},"excerpt":{"rendered":"<p>Jste velk\u00fdm fanou\u0161kem Atlanta United FC a kdykoli jsou na h\u0159i\u0161ti, jste nalad\u011bni. Ujist\u011bte se, \u017ee jste spr\u00e1vn\u011b vybaveni t\u00edmto autentick\u00fdm dresov\u00fdm setem The BLVCK Kit 2021! Je vzru\u0161uj\u00edc\u00ed b\u00fdt oddan\u00fdm fanou\u0161kem Atlanta United FC a budete nejv\u011bt\u0161\u00edm fanou\u0161kem v t\u00e9to dresov\u00e9 sad\u011b od adidas, kter\u00e1 m\u00e1 ostr\u00e9 t\u00fdmov\u00e9 grafiky s [\u2026]<\/p>","protected":false},"featured_media":4000,"comment_status":"open","ping_status":"closed","template":"","meta":[],"product_brand":[],"product_cat":[194],"product_tag":[195,20,21,22,23,24],"class_list":{"0":"post-3966","1":"product","2":"type-product","3":"status-publish","4":"has-post-thumbnail","6":"product_cat-atlanta-united","7":"product_tag-atlanta-united-fc-home-replica-jersey","8":"product_tag-coole-fussballtrikots","9":"product_tag-fussballtrikot-fuer-herren","10":"product_tag-fussballtrikot-guenstig-kaufen","11":"product_tag-fussballtrikot-kurzarm","12":"product_tag-guenstiges-fussballtrikot","14":"first","15":"instock","16":"shipping-taxable","17":"purchasable","18":"product-type-variable"},"_links":{"self":[{"href":"https:\/\/www.billigtrikotde.com\/cs\/wp-json\/wp\/v2\/product\/3966","targetHints":{"allow":["GET"]}}],"collection":[{"href":"https:\/\/www.billigtrikotde.com\/cs\/wp-json\/wp\/v2\/product"}],"about":[{"href":"https:\/\/www.billigtrikotde.com\/cs\/wp-json\/wp\/v2\/types\/product"}],"replies":[{"embeddable":true,"href":"https:\/\/www.billigtrikotde.com\/cs\/wp-json\/wp\/v2\/comments?post=3966"}],"wp:featuredmedia":[{"embeddable":true,"href":"https:\/\/www.billigtrikotde.com\/cs\/wp-json\/wp\/v2\/media\/4000"}],"wp:attachment":[{"href":"https:\/\/www.billigtrikotde.com\/cs\/wp-json\/wp\/v2\/media?parent=3966"}],"wp:term":[{"taxonomy":"product_brand","embeddable":true,"href":"https:\/\/www.billigtrikotde.com\/cs\/wp-json\/wp\/v2\/product_brand?post=3966"},{"taxonomy":"product_cat","embeddable":true,"href":"https:\/\/www.billigtrikotde.com\/cs\/wp-json\/wp\/v2\/product_cat?post=3966"},{"taxonomy":"product_tag","embeddable":true,"href":"https:\/\/www.billigtrikotde.com\/cs\/wp-json\/wp\/v2\/product_tag?post=3966"}],"curies":[{"name":"wp","href":"https:\/\/api.w.org\/{rel}","templated":true}]}}