{"id":3944,"date":"2024-10-23T15:26:13","date_gmt":"2024-10-23T13:26:13","guid":{"rendered":"http:\/\/billigtrikots.com\/?post_type=product&#038;p=3944"},"modified":"2024-10-23T15:28:23","modified_gmt":"2024-10-23T13:28:23","slug":"ssc-naepel-maradona-fussballtrikot-2021-2022-marineblau-mit-aufdruck-maradona-10","status":"publish","type":"product","link":"https:\/\/www.billigtrikotde.com\/cs\/ssc-naepel-maradona-fussballtrikot-2021-2022-marineblau-mit-aufdruck-maradona-10\/","title":{"rendered":"SSC Naepel Maradona Fotbalov\u00e9 tri\u010dko 2021-2022 N\u00e1mo\u0159nick\u00e1 modr\u00e1 s potiskem Maradona 10"},"content":{"rendered":"<p>Z\u00e1kladn\u00ed barvou fotbalov\u00e9ho dresu EA7 Napoli Maradona 2021-2022 je tmav\u011b modr\u00e1 a obsahuje potisk Maradony v argentinsk\u00e9m fotbalov\u00e9m dresu na spodn\u00ed stran\u011b. Tento potisk je zpracov\u00e1n ve vzhledu podobn\u00e9m otisku prstu. Potisk je inspirov\u00e1n um\u011bleck\u00fdm d\u00edlem neapolsk\u00e9ho um\u011blce Guiseppe Klaina. Krom\u011b toho obsahuje dres tak\u00e9 sv\u011btle modr\u00e9 akcenty, inspirovan\u00e9 barvami klubu SSC Neapol. P\u00e1s na spodn\u00ed stran\u011b ruk\u00e1v\u016f je sv\u011btle modr\u00fd, stejn\u011b jako kulat\u00fd v\u00fdst\u0159ih a p\u00e1sky na ramenou. Logo sportovn\u00edho oble\u010den\u00ed Emporio Armani se nach\u00e1z\u00ed na prav\u00e9 stran\u011b hrudn\u00edku a na lev\u00e9 stran\u011b je klubov\u00e1 erb. Loga Lete a MSC jsou vid\u011bt uprost\u0159ed dresu. Lev\u00fd ruk\u00e1v dresu nese logo sponzora ruk\u00e1vu Amazon. Inici\u00e1ly klubu jsou na zadn\u00ed stran\u011b v oblasti krku na fotbalov\u00e9m dresu Napoli Maradona: SSCN.<\/p>\n<p>Tipy pro pran\u00ed: Doporu\u010dujeme pr\u00e1t fotbalov\u00e1 tri\u010dka v ruce. Pokud chcete pou\u017e\u00edt pra\u010dku, nezapome\u0148te fotbalov\u00e1 tri\u010dka obr\u00e1tit naruby a pot\u00e9 je vyprat. Pra\u010dku napl\u0148te studenou vodou a pou\u017eijte jemn\u00fd cyklus, abyste l\u00e9pe ochr\u00e1nili barvy.<\/p>\n<p>Tisk fotbalov\u00fdch dres\u016f online<br \/>\nM\u00e1te mo\u017enost navrhnout si sv\u016fj fotbalov\u00fd dres. Bu\u010f si vyberete hr\u00e1\u010de sv\u00e9ho obl\u00edben\u00e9ho t\u00fdmu nebo si m\u016f\u017eete nechat napsat sv\u00e9 jm\u00e9no v\u010detn\u011b \u010d\u00edsla.<\/p>","protected":false},"excerpt":{"rendered":"<p>Die Grundfarbe des EA7 Napoli Maradona 2021-2022 Fu\u00dfballtrikots ist Marineblau und enth\u00e4lt einen Aufdruck von Maradona im argentinischen Fu\u00dfballtrikot auf der Unterseite. Dieser Druck ist in einem fingerabdruck\u00e4hnlichen Design verarbeitet. Der Druck ist von einem Kunstwerk des neapolitanischen K\u00fcnstlers Guiseppe Klain inspiriert. Dar\u00fcber hinaus enth\u00e4lt das Trikot auch hellblaue Akzente, inspiriert von den Vereinsfarben des [&hellip;]<\/p>","protected":false},"featured_media":3985,"comment_status":"open","ping_status":"closed","template":"","meta":[],"product_brand":[],"product_cat":[192],"product_tag":[20,21,22,23,24,193],"class_list":{"0":"post-3944","1":"product","2":"type-product","3":"status-publish","4":"has-post-thumbnail","6":"product_cat-ssc-napoli","7":"product_tag-coole-fussballtrikots","8":"product_tag-fussballtrikot-fuer-herren","9":"product_tag-fussballtrikot-guenstig-kaufen","10":"product_tag-fussballtrikot-kurzarm","11":"product_tag-guenstiges-fussballtrikot","12":"product_tag-napoli-kits","14":"first","15":"instock","16":"shipping-taxable","17":"purchasable","18":"product-type-variable"},"_links":{"self":[{"href":"https:\/\/www.billigtrikotde.com\/cs\/wp-json\/wp\/v2\/product\/3944","targetHints":{"allow":["GET"]}}],"collection":[{"href":"https:\/\/www.billigtrikotde.com\/cs\/wp-json\/wp\/v2\/product"}],"about":[{"href":"https:\/\/www.billigtrikotde.com\/cs\/wp-json\/wp\/v2\/types\/product"}],"replies":[{"embeddable":true,"href":"https:\/\/www.billigtrikotde.com\/cs\/wp-json\/wp\/v2\/comments?post=3944"}],"wp:featuredmedia":[{"embeddable":true,"href":"https:\/\/www.billigtrikotde.com\/cs\/wp-json\/wp\/v2\/media\/3985"}],"wp:attachment":[{"href":"https:\/\/www.billigtrikotde.com\/cs\/wp-json\/wp\/v2\/media?parent=3944"}],"wp:term":[{"taxonomy":"product_brand","embeddable":true,"href":"https:\/\/www.billigtrikotde.com\/cs\/wp-json\/wp\/v2\/product_brand?post=3944"},{"taxonomy":"product_cat","embeddable":true,"href":"https:\/\/www.billigtrikotde.com\/cs\/wp-json\/wp\/v2\/product_cat?post=3944"},{"taxonomy":"product_tag","embeddable":true,"href":"https:\/\/www.billigtrikotde.com\/cs\/wp-json\/wp\/v2\/product_tag?post=3944"}],"curies":[{"name":"wp","href":"https:\/\/api.w.org\/{rel}","templated":true}]}}