{"id":3932,"date":"2024-10-23T15:25:37","date_gmt":"2024-10-23T13:25:37","guid":{"rendered":"http:\/\/billigtrikots.com\/?post_type=product&#038;p=3932"},"modified":"2024-10-23T15:27:49","modified_gmt":"2024-10-23T13:27:49","slug":"fussball-trikotsatz-ssc-napoli-special-heimtrikot-2021-2022-kurzarm-schwarz","status":"publish","type":"product","link":"https:\/\/www.billigtrikotde.com\/cs\/fussball-trikotsatz-ssc-napoli-special-heimtrikot-2021-2022-kurzarm-schwarz\/","title":{"rendered":"Fotbalov\u00e1 souprava SSC Napoli Special home shirt 2021-2022 short sleeve black"},"content":{"rendered":"<p>Tipy pro pran\u00ed: Doporu\u010dujeme pr\u00e1t fotbalov\u00e1 tri\u010dka v ruce. Pokud chcete pou\u017e\u00edt pra\u010dku, nezapome\u0148te fotbalov\u00e1 tri\u010dka obr\u00e1tit naruby a pot\u00e9 je vyprat. Pra\u010dku napl\u0148te studenou vodou a pou\u017eijte jemn\u00fd cyklus, abyste l\u00e9pe ochr\u00e1nili barvy.<\/p>\n<p>Tisk fotbalov\u00fdch dres\u016f online<br \/>\nM\u00e1te mo\u017enost navrhnout si sv\u016fj fotbalov\u00fd dres. Bu\u010f si vyberete hr\u00e1\u010de sv\u00e9ho obl\u00edben\u00e9ho t\u00fdmu nebo si m\u016f\u017eete nechat napsat sv\u00e9 jm\u00e9no v\u010detn\u011b \u010d\u00edsla.<\/p>","protected":false},"excerpt":{"rendered":"<p>Tipy na pran\u00ed: Doporu\u010duje se pr\u00e1t fotbalov\u00e9 dresy ru\u010dn\u00edm pran\u00edm. Pokud chcete pou\u017e\u00edt pra\u010dku, pamatujte na to, \u017ee dresy mus\u00edte oto\u010dit naruby a pot\u00e9 pr\u00e1t. Napl\u0148te pra\u010dku studenou vodou a pou\u017eijte \u0161etrn\u00fd cyklus, abyste l\u00e9pe chr\u00e1nili barvy. Fotbalov\u00e9 dresy Tisk Online M\u00e1te mo\u017enost navrhnout si sv\u00e9 fotbalov\u00e9 dresy. Bu\u010fto [\u2026]<\/p>","protected":false},"featured_media":3973,"comment_status":"open","ping_status":"closed","template":"","meta":[],"product_brand":[],"product_cat":[192],"product_tag":[20,21,22,23,24,193],"class_list":{"0":"post-3932","1":"product","2":"type-product","3":"status-publish","4":"has-post-thumbnail","6":"product_cat-ssc-napoli","7":"product_tag-coole-fussballtrikots","8":"product_tag-fussballtrikot-fuer-herren","9":"product_tag-fussballtrikot-guenstig-kaufen","10":"product_tag-fussballtrikot-kurzarm","11":"product_tag-guenstiges-fussballtrikot","12":"product_tag-napoli-kits","14":"first","15":"instock","16":"shipping-taxable","17":"purchasable","18":"product-type-variable"},"_links":{"self":[{"href":"https:\/\/www.billigtrikotde.com\/cs\/wp-json\/wp\/v2\/product\/3932","targetHints":{"allow":["GET"]}}],"collection":[{"href":"https:\/\/www.billigtrikotde.com\/cs\/wp-json\/wp\/v2\/product"}],"about":[{"href":"https:\/\/www.billigtrikotde.com\/cs\/wp-json\/wp\/v2\/types\/product"}],"replies":[{"embeddable":true,"href":"https:\/\/www.billigtrikotde.com\/cs\/wp-json\/wp\/v2\/comments?post=3932"}],"wp:featuredmedia":[{"embeddable":true,"href":"https:\/\/www.billigtrikotde.com\/cs\/wp-json\/wp\/v2\/media\/3973"}],"wp:attachment":[{"href":"https:\/\/www.billigtrikotde.com\/cs\/wp-json\/wp\/v2\/media?parent=3932"}],"wp:term":[{"taxonomy":"product_brand","embeddable":true,"href":"https:\/\/www.billigtrikotde.com\/cs\/wp-json\/wp\/v2\/product_brand?post=3932"},{"taxonomy":"product_cat","embeddable":true,"href":"https:\/\/www.billigtrikotde.com\/cs\/wp-json\/wp\/v2\/product_cat?post=3932"},{"taxonomy":"product_tag","embeddable":true,"href":"https:\/\/www.billigtrikotde.com\/cs\/wp-json\/wp\/v2\/product_tag?post=3932"}],"curies":[{"name":"wp","href":"https:\/\/api.w.org\/{rel}","templated":true}]}}