{"id":3911,"date":"2024-10-23T15:24:30","date_gmt":"2024-10-23T13:24:30","guid":{"rendered":"http:\/\/billigtrikots.com\/?post_type=product&#038;p=3911"},"modified":"2024-10-23T15:26:43","modified_gmt":"2024-10-23T13:26:43","slug":"benfica-auswaertstrikot-2021-22-in-weiss-herren-trikotsatz-kurze-hosen","status":"publish","type":"product","link":"https:\/\/www.billigtrikotde.com\/cs\/benfica-auswaertstrikot-2021-22-in-weiss-herren-trikotsatz-kurze-hosen\/","title":{"rendered":"V\u00fdjezdn\u00ed souprava Benfica 2021\/22 v b\u00edl\u00e9 p\u00e1nsk\u00e9 souprav\u011b (+ \u0161ortky)"},"content":{"rendered":"<p>\u010cist\u00e1, ostr\u00e1 b\u00edl\u00e1 barva se vrac\u00ed na dres Benfiky. Tento dres na fotbal adidas zaji\u0161\u0165uje d\u00edky AEROREADY odv\u00e1d\u011bj\u00edc\u00ed pot a jemn\u00e9mu, hladk\u00e9mu materi\u00e1lu pohodln\u00e9 no\u0161en\u00ed na h\u0159i\u0161ti i mimo n\u011bj. Na zadn\u00ed stran\u011b p\u0159ipom\u00edn\u00e1 podpis rok zalo\u017een\u00ed klubu. Na p\u0159edn\u00ed stran\u011b potvrzuje va\u0161i loajalitu tkan\u00fd n\u00e1\u0161ivou.<\/p>\n<p>Tipy pro tisk: Pokud jsou jm\u00e9no a \u010d\u00edslo na obr\u00e1zku p\u0159esn\u011b takov\u00e9, jak\u00e9 chcete, nemus\u00edte je zad\u00e1vat znovu. Pokud tomu tak nen\u00ed, m\u011bli byste zadat po\u017eadovan\u00e9 jm\u00e9no a \u010d\u00edslo.<\/p>\n<p>Tipy pro pran\u00ed: Doporu\u010dujeme pr\u00e1t fotbalov\u00e1 tri\u010dka v ruce. Pokud chcete pou\u017e\u00edt pra\u010dku, nezapome\u0148te fotbalov\u00e1 tri\u010dka obr\u00e1tit naruby a pot\u00e9 je vyprat. Pra\u010dku napl\u0148te studenou vodou a pou\u017eijte jemn\u00fd cyklus, abyste l\u00e9pe ochr\u00e1nili barvy.<\/p>","protected":false},"excerpt":{"rendered":"<p>\u010cist\u00e1, ostr\u00e1 b\u00edl\u00e1 barva se vrac\u00ed na dres Benfiky. Tento dres na fotbal adidas zaji\u0161\u0165uje d\u00edky AEROREADY odv\u00e1d\u011bj\u00edc\u00ed pot a jemn\u00e9mu, hladk\u00e9mu materi\u00e1lu pohodln\u00e9 no\u0161en\u00ed na h\u0159i\u0161ti i mimo n\u011bj. Na zadn\u00ed stran\u011b p\u0159ipom\u00edn\u00e1 podpis rok zalo\u017een\u00ed klubu. Na p\u0159edn\u00ed stran\u011b potvrzuje va\u0161i loajalitu tkan\u00fd n\u00e1\u0161ivou.<\/p>","protected":false},"featured_media":3951,"comment_status":"open","ping_status":"closed","template":"","meta":[],"product_brand":[],"product_cat":[188],"product_tag":[189,190,20,21,22,23,24],"class_list":{"0":"post-3911","1":"product","2":"type-product","3":"status-publish","4":"has-post-thumbnail","6":"product_cat-sl-benfica","7":"product_tag-benfica-auswaertstrikot","8":"product_tag-benfica-trikots","9":"product_tag-coole-fussballtrikots","10":"product_tag-fussballtrikot-fuer-herren","11":"product_tag-fussballtrikot-guenstig-kaufen","12":"product_tag-fussballtrikot-kurzarm","13":"product_tag-guenstiges-fussballtrikot","15":"first","16":"instock","17":"shipping-taxable","18":"purchasable","19":"product-type-variable"},"_links":{"self":[{"href":"https:\/\/www.billigtrikotde.com\/cs\/wp-json\/wp\/v2\/product\/3911","targetHints":{"allow":["GET"]}}],"collection":[{"href":"https:\/\/www.billigtrikotde.com\/cs\/wp-json\/wp\/v2\/product"}],"about":[{"href":"https:\/\/www.billigtrikotde.com\/cs\/wp-json\/wp\/v2\/types\/product"}],"replies":[{"embeddable":true,"href":"https:\/\/www.billigtrikotde.com\/cs\/wp-json\/wp\/v2\/comments?post=3911"}],"wp:featuredmedia":[{"embeddable":true,"href":"https:\/\/www.billigtrikotde.com\/cs\/wp-json\/wp\/v2\/media\/3951"}],"wp:attachment":[{"href":"https:\/\/www.billigtrikotde.com\/cs\/wp-json\/wp\/v2\/media?parent=3911"}],"wp:term":[{"taxonomy":"product_brand","embeddable":true,"href":"https:\/\/www.billigtrikotde.com\/cs\/wp-json\/wp\/v2\/product_brand?post=3911"},{"taxonomy":"product_cat","embeddable":true,"href":"https:\/\/www.billigtrikotde.com\/cs\/wp-json\/wp\/v2\/product_cat?post=3911"},{"taxonomy":"product_tag","embeddable":true,"href":"https:\/\/www.billigtrikotde.com\/cs\/wp-json\/wp\/v2\/product_tag?post=3911"}],"curies":[{"name":"wp","href":"https:\/\/api.w.org\/{rel}","templated":true}]}}