{"id":3898,"date":"2024-10-23T15:23:53","date_gmt":"2024-10-23T13:23:53","guid":{"rendered":"http:\/\/billigtrikots.com\/?post_type=product&#038;p=3898"},"modified":"2024-10-23T15:26:07","modified_gmt":"2024-10-23T13:26:07","slug":"la-galaxy-2021-22-away-jersey-black-green-with-lletget-17-printing","status":"publish","type":"product","link":"https:\/\/www.billigtrikotde.com\/cs\/la-galaxy-2021-22-away-jersey-black-green-with-lletget-17-printing\/","title":{"rendered":"LA Galaxy 2021\/22 Away Jersey Black Green s potiskem Lletget 17"},"content":{"rendered":"<p>Z\u00edskejte nov\u00fd odv\u00e1\u017en\u00fd vzhled a p\u0159edve\u010fte svou podporu t\u00fdmu Galaxy s t\u00edmto tri\u010dkem 2021 Away od spole\u010dnosti adidas, kter\u00e9 je vyvinuto s technologi\u00ed Aeroready, je\u017e absorbuje vlhkost a rychle schne pro optim\u00e1ln\u00ed pohodl\u00ed. Pruhovan\u00fd design dresu vzd\u00e1v\u00e1 hold m\u011bstu, kde nen\u00ed nic d\u00e1no a kde si sv\u00e9 pruhy mus\u00edte zaslou\u017eit, zat\u00edmco zna\u010dka adidas a klubov\u00fd znak dotv\u00e1\u0159\u00ed stylov\u00fd vzhled ide\u00e1ln\u00ed pro ka\u017ed\u00e9ho fanou\u0161ka klubu.<\/p>\n<p>Tipy pro tisk: Pokud jsou jm\u00e9no a \u010d\u00edslo na obr\u00e1zku p\u0159esn\u011b takov\u00e9, jak\u00e9 chcete, nemus\u00edte je zad\u00e1vat znovu. Pokud tomu tak nen\u00ed, m\u011bli byste zadat po\u017eadovan\u00e9 jm\u00e9no a \u010d\u00edslo.<\/p>\n<p>Tipy pro pran\u00ed: Doporu\u010dujeme pr\u00e1t fotbalov\u00e1 tri\u010dka v ruce. Pokud chcete pou\u017e\u00edt pra\u010dku, nezapome\u0148te fotbalov\u00e1 tri\u010dka obr\u00e1tit naruby a pot\u00e9 je vyprat. Pra\u010dku napl\u0148te studenou vodou a pou\u017eijte jemn\u00fd cyklus, abyste l\u00e9pe ochr\u00e1nili barvy.<\/p>","protected":false},"excerpt":{"rendered":"<p>Get a bold new look and showcase your support for The Galaxy with this 2021 Away Shirt from adidas which benefits from being developed with Aeroready technology which absorbs moisture and dries quickly for optimal comfort. The jersey\u2019s striped design pays tribute to the city where nothing is given and you have to earn your [&hellip;]<\/p>","protected":false},"featured_media":3939,"comment_status":"open","ping_status":"closed","template":"","meta":[],"product_brand":[],"product_cat":[182],"product_tag":[20,21,22,23,24,183,184],"class_list":{"0":"post-3898","1":"product","2":"type-product","3":"status-publish","4":"has-post-thumbnail","6":"product_cat-la-galaxy","7":"product_tag-coole-fussballtrikots","8":"product_tag-fussballtrikot-fuer-herren","9":"product_tag-fussballtrikot-guenstig-kaufen","10":"product_tag-fussballtrikot-kurzarm","11":"product_tag-guenstiges-fussballtrikot","12":"product_tag-la-galaxy-away-shirt","13":"product_tag-la-galaxy-trikots","15":"first","16":"instock","17":"shipping-taxable","18":"purchasable","19":"product-type-variable"},"_links":{"self":[{"href":"https:\/\/www.billigtrikotde.com\/cs\/wp-json\/wp\/v2\/product\/3898","targetHints":{"allow":["GET"]}}],"collection":[{"href":"https:\/\/www.billigtrikotde.com\/cs\/wp-json\/wp\/v2\/product"}],"about":[{"href":"https:\/\/www.billigtrikotde.com\/cs\/wp-json\/wp\/v2\/types\/product"}],"replies":[{"embeddable":true,"href":"https:\/\/www.billigtrikotde.com\/cs\/wp-json\/wp\/v2\/comments?post=3898"}],"wp:featuredmedia":[{"embeddable":true,"href":"https:\/\/www.billigtrikotde.com\/cs\/wp-json\/wp\/v2\/media\/3939"}],"wp:attachment":[{"href":"https:\/\/www.billigtrikotde.com\/cs\/wp-json\/wp\/v2\/media?parent=3898"}],"wp:term":[{"taxonomy":"product_brand","embeddable":true,"href":"https:\/\/www.billigtrikotde.com\/cs\/wp-json\/wp\/v2\/product_brand?post=3898"},{"taxonomy":"product_cat","embeddable":true,"href":"https:\/\/www.billigtrikotde.com\/cs\/wp-json\/wp\/v2\/product_cat?post=3898"},{"taxonomy":"product_tag","embeddable":true,"href":"https:\/\/www.billigtrikotde.com\/cs\/wp-json\/wp\/v2\/product_tag?post=3898"}],"curies":[{"name":"wp","href":"https:\/\/api.w.org\/{rel}","templated":true}]}}