{"id":3884,"date":"2024-10-23T15:23:18","date_gmt":"2024-10-23T13:23:18","guid":{"rendered":"http:\/\/billigtrikots.com\/?post_type=product&#038;p=3884"},"modified":"2024-10-23T15:25:30","modified_gmt":"2024-10-23T13:25:30","slug":"orlando-city-2021-22-home-thick-n-thin-kit-purple-gradient-design","status":"publish","type":"product","link":"https:\/\/www.billigtrikotde.com\/cs\/orlando-city-2021-22-home-thick-n-thin-kit-purple-gradient-design\/","title":{"rendered":"Orlando City 2021\/22 Home \"Thick N Thin\" Kit Purple Gradient Design"},"content":{"rendered":"<p>Dom\u00e1c\u00ed dres Orlando City 2021 m\u00e1 barevn\u00fd gradient, kter\u00fd kombinuje dva odst\u00edny fialov\u00e9 - v horn\u00ed \u010d\u00e1sti je tmav\u0161\u00ed a ve spodn\u00ed sv\u011btlej\u0161\u00ed a syt\u011bj\u0161\u00ed.<\/p>\n<p>Co se t\u00fd\u010de \u0161ablony, dres Orlando City 2021 m\u00e1 stejn\u00fd l\u00edmec jako dom\u00e1c\u00ed dres Portland Timbers.<\/p>\n<p>Chceme, aby fanou\u0161ci oslavovali sv\u016fj fandom t\u00edm, \u017ee si ur\u010dit\u00e9 produkty p\u0159izp\u016fsob\u00ed a personalizuj\u00ed. U t\u011bchto p\u0159izp\u016fsobiteln\u00fdch produkt\u016f, v\u010detn\u011b dres\u016f, \u017e\u00e1d\u00e1me z\u00e1kazn\u00edky, aby n\u00e1m dali v\u011bd\u011bt, jak si p\u0159ej\u00ed, aby se jejich preferovan\u00e9 jm\u00e9no nebo jin\u00fd text zobrazoval, a to tak, \u017ee tento text zadaj\u00ed do p\u0159\u00edslu\u0161n\u00e9ho pole. Av\u0161ak jen proto, \u017ee z\u00e1kazn\u00edk m\u016f\u017ee do pole zadat navrhovan\u00fd text p\u0159izp\u016fsoben\u00ed a dokon\u010dit objedn\u00e1vku prost\u0159ednictv\u00edm webov\u00fdch str\u00e1nek, nebudou v\u0161echny navrhovan\u00e9 texty p\u0159izp\u016fsoben\u00ed akceptov\u00e1ny. Vezm\u011bte pros\u00edm na v\u011bdom\u00ed, \u017ee spole\u010dnost Fanatics m\u016f\u017ee odm\u00edtnout a zru\u0161it jakoukoli vlastn\u00ed objedn\u00e1vku z jak\u00e9hokoli d\u016fvodu, v\u010detn\u011b zpr\u00e1v pova\u017eovan\u00fdch za ur\u00e1\u017eliv\u00e9 nebo nevhodn\u00e9. Jste velk\u00fdm fanou\u0161kem t\u00fdmu Orlando City SC a kdykoli je na h\u0159i\u0161ti, jste zapnut\u00ed. Ujist\u011bte se, \u017ee jste \u0159\u00e1dn\u011b vybaveni, a po\u0159i\u010fte si tento dres 2021 Thick N Thin na zak\u00e1zku! B\u00fdt zaryt\u00fdm fanou\u0161kem Orlando City SC je vzru\u0161uj\u00edc\u00ed a v tomto dresu adidas s v\u00fdraznou t\u00fdmovou grafikou a inovativn\u00edmi technologiemi budete t\u00edm nejv\u011bt\u0161\u00edm, kdo povzbud\u00ed sv\u016fj t\u00fdm k v\u00edt\u011bzstv\u00ed.<\/p>","protected":false},"excerpt":{"rendered":"<p>Das Orlando City 2021 Heimtrikot weist einen Farbverlauf auf, der zwei Lilat\u00f6ne kombiniert \u2013 es ist oben dunkler und im unteren Teil heller und ges\u00e4ttigter. In Bezug auf das Template hat das Orlando City 2021 Trikot den gleichen Kragen wie das Portland Timbers Heimtrikot. Wir m\u00f6chten, dass Fans ihr Fandom feiern, indem sie bestimmte Produkte [&hellip;]<\/p>","protected":false},"featured_media":3925,"comment_status":"open","ping_status":"closed","template":"","meta":[],"product_brand":[],"product_cat":[179],"product_tag":[20,21,22,23,24,180,181],"class_list":{"0":"post-3884","1":"product","2":"type-product","3":"status-publish","4":"has-post-thumbnail","6":"product_cat-orlando-city-sc","7":"product_tag-coole-fussballtrikots","8":"product_tag-fussballtrikot-fuer-herren","9":"product_tag-fussballtrikot-guenstig-kaufen","10":"product_tag-fussballtrikot-kurzarm","11":"product_tag-guenstiges-fussballtrikot","12":"product_tag-orlando-city-heimtrikot","13":"product_tag-orlando-city-trikots","15":"first","16":"instock","17":"shipping-taxable","18":"purchasable","19":"product-type-variable"},"_links":{"self":[{"href":"https:\/\/www.billigtrikotde.com\/cs\/wp-json\/wp\/v2\/product\/3884","targetHints":{"allow":["GET"]}}],"collection":[{"href":"https:\/\/www.billigtrikotde.com\/cs\/wp-json\/wp\/v2\/product"}],"about":[{"href":"https:\/\/www.billigtrikotde.com\/cs\/wp-json\/wp\/v2\/types\/product"}],"replies":[{"embeddable":true,"href":"https:\/\/www.billigtrikotde.com\/cs\/wp-json\/wp\/v2\/comments?post=3884"}],"wp:featuredmedia":[{"embeddable":true,"href":"https:\/\/www.billigtrikotde.com\/cs\/wp-json\/wp\/v2\/media\/3925"}],"wp:attachment":[{"href":"https:\/\/www.billigtrikotde.com\/cs\/wp-json\/wp\/v2\/media?parent=3884"}],"wp:term":[{"taxonomy":"product_brand","embeddable":true,"href":"https:\/\/www.billigtrikotde.com\/cs\/wp-json\/wp\/v2\/product_brand?post=3884"},{"taxonomy":"product_cat","embeddable":true,"href":"https:\/\/www.billigtrikotde.com\/cs\/wp-json\/wp\/v2\/product_cat?post=3884"},{"taxonomy":"product_tag","embeddable":true,"href":"https:\/\/www.billigtrikotde.com\/cs\/wp-json\/wp\/v2\/product_tag?post=3884"}],"curies":[{"name":"wp","href":"https:\/\/api.w.org\/{rel}","templated":true}]}}