{"id":3861,"date":"2024-10-23T15:22:13","date_gmt":"2024-10-23T13:22:13","guid":{"rendered":"http:\/\/billigtrikots.com\/?post_type=product&#038;p=3861"},"modified":"2024-10-23T15:24:20","modified_gmt":"2024-10-23T13:24:20","slug":"orlando-city-sc-nani-17-purple-2021-thick-n-thin-player-jersey","status":"publish","type":"product","link":"https:\/\/www.billigtrikotde.com\/cs\/orlando-city-sc-nani-17-purple-2021-thick-n-thin-player-jersey\/","title":{"rendered":"Orlando City SC Nani 17# Purple 2021 Thick N Thin Player Jersey"},"content":{"rendered":"<p>V dobr\u00e9m i zl\u00e9m. Tento fotbalov\u00fd dres adidas, kter\u00fd se honos\u00ed charakteristick\u00fdmi fialov\u00fdmi barvami Orlanda City, sv\u00fdm vybledl\u00fdm designem zachycuje t\u0159askavou atmosf\u00e9ru zakou\u0159en\u00e9ho stadionu Camping World Stadium. Krom\u011b toho, \u017ee vzd\u00e1v\u00e1 hold v\u011brn\u00fdm fanou\u0161k\u016fm klubu, je vybaven technologi\u00ed AEROREADY odv\u00e1d\u011bj\u00edc\u00ed pot a pr\u00e9miov\u00fdm tkan\u00fdm odznakem.<\/p>\n<p>Chceme, aby fanou\u0161ci oslavovali sv\u016fj fandom t\u00edm, \u017ee si ur\u010dit\u00e9 produkty p\u0159izp\u016fsob\u00ed a personalizuj\u00ed. U t\u011bchto p\u0159izp\u016fsobiteln\u00fdch produkt\u016f, v\u010detn\u011b dres\u016f, vyz\u00fdv\u00e1me z\u00e1kazn\u00edky, aby n\u00e1m sd\u011blili, jak si p\u0159ej\u00ed, aby se jejich preferovan\u00e9 jm\u00e9no nebo jin\u00fd text zobrazil, a to tak, \u017ee tento text nap\u00ed\u0161\u00ed do uveden\u00e9ho pole. Av\u0161ak jen proto, \u017ee z\u00e1kazn\u00edk m\u016f\u017ee do pole napsat navrhovan\u00fd text p\u0159izp\u016fsoben\u00ed a je schopen dokon\u010dit objedn\u00e1vku prost\u0159ednictv\u00edm webov\u00fdch str\u00e1nek, nebudou v\u0161echny navrhovan\u00e9 texty p\u0159izp\u016fsoben\u00ed akceptov\u00e1ny. Vezm\u011bte pros\u00edm na v\u011bdom\u00ed, \u017ee spole\u010dnost Fanatics m\u016f\u017ee odm\u00edtnout a zru\u0161it jakoukoli objedn\u00e1vku p\u0159izp\u016fsoben\u00ed z jak\u00e9hokoli d\u016fvodu, v\u010detn\u011b zpr\u00e1v, kter\u00e9 budou pova\u017eov\u00e1ny za ur\u00e1\u017eliv\u00e9 nebo nevhodn\u00e9. jste velk\u00fdm fanou\u0161kem Orlando City SC, a kdykoli jsou na h\u0159i\u0161ti, jste nalad\u011bni. Ujist\u011bte se, \u017ee jste n\u00e1le\u017eit\u011b vybaveni, a po\u0159i\u010fte si tento dres 2021 Thick N Thin Custom Jersey! B\u00fdt oddan\u00fdm fanou\u0161kem Orlando City SC je vzru\u0161uj\u00edc\u00ed a v tomto dresu adidas s v\u00fdraznou t\u00fdmovou grafikou a inovativn\u00edmi technologiemi, kter\u00e9 ti zajist\u00ed pohodl\u00ed p\u0159i povzbuzov\u00e1n\u00ed sv\u00e9ho t\u00fdmu k v\u00edt\u011bzstv\u00ed, bude\u0161 t\u00edm nejv\u011bt\u0161\u00edm v okol\u00ed.<\/p>","protected":false},"excerpt":{"rendered":"<p>Through thick and thin. Showing off Orlando City\u2019s signature purple colors, this adidas soccer jersey\u2019s faded design captures the crackling atmosphere of a smoke-filled Camping World Stadium. In addition to paying tribute to the club\u2019s loyal fans, it features sweat-wicking AEROREADY and a premium woven badge. We want fans to celebrate their fandom by customizing [\u2026]<\/p>","protected":false},"featured_media":3902,"comment_status":"open","ping_status":"closed","template":"","meta":[],"product_brand":[],"product_cat":[179],"product_tag":[20,21,22,23,24,180,181],"class_list":{"0":"post-3861","1":"product","2":"type-product","3":"status-publish","4":"has-post-thumbnail","6":"product_cat-orlando-city-sc","7":"product_tag-coole-fussballtrikots","8":"product_tag-fussballtrikot-fuer-herren","9":"product_tag-fussballtrikot-guenstig-kaufen","10":"product_tag-fussballtrikot-kurzarm","11":"product_tag-guenstiges-fussballtrikot","12":"product_tag-orlando-city-heimtrikot","13":"product_tag-orlando-city-trikots","15":"first","16":"instock","17":"shipping-taxable","18":"purchasable","19":"product-type-variable"},"_links":{"self":[{"href":"https:\/\/www.billigtrikotde.com\/cs\/wp-json\/wp\/v2\/product\/3861","targetHints":{"allow":["GET"]}}],"collection":[{"href":"https:\/\/www.billigtrikotde.com\/cs\/wp-json\/wp\/v2\/product"}],"about":[{"href":"https:\/\/www.billigtrikotde.com\/cs\/wp-json\/wp\/v2\/types\/product"}],"replies":[{"embeddable":true,"href":"https:\/\/www.billigtrikotde.com\/cs\/wp-json\/wp\/v2\/comments?post=3861"}],"wp:featuredmedia":[{"embeddable":true,"href":"https:\/\/www.billigtrikotde.com\/cs\/wp-json\/wp\/v2\/media\/3902"}],"wp:attachment":[{"href":"https:\/\/www.billigtrikotde.com\/cs\/wp-json\/wp\/v2\/media?parent=3861"}],"wp:term":[{"taxonomy":"product_brand","embeddable":true,"href":"https:\/\/www.billigtrikotde.com\/cs\/wp-json\/wp\/v2\/product_brand?post=3861"},{"taxonomy":"product_cat","embeddable":true,"href":"https:\/\/www.billigtrikotde.com\/cs\/wp-json\/wp\/v2\/product_cat?post=3861"},{"taxonomy":"product_tag","embeddable":true,"href":"https:\/\/www.billigtrikotde.com\/cs\/wp-json\/wp\/v2\/product_tag?post=3861"}],"curies":[{"name":"wp","href":"https:\/\/api.w.org\/{rel}","templated":true}]}}