{"id":3857,"date":"2024-10-23T15:22:10","date_gmt":"2024-10-23T13:22:10","guid":{"rendered":"http:\/\/billigtrikots.com\/?post_type=product&#038;p=3857"},"modified":"2024-10-23T15:24:18","modified_gmt":"2024-10-23T13:24:18","slug":"fussballtrikots-tottenham-hotspur-heimtrikot-2021-22-weiss-mit-aufdruck-ndombele-28","status":"publish","type":"product","link":"https:\/\/www.billigtrikotde.com\/cs\/fussballtrikots-tottenham-hotspur-heimtrikot-2021-22-weiss-mit-aufdruck-ndombele-28\/","title":{"rendered":"Fotbalov\u00e9 dresy Tottenham Hotspur Home Shirt 2021\/22 white with print NDOMBELE 28"},"content":{"rendered":"<p>Unterst\u00fctze Tottenham Hotspur in der Saison 2021\/2022 und zeige deinen Stolz im offiziellen Nike Replica Heimtrikot.<\/p>\n<p>Das authentische Design des Home Jerseys f\u00fcr Herren basiert auf den Spieltrikots der Profis. Das leichte Funktionsmaterial mit Dri-FIT-Technologie ist besonders atmungsaktiv und sorgt f\u00fcr ein k\u00fchles Tragegef\u00fchl. Signature-Teamdetails wie das Wappen auf der Brust lassen keine Zweifel offen, dass du hinter den Spurs stehst.<\/p>\n<p>Tipy pro tisk: Pokud jsou jm\u00e9no a \u010d\u00edslo na obr\u00e1zku p\u0159esn\u011b takov\u00e9, jak\u00e9 chcete, nemus\u00edte je zad\u00e1vat znovu. Pokud tomu tak nen\u00ed, m\u011bli byste zadat po\u017eadovan\u00e9 jm\u00e9no a \u010d\u00edslo.<\/p>\n<p>Tipy pro pran\u00ed: Doporu\u010dujeme pr\u00e1t fotbalov\u00e1 tri\u010dka v ruce. Pokud chcete pou\u017e\u00edt pra\u010dku, nezapome\u0148te fotbalov\u00e1 tri\u010dka obr\u00e1tit naruby a pot\u00e9 je vyprat. Pra\u010dku napl\u0148te studenou vodou a pou\u017eijte jemn\u00fd cyklus, abyste l\u00e9pe ochr\u00e1nili barvy.<\/p>","protected":false},"excerpt":{"rendered":"<p>Podpo\u0159 Tottenham Hotspur v sez\u00f3n\u011b 2021\/2022 a uka\u017e svou hrdost v ofici\u00e1ln\u00edm Nike Replica dom\u00e1c\u00edm dresu. Autentick\u00fd design dom\u00e1c\u00edho dresu pro d\u011bti je zalo\u017een na z\u00e1pasov\u00fdch dresech profesion\u00e1l\u016f. Lehk\u00fd funk\u010dn\u00ed materi\u00e1l s technologi\u00ed Dri-FIT je obzvl\u00e1\u0161\u0165 prody\u0161n\u00fd a zaji\u0161\u0165uje chladiv\u00fd pocit p\u0159i no\u0161en\u00ed. Detaily t\u00fdmu, jako je znak na hrudi, nenech\u00e1vaj\u00ed \u017e\u00e1dn\u00e9 pochybnosti, \u017ee stoj\u00ed\u0161 za Spurs.<\/p>","protected":false},"featured_media":3899,"comment_status":"open","ping_status":"closed","template":"","meta":[],"product_brand":[],"product_cat":[178],"product_tag":[20,21,22,23,24,106,104],"class_list":{"0":"post-3857","1":"product","2":"type-product","3":"status-publish","4":"has-post-thumbnail","6":"product_cat-tottenham-hotspur","7":"product_tag-coole-fussballtrikots","8":"product_tag-fussballtrikot-fuer-herren","9":"product_tag-fussballtrikot-guenstig-kaufen","10":"product_tag-fussballtrikot-kurzarm","11":"product_tag-guenstiges-fussballtrikot","12":"product_tag-tottenham-hotspur-heimtrikot","13":"product_tag-tottenham-hotspur-trikots","15":"first","16":"instock","17":"shipping-taxable","18":"purchasable","19":"product-type-variable"},"_links":{"self":[{"href":"https:\/\/www.billigtrikotde.com\/cs\/wp-json\/wp\/v2\/product\/3857","targetHints":{"allow":["GET"]}}],"collection":[{"href":"https:\/\/www.billigtrikotde.com\/cs\/wp-json\/wp\/v2\/product"}],"about":[{"href":"https:\/\/www.billigtrikotde.com\/cs\/wp-json\/wp\/v2\/types\/product"}],"replies":[{"embeddable":true,"href":"https:\/\/www.billigtrikotde.com\/cs\/wp-json\/wp\/v2\/comments?post=3857"}],"wp:featuredmedia":[{"embeddable":true,"href":"https:\/\/www.billigtrikotde.com\/cs\/wp-json\/wp\/v2\/media\/3899"}],"wp:attachment":[{"href":"https:\/\/www.billigtrikotde.com\/cs\/wp-json\/wp\/v2\/media?parent=3857"}],"wp:term":[{"taxonomy":"product_brand","embeddable":true,"href":"https:\/\/www.billigtrikotde.com\/cs\/wp-json\/wp\/v2\/product_brand?post=3857"},{"taxonomy":"product_cat","embeddable":true,"href":"https:\/\/www.billigtrikotde.com\/cs\/wp-json\/wp\/v2\/product_cat?post=3857"},{"taxonomy":"product_tag","embeddable":true,"href":"https:\/\/www.billigtrikotde.com\/cs\/wp-json\/wp\/v2\/product_tag?post=3857"}],"curies":[{"name":"wp","href":"https:\/\/api.w.org\/{rel}","templated":true}]}}