{"id":3851,"date":"2024-10-23T15:21:40","date_gmt":"2024-10-23T13:21:40","guid":{"rendered":"http:\/\/billigtrikots.com\/?post_type=product&#038;p=3851"},"modified":"2024-10-23T15:24:18","modified_gmt":"2024-10-23T13:24:18","slug":"trikotsatz-kurzarm-tottenham-hotspur-heimtrikot-2021-22-weiss-mit-aufdruck-lukaks-27","status":"publish","type":"product","link":"https:\/\/www.billigtrikotde.com\/cs\/trikotsatz-kurzarm-tottenham-hotspur-heimtrikot-2021-22-weiss-mit-aufdruck-lukaks-27\/","title":{"rendered":"Dom\u00e1c\u00ed souprava s kr\u00e1tk\u00fdm ruk\u00e1vem Tottenham Hotspur 2021\/22 b\u00edl\u00e1 s potiskem LUKAKS 27"},"content":{"rendered":"<p>Triko od Nike v b\u00edl\u00e9 barv\u011b ti umo\u017en\u00ed nosit barvy sv\u00e9ho obl\u00edben\u00e9ho klubu a v\u0161em uk\u00e1zat, za co tv\u00e9 srdce bije. Pro prav\u00e9 fanou\u0161ky Tottenham Hotspur je to nutnost: dom\u00e1c\u00ed triko v origin\u00e1ln\u00edm designu, jak\u00e9 nos\u00ed hr\u00e1\u010di v Premier League. Je prody\u0161n\u00e9, pohodln\u00e9 a lehk\u00e9. Skv\u011bl\u00fd vzhled sportovn\u00edho topu podtrhuje klubov\u00e1 zna\u010dka na hrudi. Tento sportovn\u00ed top byl vytvo\u0159en tak, aby zv\u00fd\u0161il tv\u016fj v\u00fdkon na dal\u0161\u00ed \u00farove\u0148.<\/p>\n<p>Tipy pro tisk: Pokud jsou jm\u00e9no a \u010d\u00edslo na obr\u00e1zku p\u0159esn\u011b takov\u00e9, jak\u00e9 chcete, nemus\u00edte je zad\u00e1vat znovu. Pokud tomu tak nen\u00ed, m\u011bli byste zadat po\u017eadovan\u00e9 jm\u00e9no a \u010d\u00edslo.<\/p>\n<p>Tipy pro pran\u00ed: Doporu\u010dujeme pr\u00e1t fotbalov\u00e1 tri\u010dka v ruce. Pokud chcete pou\u017e\u00edt pra\u010dku, nezapome\u0148te fotbalov\u00e1 tri\u010dka obr\u00e1tit naruby a pot\u00e9 je vyprat. Pra\u010dku napl\u0148te studenou vodou a pou\u017eijte jemn\u00fd cyklus, abyste l\u00e9pe ochr\u00e1nili barvy.<\/p>","protected":false},"excerpt":{"rendered":"<p>Das Trikot von Nike in Wei\u00df l\u00e4sst dich die Farben deines Lieblingsclubs tragen und allen zeigen, wof\u00fcr dein Herz schl\u00e4gt. F\u00fcr wahre Tottenham Hotspur-Fans ein Muss: das Heim-Trikot im Originaldesign, wie es die Spieler in der Premier League tragen. Es ist atmungsaktiv, bequem und leicht. Untermalt wird die tolle Optik des Sporttops durch das Vereinswappen [&hellip;]<\/p>","protected":false},"featured_media":3890,"comment_status":"open","ping_status":"closed","template":"","meta":[],"product_brand":[],"product_cat":[178],"product_tag":[20,21,22,23,24,106,104],"class_list":{"0":"post-3851","1":"product","2":"type-product","3":"status-publish","4":"has-post-thumbnail","6":"product_cat-tottenham-hotspur","7":"product_tag-coole-fussballtrikots","8":"product_tag-fussballtrikot-fuer-herren","9":"product_tag-fussballtrikot-guenstig-kaufen","10":"product_tag-fussballtrikot-kurzarm","11":"product_tag-guenstiges-fussballtrikot","12":"product_tag-tottenham-hotspur-heimtrikot","13":"product_tag-tottenham-hotspur-trikots","15":"first","16":"instock","17":"shipping-taxable","18":"purchasable","19":"product-type-variable"},"_links":{"self":[{"href":"https:\/\/www.billigtrikotde.com\/cs\/wp-json\/wp\/v2\/product\/3851","targetHints":{"allow":["GET"]}}],"collection":[{"href":"https:\/\/www.billigtrikotde.com\/cs\/wp-json\/wp\/v2\/product"}],"about":[{"href":"https:\/\/www.billigtrikotde.com\/cs\/wp-json\/wp\/v2\/types\/product"}],"replies":[{"embeddable":true,"href":"https:\/\/www.billigtrikotde.com\/cs\/wp-json\/wp\/v2\/comments?post=3851"}],"wp:featuredmedia":[{"embeddable":true,"href":"https:\/\/www.billigtrikotde.com\/cs\/wp-json\/wp\/v2\/media\/3890"}],"wp:attachment":[{"href":"https:\/\/www.billigtrikotde.com\/cs\/wp-json\/wp\/v2\/media?parent=3851"}],"wp:term":[{"taxonomy":"product_brand","embeddable":true,"href":"https:\/\/www.billigtrikotde.com\/cs\/wp-json\/wp\/v2\/product_brand?post=3851"},{"taxonomy":"product_cat","embeddable":true,"href":"https:\/\/www.billigtrikotde.com\/cs\/wp-json\/wp\/v2\/product_cat?post=3851"},{"taxonomy":"product_tag","embeddable":true,"href":"https:\/\/www.billigtrikotde.com\/cs\/wp-json\/wp\/v2\/product_tag?post=3851"}],"curies":[{"name":"wp","href":"https:\/\/api.w.org\/{rel}","templated":true}]}}