{"id":3766,"date":"2024-10-23T15:17:43","date_gmt":"2024-10-23T13:17:43","guid":{"rendered":"http:\/\/billigtrikots.com\/?post_type=product&#038;p=3766"},"modified":"2024-10-23T15:19:51","modified_gmt":"2024-10-23T13:19:51","slug":"personalisierbar-liverpool-heimtrikot-2021-22-vapor-in-rot-mit-aufdruck-virgil-4","status":"publish","type":"product","link":"https:\/\/www.billigtrikotde.com\/cs\/personalisierbar-liverpool-heimtrikot-2021-22-vapor-in-rot-mit-aufdruck-virgil-4\/","title":{"rendered":"P\u0159izp\u016fsobiteln\u00e9 dom\u00e1c\u00ed tri\u010dko Liverpool 2021\/22 Vapor v \u010derven\u00e9 barv\u011b s potiskem VIRGIL 4"},"content":{"rendered":"<p>Reprezentujte sv\u016fj t\u00fdm v dom\u00e1c\u00edm dresu Liverpool FC Stadium. Vysoce prody\u0161n\u00fd materi\u00e1l odv\u00e1d\u00ed pot od poko\u017eky, tak\u017ee se na h\u0159i\u0161ti nebo p\u0159i fand\u011bn\u00ed sv\u00e9mu t\u00fdmu na tribun\u011b budete c\u00edtit v pohod\u011b a komfortu. Tento produkt je vyroben ze 100 % z recyklovan\u00e9ho polyesteru %.<\/p>\n<p>Obzvl\u00e1\u0161t\u011b prody\u0161n\u00fd materi\u00e1l s technologi\u00ed Nike Dri-FIT odv\u00e1d\u00ed pot od poko\u017eky, tak\u017ee se rychleji odpa\u0159uje a udr\u017euje v\u00e1s v suchu a pohodl\u00ed.<\/p>\n<p>Tipy pro tisk: Pokud jsou jm\u00e9no a \u010d\u00edslo na obr\u00e1zku p\u0159esn\u011b takov\u00e9, jak\u00e9 chcete, nemus\u00edte je zad\u00e1vat znovu. Pokud tomu tak nen\u00ed, m\u011bli byste zadat po\u017eadovan\u00e9 jm\u00e9no a \u010d\u00edslo.<\/p>\n<p>Tipy pro pran\u00ed: Doporu\u010dujeme pr\u00e1t fotbalov\u00e1 tri\u010dka v ruce. Pokud chcete pou\u017e\u00edt pra\u010dku, nezapome\u0148te fotbalov\u00e1 tri\u010dka obr\u00e1tit naruby a pot\u00e9 je vyprat. Pra\u010dku napl\u0148te studenou vodou a pou\u017eijte jemn\u00fd cyklus, abyste l\u00e9pe ochr\u00e1nili barvy.<\/p>","protected":false},"excerpt":{"rendered":"<p>Repr\u00e4sentiere dein Team mit dem Liverpool FC Stadium-Heimtrikot. Das \u00e4u\u00dferst atmungsaktive Material leitet den Schwei\u00df von der Haut ab und sorgt damit f\u00fcr k\u00fchlen Tragekomfort auf dem Spielfeld oder beim Anfeuern deines Teams auf der Trib\u00fcne. Dieses Produkt besteht zu 100 % aus recyceltem Polyester. Besonders atmungsaktives Material mit Nike Dri-FIT-Technologie leitet Schwei\u00df von der [&hellip;]<\/p>","protected":false},"featured_media":3806,"comment_status":"open","ping_status":"closed","template":"","meta":[],"product_brand":[],"product_cat":[176],"product_tag":[20,21,22,23,24,152,153],"class_list":{"0":"post-3766","1":"product","2":"type-product","3":"status-publish","4":"has-post-thumbnail","6":"product_cat-liverpool-fc","7":"product_tag-coole-fussballtrikots","8":"product_tag-fussballtrikot-fuer-herren","9":"product_tag-fussballtrikot-guenstig-kaufen","10":"product_tag-fussballtrikot-kurzarm","11":"product_tag-guenstiges-fussballtrikot","12":"product_tag-liverpool-heimtrikot","13":"product_tag-liverpool-trikots","15":"first","16":"instock","17":"shipping-taxable","18":"purchasable","19":"product-type-variable"},"_links":{"self":[{"href":"https:\/\/www.billigtrikotde.com\/cs\/wp-json\/wp\/v2\/product\/3766","targetHints":{"allow":["GET"]}}],"collection":[{"href":"https:\/\/www.billigtrikotde.com\/cs\/wp-json\/wp\/v2\/product"}],"about":[{"href":"https:\/\/www.billigtrikotde.com\/cs\/wp-json\/wp\/v2\/types\/product"}],"replies":[{"embeddable":true,"href":"https:\/\/www.billigtrikotde.com\/cs\/wp-json\/wp\/v2\/comments?post=3766"}],"wp:featuredmedia":[{"embeddable":true,"href":"https:\/\/www.billigtrikotde.com\/cs\/wp-json\/wp\/v2\/media\/3806"}],"wp:attachment":[{"href":"https:\/\/www.billigtrikotde.com\/cs\/wp-json\/wp\/v2\/media?parent=3766"}],"wp:term":[{"taxonomy":"product_brand","embeddable":true,"href":"https:\/\/www.billigtrikotde.com\/cs\/wp-json\/wp\/v2\/product_brand?post=3766"},{"taxonomy":"product_cat","embeddable":true,"href":"https:\/\/www.billigtrikotde.com\/cs\/wp-json\/wp\/v2\/product_cat?post=3766"},{"taxonomy":"product_tag","embeddable":true,"href":"https:\/\/www.billigtrikotde.com\/cs\/wp-json\/wp\/v2\/product_tag?post=3766"}],"curies":[{"name":"wp","href":"https:\/\/api.w.org\/{rel}","templated":true}]}}