{"id":3706,"date":"2024-10-23T15:14:57","date_gmt":"2024-10-23T13:14:57","guid":{"rendered":"http:\/\/billigtrikots.com\/?post_type=product&#038;p=3706"},"modified":"2024-10-23T15:17:02","modified_gmt":"2024-10-23T13:17:02","slug":"personalisierbar-fc-liverpool-ausweichtrikot-2021-22-gelb-rot-mit-aufdruck-a-becker-1","status":"publish","type":"product","link":"https:\/\/www.billigtrikotde.com\/cs\/personalisierbar-fc-liverpool-ausweichtrikot-2021-22-gelb-rot-mit-aufdruck-a-becker-1\/","title":{"rendered":"P\u0159izp\u016fsobiteln\u00e1 souprava Liverpool FC 2021\/22 \u017eluto-\u010derven\u00e1 s potiskem A.BECKER 1"},"content":{"rendered":"<p>Reprezentujte sv\u016fj t\u00fdm ve venkovn\u00edm dresu Liverpoolu. Vysoce prody\u0161n\u00fd materi\u00e1l odv\u00e1d\u00ed pot od poko\u017eky, tak\u017ee budete v pohod\u011b a komfortu, a\u0165 u\u017e jste na h\u0159i\u0161ti nebo na tribun\u011b.<\/p>\n<p>Pohodl\u00ed p\u0159i no\u0161en\u00ed za sucha<\/p>\n<p>Technologie Nike Dri-FIT odv\u00e1d\u00ed pot od poko\u017eky, tak\u017ee se rychle odpa\u0159uje a udr\u017euje v\u00e1s v suchu a pohodl\u00ed.<\/p>\n<p>Pohodln\u00e9 no\u0161en\u00ed<\/p>\n<p>Materi\u00e1l Nike Breathe je mimo\u0159\u00e1dn\u011b prody\u0161n\u00fd a udr\u017euje t\u011b v chladu.<\/p>\n<p>Tipy pro tisk: Pokud jsou jm\u00e9no a \u010d\u00edslo na obr\u00e1zku p\u0159esn\u011b takov\u00e9, jak\u00e9 chcete, nemus\u00edte je zad\u00e1vat znovu. Pokud tomu tak nen\u00ed, m\u011bli byste zadat po\u017eadovan\u00e9 jm\u00e9no a \u010d\u00edslo.<\/p>\n<p>Tipy pro pran\u00ed: Doporu\u010dujeme pr\u00e1t fotbalov\u00e1 tri\u010dka v ruce. Pokud chcete pou\u017e\u00edt pra\u010dku, nezapome\u0148te fotbalov\u00e1 tri\u010dka obr\u00e1tit naruby a pot\u00e9 je vyprat. Pra\u010dku napl\u0148te studenou vodou a pou\u017eijte jemn\u00fd cyklus, abyste l\u00e9pe ochr\u00e1nili barvy.<\/p>","protected":false},"excerpt":{"rendered":"<p>P\u0159edstavte sv\u016fj t\u00fdm v n\u00e1hradn\u00edm dresu Liverpool. Velmi prody\u0161n\u00fd materi\u00e1l odv\u00e1d\u00ed pot od poko\u017eky a zaji\u0161\u0165uje tak chladn\u00fd komfort no\u0161en\u00ed \u2013 a\u0165 u\u017e na h\u0159i\u0161ti nebo v ochozech. Such\u00fd komfort no\u0161en\u00ed Technologie Nike Dri-FIT odv\u00e1d\u00ed pot od poko\u017eky, rychle se odpa\u0159uje a poskytuje tak such\u00fd komfort no\u0161en\u00ed. Chladn\u011bj\u0161\u00ed komfort no\u0161en\u00ed To [\u2026]<\/p>","protected":false},"featured_media":3745,"comment_status":"open","ping_status":"closed","template":"","meta":[],"product_brand":[],"product_cat":[176],"product_tag":[20,21,22,23,24,177,153],"class_list":{"0":"post-3706","1":"product","2":"type-product","3":"status-publish","4":"has-post-thumbnail","6":"product_cat-liverpool-fc","7":"product_tag-coole-fussballtrikots","8":"product_tag-fussballtrikot-fuer-herren","9":"product_tag-fussballtrikot-guenstig-kaufen","10":"product_tag-fussballtrikot-kurzarm","11":"product_tag-guenstiges-fussballtrikot","12":"product_tag-liverpool-ausweichtrikot","13":"product_tag-liverpool-trikots","15":"first","16":"instock","17":"shipping-taxable","18":"purchasable","19":"product-type-variable"},"_links":{"self":[{"href":"https:\/\/www.billigtrikotde.com\/cs\/wp-json\/wp\/v2\/product\/3706","targetHints":{"allow":["GET"]}}],"collection":[{"href":"https:\/\/www.billigtrikotde.com\/cs\/wp-json\/wp\/v2\/product"}],"about":[{"href":"https:\/\/www.billigtrikotde.com\/cs\/wp-json\/wp\/v2\/types\/product"}],"replies":[{"embeddable":true,"href":"https:\/\/www.billigtrikotde.com\/cs\/wp-json\/wp\/v2\/comments?post=3706"}],"wp:featuredmedia":[{"embeddable":true,"href":"https:\/\/www.billigtrikotde.com\/cs\/wp-json\/wp\/v2\/media\/3745"}],"wp:attachment":[{"href":"https:\/\/www.billigtrikotde.com\/cs\/wp-json\/wp\/v2\/media?parent=3706"}],"wp:term":[{"taxonomy":"product_brand","embeddable":true,"href":"https:\/\/www.billigtrikotde.com\/cs\/wp-json\/wp\/v2\/product_brand?post=3706"},{"taxonomy":"product_cat","embeddable":true,"href":"https:\/\/www.billigtrikotde.com\/cs\/wp-json\/wp\/v2\/product_cat?post=3706"},{"taxonomy":"product_tag","embeddable":true,"href":"https:\/\/www.billigtrikotde.com\/cs\/wp-json\/wp\/v2\/product_tag?post=3706"}],"curies":[{"name":"wp","href":"https:\/\/api.w.org\/{rel}","templated":true}]}}