{"id":369,"date":"2024-10-23T12:16:00","date_gmt":"2024-10-23T10:16:00","guid":{"rendered":"http:\/\/billigtrikots.com\/?post_type=product&#038;p=369"},"modified":"2024-10-23T12:48:23","modified_gmt":"2024-10-23T10:48:23","slug":"fc-barcelona-21-22-herren-heimtrikot-blau-rot-mit-ronaldinho-10-individualdruck-gelb","status":"publish","type":"product","link":"https:\/\/www.billigtrikotde.com\/cs\/fc-barcelona-21-22-herren-heimtrikot-blau-rot-mit-ronaldinho-10-individualdruck-gelb\/","title":{"rendered":"FC Barcelona 21\/22 P\u00e1nsk\u00fd dom\u00e1c\u00ed dres modr\u00fd\/\u010derven\u00fd s individu\u00e1ln\u00edm potiskem Ronaldinho 10 \u017elut\u00fd"},"content":{"rendered":"<p>Tady p\u0159ich\u00e1z\u00ed dom\u00e1c\u00ed dres Nike FC Barcelona pro mu\u017ee 2021\/22 a s n\u00edm klasick\u00fd design v nov\u00e9m vzhledu. Ihned si ho po\u0159i\u010f a z\u00edskej dres, kter\u00fd t\u011b p\u0159ibl\u00ed\u017e\u00ed tv\u00fdm idol\u016fm!<\/p>\n<p>S nov\u00fdm dresem v origin\u00e1ln\u00edm vzhledu tv\u00fdch hrdin\u016f Messiho, Su\u00e1reze, Demb\u00e9l\u00e9ho a dal\u0161\u00edch vzd\u00e1v\u00e1\u0161 hold sv\u00e9 obl\u00edben\u00e9 sestav\u011b. Dres se p\u0159edstavuje v tradi\u010dn\u00edch dom\u00e1c\u00edch barv\u00e1ch s ofici\u00e1ln\u00edmi klubov\u00fdmi detaily. Tak ihned uk\u00e1\u017ee\u0161 na prvn\u00ed pohled, za kter\u00fd t\u00fdm srdce bije. Samoz\u0159ejm\u011b nesm\u00ed chyb\u011bt ani legend\u00e1rn\u00ed Nike Swoosh, kter\u00fd v kontrastn\u00ed barv\u011b p\u0159itahuje dal\u0161\u00ed pohled.<\/p>\n<p>Ale nejen\u017ee design boduje na pln\u00e9 \u010d\u00e1\u0159e. Standardn\u00ed st\u0159ih je o n\u011bco voln\u011bj\u0161\u00ed ne\u017e hern\u00ed dres. Tak ti Stadium Jersey nab\u00edz\u00ed nejlep\u0161\u00ed komfort p\u0159i no\u0161en\u00ed, stejn\u011b jako naprostou volnost pohybu, abys mohl v\u017edy pod\u00e1vat perfektn\u00ed v\u00fdkon. Pot odv\u00e1d\u011bj\u00edc\u00ed kvalita Dri-Fit ti nav\u00edc poskytuje prvot\u0159\u00eddn\u00ed komfort p\u0159i no\u0161en\u00ed a udr\u017e\u00ed t\u011b such\u00e9ho i v turbulentn\u00edch situac\u00edch \u2013 a\u0165 u\u017e p\u0159i fand\u011bn\u00ed nebo vlastn\u00edm tr\u00e9ninku.<\/p>\n<p>Tak u\u017e ne\u010dekej a objednej hned! Nike FC Barcelona dom\u00e1c\u00ed dres pro mu\u017ee 2021\/22 by si \u017e\u00e1dn\u00fd opravdov\u00fd fanou\u0161ek nem\u011bl nechat uj\u00edt! S n\u00edm v\u017edy uk\u00e1\u017ee\u0161 uzn\u00e1n\u00ed a hrdost za sv\u016fj t\u00fdm!<\/p>\n<p>Tipy pro tisk: Pokud jsou jm\u00e9no a \u010d\u00edslo na obr\u00e1zku p\u0159esn\u011b takov\u00e9, jak\u00e9 chcete, nemus\u00edte je zad\u00e1vat znovu. Pokud tomu tak nen\u00ed, m\u011bli byste zadat po\u017eadovan\u00e9 jm\u00e9no a \u010d\u00edslo.<\/p>\n<p>Tipy pro pran\u00ed: Doporu\u010dujeme pr\u00e1t fotbalov\u00e1 tri\u010dka v ruce. Pokud chcete pou\u017e\u00edt pra\u010dku, nezapome\u0148te fotbalov\u00e1 tri\u010dka obr\u00e1tit naruby a pot\u00e9 je vyprat. Pra\u010dku napl\u0148te studenou vodou a pou\u017eijte jemn\u00fd cyklus, abyste l\u00e9pe ochr\u00e1nili barvy.<\/p>","protected":false},"excerpt":{"rendered":"<p>Hier kommt das Nike FC Barcelona Herren Heim Trikot 2021\/22 und mit ihm ein klassisches Design im neuen Look. Greif gleich zu und hol dir das Trikot, das dich deinen Idolen ganz nah sein l\u00e4sst! Mit dem neuen Trikot im Original Look deiner Helden Messi, Su\u00e1rez, Demb\u00e9l\u00e9 und Co, zollst du deiner Lieblingself vollen Tribut. [&hellip;]<\/p>","protected":false},"featured_media":407,"comment_status":"open","ping_status":"closed","template":"","meta":[],"product_brand":[],"product_cat":[31],"product_tag":[32,20,33,21,22,23,24],"class_list":{"0":"post-369","1":"product","2":"type-product","3":"status-publish","4":"has-post-thumbnail","6":"product_cat-fc-barcelona","7":"product_tag-barcelona-heimtrikot","8":"product_tag-coole-fussballtrikots","9":"product_tag-fc-barcelona-trikots","10":"product_tag-fussballtrikot-fuer-herren","11":"product_tag-fussballtrikot-guenstig-kaufen","12":"product_tag-fussballtrikot-kurzarm","13":"product_tag-guenstiges-fussballtrikot","15":"first","16":"instock","17":"featured","18":"shipping-taxable","19":"purchasable","20":"product-type-variable"},"_links":{"self":[{"href":"https:\/\/www.billigtrikotde.com\/cs\/wp-json\/wp\/v2\/product\/369","targetHints":{"allow":["GET"]}}],"collection":[{"href":"https:\/\/www.billigtrikotde.com\/cs\/wp-json\/wp\/v2\/product"}],"about":[{"href":"https:\/\/www.billigtrikotde.com\/cs\/wp-json\/wp\/v2\/types\/product"}],"replies":[{"embeddable":true,"href":"https:\/\/www.billigtrikotde.com\/cs\/wp-json\/wp\/v2\/comments?post=369"}],"wp:featuredmedia":[{"embeddable":true,"href":"https:\/\/www.billigtrikotde.com\/cs\/wp-json\/wp\/v2\/media\/407"}],"wp:attachment":[{"href":"https:\/\/www.billigtrikotde.com\/cs\/wp-json\/wp\/v2\/media?parent=369"}],"wp:term":[{"taxonomy":"product_brand","embeddable":true,"href":"https:\/\/www.billigtrikotde.com\/cs\/wp-json\/wp\/v2\/product_brand?post=369"},{"taxonomy":"product_cat","embeddable":true,"href":"https:\/\/www.billigtrikotde.com\/cs\/wp-json\/wp\/v2\/product_cat?post=369"},{"taxonomy":"product_tag","embeddable":true,"href":"https:\/\/www.billigtrikotde.com\/cs\/wp-json\/wp\/v2\/product_tag?post=369"}],"curies":[{"name":"wp","href":"https:\/\/api.w.org\/{rel}","templated":true}]}}