{"id":3667,"date":"2024-10-23T15:13:15","date_gmt":"2024-10-23T13:13:15","guid":{"rendered":"http:\/\/billigtrikots.com\/?post_type=product&#038;p=3667"},"modified":"2024-10-23T15:15:21","modified_gmt":"2024-10-23T13:15:21","slug":"personalisierbar-fc-liverpool-auswaertstrikot-2021-22-beige-mit-aufdruck-a-becker-1","status":"publish","type":"product","link":"https:\/\/www.billigtrikotde.com\/cs\/personalisierbar-fc-liverpool-auswaertstrikot-2021-22-beige-mit-aufdruck-a-becker-1\/","title":{"rendered":"P\u0159izp\u016fsobiteln\u00e1 souprava Liverpool FC 2021\/22 beige s potiskem A.BECKER 1"},"content":{"rendered":"<p>P\u0159ich\u00e1z\u00ed tri\u010dko Nike v \u010derven\u00e9 barv\u011b, kter\u00e9 v\u00e1m pom\u016f\u017ee podpo\u0159it v\u00e1\u0161 obl\u00edben\u00fd klub za ka\u017ed\u00e9 situace a uk\u00e1zat, pro co bije va\u0161e srdce. Toto venkovn\u00ed tri\u010dko pot\u0159ebuje ka\u017ed\u00fd spr\u00e1vn\u00fd p\u0159\u00edznivec FC Liverpool, proto\u017ee ho hr\u00e1\u010di nos\u00ed i v Premier League. Lehk\u00fd, prody\u0161n\u00fd a superpohodln\u00fd model, kter\u00fd odv\u00e1d\u00ed pot, je v\u00edt\u011bzem na cel\u00e9 \u010d\u00e1\u0159e. Vizu\u00e1ln\u011b vynik\u00e1 klubov\u00fdm znakem na hrudi. S t\u00edmto dresem m\u016f\u017eete pod\u00e1vat je\u0161t\u011b lep\u0161\u00ed v\u00fdkony a p\u0159ipravit se na dal\u0161\u00ed z\u00e1pas.<\/p>\n<p>Tipy pro tisk: Pokud jsou jm\u00e9no a \u010d\u00edslo na obr\u00e1zku p\u0159esn\u011b takov\u00e9, jak\u00e9 chcete, nemus\u00edte je zad\u00e1vat znovu. Pokud tomu tak nen\u00ed, m\u011bli byste zadat po\u017eadovan\u00e9 jm\u00e9no a \u010d\u00edslo.<\/p>\n<p>Tipy pro pran\u00ed: Doporu\u010dujeme pr\u00e1t fotbalov\u00e1 tri\u010dka v ruce. Pokud chcete pou\u017e\u00edt pra\u010dku, nezapome\u0148te fotbalov\u00e1 tri\u010dka obr\u00e1tit naruby a pot\u00e9 je vyprat. Pra\u010dku napl\u0148te studenou vodou a pou\u017eijte jemn\u00fd cyklus, abyste l\u00e9pe ochr\u00e1nili barvy.<\/p>","protected":false},"excerpt":{"rendered":"<p>Hier kommt das Nike Shirt in Rot, das dir hilft, deinen Lieblingsverein in jeder Lage zu unterst\u00fctzen und zu zeigen, wof\u00fcr dein Herz schl\u00e4gt. Jeder waschechte FC Liverpool-Supporter ben\u00f6tigt dieses Ausw\u00e4rts-Shirt, denn auch die Spieler tragen es in der Premier League. Das leichte, schwei\u00dfableitende, atmungsaktive und super bequeme Modell \u00fcberzeugt auf ganzer Linie. Es besticht [&hellip;]<\/p>","protected":false},"featured_media":3709,"comment_status":"open","ping_status":"closed","template":"","meta":[],"product_brand":[],"product_cat":[176],"product_tag":[20,21,22,23,24,156,153],"class_list":{"0":"post-3667","1":"product","2":"type-product","3":"status-publish","4":"has-post-thumbnail","6":"product_cat-liverpool-fc","7":"product_tag-coole-fussballtrikots","8":"product_tag-fussballtrikot-fuer-herren","9":"product_tag-fussballtrikot-guenstig-kaufen","10":"product_tag-fussballtrikot-kurzarm","11":"product_tag-guenstiges-fussballtrikot","12":"product_tag-liverpool-auswaertstrikot","13":"product_tag-liverpool-trikots","15":"first","16":"instock","17":"shipping-taxable","18":"purchasable","19":"product-type-variable"},"_links":{"self":[{"href":"https:\/\/www.billigtrikotde.com\/cs\/wp-json\/wp\/v2\/product\/3667","targetHints":{"allow":["GET"]}}],"collection":[{"href":"https:\/\/www.billigtrikotde.com\/cs\/wp-json\/wp\/v2\/product"}],"about":[{"href":"https:\/\/www.billigtrikotde.com\/cs\/wp-json\/wp\/v2\/types\/product"}],"replies":[{"embeddable":true,"href":"https:\/\/www.billigtrikotde.com\/cs\/wp-json\/wp\/v2\/comments?post=3667"}],"wp:featuredmedia":[{"embeddable":true,"href":"https:\/\/www.billigtrikotde.com\/cs\/wp-json\/wp\/v2\/media\/3709"}],"wp:attachment":[{"href":"https:\/\/www.billigtrikotde.com\/cs\/wp-json\/wp\/v2\/media?parent=3667"}],"wp:term":[{"taxonomy":"product_brand","embeddable":true,"href":"https:\/\/www.billigtrikotde.com\/cs\/wp-json\/wp\/v2\/product_brand?post=3667"},{"taxonomy":"product_cat","embeddable":true,"href":"https:\/\/www.billigtrikotde.com\/cs\/wp-json\/wp\/v2\/product_cat?post=3667"},{"taxonomy":"product_tag","embeddable":true,"href":"https:\/\/www.billigtrikotde.com\/cs\/wp-json\/wp\/v2\/product_tag?post=3667"}],"curies":[{"name":"wp","href":"https:\/\/api.w.org\/{rel}","templated":true}]}}