{"id":3663,"date":"2024-10-23T15:13:12","date_gmt":"2024-10-23T13:13:12","guid":{"rendered":"http:\/\/billigtrikots.com\/?post_type=product&#038;p=3663"},"modified":"2024-10-23T15:15:20","modified_gmt":"2024-10-23T13:15:20","slug":"fc-liverpool-herren-fussball-torwarttrikot-2021-2022-gruen-kurzarm-kurze-hosen","status":"publish","type":"product","link":"https:\/\/www.billigtrikotde.com\/cs\/fc-liverpool-herren-fussball-torwarttrikot-2021-2022-gruen-kurzarm-kurze-hosen\/","title":{"rendered":"P\u00e1nsk\u00e1 fotbalov\u00e1 brank\u00e1\u0159sk\u00e1 souprava Liverpool FC 2021\/2022 zelen\u00e1 s kr\u00e1tk\u00fdm ruk\u00e1vem + \u0161ortky"},"content":{"rendered":"<p>Se pohodln\u00fdm modelem ve zelen\u00e9 barv\u011b projevuje\u0161 svou bezpodm\u00edne\u010dnou l\u00e1sku ke sv\u00e9mu klubu. Nike vyd\u00e1v\u00e1 s brank\u00e1\u0159sk\u00fdm dresem opravdu jedine\u010dn\u00fd produkt. V\u00edce podpory se jen tak ned\u00e1 z\u00edskat! S t\u00edmto dres FC Liverpool pro brank\u00e1\u0159e roz\u0161i\u0159uje\u0161 svoji fanou\u0161kovskou sb\u00edrku. Potiv\u00e9 odv\u00e1d\u011bj\u00edc\u00ed, prody\u0161n\u00fd, lehk\u00fd a pohodln\u00fd funk\u010dn\u00ed syst\u00e9m ho \u010din\u00ed p\u0159esv\u011bd\u010div\u00fdm. S t\u00edmto dresem bude\u0161 na dal\u0161\u00ed jednotce dokonale vybaven\u00fd. Jedn\u00e1 se o brank\u00e1\u0159sk\u00fd dres, kter\u00fd d\u00edky logu klubu na hrudi jist\u011b vynikne. Ne\u010dekej na tomto zelen\u00e9m brank\u00e1\u0159sk\u00e9m dresu s kostkovan\u00fdm vzorem!<\/p>\n<p>Tipy pro tisk: Pokud jsou jm\u00e9no a \u010d\u00edslo na obr\u00e1zku p\u0159esn\u011b takov\u00e9, jak\u00e9 chcete, nemus\u00edte je zad\u00e1vat znovu. Pokud tomu tak nen\u00ed, m\u011bli byste zadat po\u017eadovan\u00e9 jm\u00e9no a \u010d\u00edslo.<\/p>\n<p>Tipy pro pran\u00ed: Doporu\u010dujeme pr\u00e1t fotbalov\u00e1 tri\u010dka v ruce. Pokud chcete pou\u017e\u00edt pra\u010dku, nezapome\u0148te fotbalov\u00e1 tri\u010dka obr\u00e1tit naruby a pot\u00e9 je vyprat. Pra\u010dku napl\u0148te studenou vodou a pou\u017eijte jemn\u00fd cyklus, abyste l\u00e9pe ochr\u00e1nili barvy.<\/p>","protected":false},"excerpt":{"rendered":"<p>Mit dem bequemen Modell in Gr\u00fcn zeigst du deine bedingungslose Liebe zu deinem Verein. Nike ver\u00f6ffentlicht mit dem Torh\u00fcter-Trikot ein wirklich einmaliges Produkt. Mehr Unterst\u00fctzung geht kaum! Mit diesem FC Liverpool-Torh\u00fcter-Trikot erweiterst du deine Fan-Sammlung. Die schwei\u00dfableitende, atmungsaktive, leichte und bequeme Funktionsweise l\u00e4sst es \u00fcberzeugen. Mit diesem Trikot bist du f\u00fcr die n\u00e4chste Einheit perfekt [&hellip;]<\/p>","protected":false},"featured_media":3707,"comment_status":"open","ping_status":"closed","template":"","meta":[],"product_brand":[],"product_cat":[176],"product_tag":[20,35,21,23,24,155],"class_list":{"0":"post-3663","1":"product","2":"type-product","3":"status-publish","4":"has-post-thumbnail","6":"product_cat-liverpool-fc","7":"product_tag-coole-fussballtrikots","8":"product_tag-fussball-torwarttrikots","9":"product_tag-fussballtrikot-fuer-herren","10":"product_tag-fussballtrikot-kurzarm","11":"product_tag-guenstiges-fussballtrikot","12":"product_tag-liverpool-torwarttrikot","14":"first","15":"instock","16":"shipping-taxable","17":"purchasable","18":"product-type-variable"},"_links":{"self":[{"href":"https:\/\/www.billigtrikotde.com\/cs\/wp-json\/wp\/v2\/product\/3663","targetHints":{"allow":["GET"]}}],"collection":[{"href":"https:\/\/www.billigtrikotde.com\/cs\/wp-json\/wp\/v2\/product"}],"about":[{"href":"https:\/\/www.billigtrikotde.com\/cs\/wp-json\/wp\/v2\/types\/product"}],"replies":[{"embeddable":true,"href":"https:\/\/www.billigtrikotde.com\/cs\/wp-json\/wp\/v2\/comments?post=3663"}],"wp:featuredmedia":[{"embeddable":true,"href":"https:\/\/www.billigtrikotde.com\/cs\/wp-json\/wp\/v2\/media\/3707"}],"wp:attachment":[{"href":"https:\/\/www.billigtrikotde.com\/cs\/wp-json\/wp\/v2\/media?parent=3663"}],"wp:term":[{"taxonomy":"product_brand","embeddable":true,"href":"https:\/\/www.billigtrikotde.com\/cs\/wp-json\/wp\/v2\/product_brand?post=3663"},{"taxonomy":"product_cat","embeddable":true,"href":"https:\/\/www.billigtrikotde.com\/cs\/wp-json\/wp\/v2\/product_cat?post=3663"},{"taxonomy":"product_tag","embeddable":true,"href":"https:\/\/www.billigtrikotde.com\/cs\/wp-json\/wp\/v2\/product_tag?post=3663"}],"curies":[{"name":"wp","href":"https:\/\/api.w.org\/{rel}","templated":true}]}}