{"id":3653,"date":"2024-10-23T15:12:40","date_gmt":"2024-10-23T13:12:40","guid":{"rendered":"http:\/\/billigtrikots.com\/?post_type=product&#038;p=3653"},"modified":"2024-10-23T15:14:48","modified_gmt":"2024-10-23T13:14:48","slug":"fc-liverpool-2021-2022-orange-goalkeeper-shirt-shorts-with-a-becker-1-printing","status":"publish","type":"product","link":"https:\/\/www.billigtrikotde.com\/cs\/fc-liverpool-2021-2022-orange-goalkeeper-shirt-shorts-with-a-becker-1-printing\/","title":{"rendered":"Liverpool FC 2021\/2022 Oran\u017eov\u00e9 brank\u00e1\u0159sk\u00e9 tri\u010dko + \u0161ortky s potiskem A.BECKER 1"},"content":{"rendered":"<p>Pro prav\u00e9 fanou\u0161ky FC Liverpool je nezbytnost\u00ed: sportovn\u00ed tri\u010dko v origin\u00e1ln\u00edm designu. Doporu\u010dujeme tento lehk\u00fd, velmi pohodln\u00fd, prody\u0161n\u00fd a odv\u00e1d\u011bj\u00edc\u00ed pot model s p\u0159\u00edjemn\u00fdm pocitem p\u0159i no\u0161en\u00ed. Vyzna\u010duje se vizu\u00e1ln\u011b s klubov\u00fdm znakem na hrudi. S t\u00edmto trikem jste ide\u00e1ln\u011b p\u0159ipraveni na ka\u017ed\u00e9 tr\u00e9ninkov\u00e9 a z\u00e1pasov\u00e9 obdob\u00ed. Nechte toto oran\u017eov\u00e9 sportovn\u00ed tri\u010dko s kostkov\u00fdm vzorem st\u00e1t se va\u0161\u00edm v\u011brn\u00fdm spole\u010dn\u00edkem.<\/p>\n<p>Tipy pro tisk: Pokud jsou jm\u00e9no a \u010d\u00edslo na obr\u00e1zku p\u0159esn\u011b takov\u00e9, jak\u00e9 chcete, nemus\u00edte je zad\u00e1vat znovu. Pokud tomu tak nen\u00ed, m\u011bli byste zadat po\u017eadovan\u00e9 jm\u00e9no a \u010d\u00edslo.<\/p>\n<p>Tipy pro pran\u00ed: Doporu\u010dujeme pr\u00e1t fotbalov\u00e1 tri\u010dka v ruce. Pokud chcete pou\u017e\u00edt pra\u010dku, nezapome\u0148te fotbalov\u00e1 tri\u010dka obr\u00e1tit naruby a pot\u00e9 je vyprat. Pra\u010dku napl\u0148te studenou vodou a pou\u017eijte jemn\u00fd cyklus, abyste l\u00e9pe ochr\u00e1nili barvy.<\/p>","protected":false},"excerpt":{"rendered":"<p>Pro prav\u00e9 fanou\u0161ky FC Liverpool je nezbytnost\u00ed: sportovn\u00ed tri\u010dko v origin\u00e1ln\u00edm designu. Doporu\u010dujeme tento lehk\u00fd, velmi pohodln\u00fd, prody\u0161n\u00fd a odv\u00e1d\u011bj\u00edc\u00ed pot model s p\u0159\u00edjemn\u00fdm pocitem p\u0159i no\u0161en\u00ed. Vyzna\u010duje se vizu\u00e1ln\u011b s klubov\u00fdm znakem na hrudi. S t\u00edmto trikem jste ide\u00e1ln\u011b p\u0159ipraveni na ka\u017ed\u00e9 tr\u00e9ninkov\u00e9 a z\u00e1pasov\u00e9 obdob\u00ed. Nechte toto oran\u017eov\u00e9 sportovn\u00ed tri\u010dko s kostkov\u00fdm vzorem st\u00e1t se va\u0161\u00edm v\u011brn\u00fdm spole\u010dn\u00edkem.<\/p>","protected":false},"featured_media":3696,"comment_status":"open","ping_status":"closed","template":"","meta":[],"product_brand":[],"product_cat":[176],"product_tag":[20,35,21,23,24,155],"class_list":{"0":"post-3653","1":"product","2":"type-product","3":"status-publish","4":"has-post-thumbnail","6":"product_cat-liverpool-fc","7":"product_tag-coole-fussballtrikots","8":"product_tag-fussball-torwarttrikots","9":"product_tag-fussballtrikot-fuer-herren","10":"product_tag-fussballtrikot-kurzarm","11":"product_tag-guenstiges-fussballtrikot","12":"product_tag-liverpool-torwarttrikot","14":"first","15":"instock","16":"shipping-taxable","17":"purchasable","18":"product-type-variable"},"_links":{"self":[{"href":"https:\/\/www.billigtrikotde.com\/cs\/wp-json\/wp\/v2\/product\/3653","targetHints":{"allow":["GET"]}}],"collection":[{"href":"https:\/\/www.billigtrikotde.com\/cs\/wp-json\/wp\/v2\/product"}],"about":[{"href":"https:\/\/www.billigtrikotde.com\/cs\/wp-json\/wp\/v2\/types\/product"}],"replies":[{"embeddable":true,"href":"https:\/\/www.billigtrikotde.com\/cs\/wp-json\/wp\/v2\/comments?post=3653"}],"wp:featuredmedia":[{"embeddable":true,"href":"https:\/\/www.billigtrikotde.com\/cs\/wp-json\/wp\/v2\/media\/3696"}],"wp:attachment":[{"href":"https:\/\/www.billigtrikotde.com\/cs\/wp-json\/wp\/v2\/media?parent=3653"}],"wp:term":[{"taxonomy":"product_brand","embeddable":true,"href":"https:\/\/www.billigtrikotde.com\/cs\/wp-json\/wp\/v2\/product_brand?post=3653"},{"taxonomy":"product_cat","embeddable":true,"href":"https:\/\/www.billigtrikotde.com\/cs\/wp-json\/wp\/v2\/product_cat?post=3653"},{"taxonomy":"product_tag","embeddable":true,"href":"https:\/\/www.billigtrikotde.com\/cs\/wp-json\/wp\/v2\/product_tag?post=3653"}],"curies":[{"name":"wp","href":"https:\/\/api.w.org\/{rel}","templated":true}]}}