{"id":3629,"date":"2024-10-23T15:11:33","date_gmt":"2024-10-23T13:11:33","guid":{"rendered":"http:\/\/billigtrikots.com\/?post_type=product&#038;p=3629"},"modified":"2024-10-23T15:13:43","modified_gmt":"2024-10-23T13:13:43","slug":"fc-bayern-muenchen-3rd-herren-trikot-21-22-ausweichtrikot-weiss-mit-aufdruck-nianzou-23","status":"publish","type":"product","link":"https:\/\/www.billigtrikotde.com\/cs\/fc-bayern-muenchen-3rd-herren-trikot-21-22-ausweichtrikot-weiss-mit-aufdruck-nianzou-23\/","title":{"rendered":"FC Bayern Mnichov 3. p\u00e1nsk\u00fd dres 21\/22 v\u00fdjezdn\u00ed souprava b\u00edl\u00e1 s potiskem Nianzou 23"},"content":{"rendered":"<p>Z Mnichova m\u011bsta, odkud nejsou hory daleko. Nen\u00ed divu, \u017ee repliky v\u00fdbavy pro identifikaci adidas FC Bayern M\u00fcnchen jsou inspirov\u00e1ny Alpami. Fanou\u0161kovsk\u00e9 triko p\u0159ich\u00e1z\u00ed s technologii AEROREADY, kter\u00e1 odv\u00e1d\u00ed vlhkost pro pohodln\u00e9 no\u0161en\u00ed. Samoz\u0159ejm\u011b v zadn\u00ed \u010d\u00e1sti nesm\u00ed chyb\u011bt i n\u00e1pis \u201eMia san mia\u201c.<\/p>\n<p>Tipy pro tisk: Pokud jsou jm\u00e9no a \u010d\u00edslo na obr\u00e1zku p\u0159esn\u011b takov\u00e9, jak\u00e9 chcete, nemus\u00edte je zad\u00e1vat znovu. Pokud tomu tak nen\u00ed, m\u011bli byste zadat po\u017eadovan\u00e9 jm\u00e9no a \u010d\u00edslo.<\/p>\n<p>Tipy pro pran\u00ed: Doporu\u010dujeme pr\u00e1t fotbalov\u00e1 tri\u010dka v ruce. Pokud chcete pou\u017e\u00edt pra\u010dku, nezapome\u0148te fotbalov\u00e1 tri\u010dka obr\u00e1tit naruby a pot\u00e9 je vyprat. Pra\u010dku napl\u0148te studenou vodou a pou\u017eijte jemn\u00fd cyklus, abyste l\u00e9pe ochr\u00e1nili barvy.<\/p>","protected":false},"excerpt":{"rendered":"<p>Z Mnichova nejsou hory daleko. Nen\u00ed divu, \u017ee prodejn\u00ed v\u00fdbavu adidas FC Bayern Mnichov inspirovaly Alpy. Fanou\u0161kovsk\u00fd dres je vybaven technologi\u00ed AEROREADY pro absorpci vlhkosti pro pohodln\u00e9 no\u0161en\u00ed. Samoz\u0159ejm\u011b nesm\u00ed chyb\u011bt n\u00e1pis \u201eMia san mia\u201c v oblasti zad. Tipy k tisku: Pokud jm\u00e9no a \u010d\u00edslo na [\u2026]<\/p>","protected":false},"featured_media":3669,"comment_status":"open","ping_status":"closed","template":"","meta":[],"product_brand":[],"product_cat":[175],"product_tag":[139,137,20,21,22,23,24],"class_list":{"0":"post-3629","1":"product","2":"type-product","3":"status-publish","4":"has-post-thumbnail","6":"product_cat-bayern-munich","7":"product_tag-bayern-muenchen-ausweichtrikot","8":"product_tag-bayern-muenchen-trikots","9":"product_tag-coole-fussballtrikots","10":"product_tag-fussballtrikot-fuer-herren","11":"product_tag-fussballtrikot-guenstig-kaufen","12":"product_tag-fussballtrikot-kurzarm","13":"product_tag-guenstiges-fussballtrikot","15":"first","16":"instock","17":"shipping-taxable","18":"purchasable","19":"product-type-variable"},"_links":{"self":[{"href":"https:\/\/www.billigtrikotde.com\/cs\/wp-json\/wp\/v2\/product\/3629","targetHints":{"allow":["GET"]}}],"collection":[{"href":"https:\/\/www.billigtrikotde.com\/cs\/wp-json\/wp\/v2\/product"}],"about":[{"href":"https:\/\/www.billigtrikotde.com\/cs\/wp-json\/wp\/v2\/types\/product"}],"replies":[{"embeddable":true,"href":"https:\/\/www.billigtrikotde.com\/cs\/wp-json\/wp\/v2\/comments?post=3629"}],"wp:featuredmedia":[{"embeddable":true,"href":"https:\/\/www.billigtrikotde.com\/cs\/wp-json\/wp\/v2\/media\/3669"}],"wp:attachment":[{"href":"https:\/\/www.billigtrikotde.com\/cs\/wp-json\/wp\/v2\/media?parent=3629"}],"wp:term":[{"taxonomy":"product_brand","embeddable":true,"href":"https:\/\/www.billigtrikotde.com\/cs\/wp-json\/wp\/v2\/product_brand?post=3629"},{"taxonomy":"product_cat","embeddable":true,"href":"https:\/\/www.billigtrikotde.com\/cs\/wp-json\/wp\/v2\/product_cat?post=3629"},{"taxonomy":"product_tag","embeddable":true,"href":"https:\/\/www.billigtrikotde.com\/cs\/wp-json\/wp\/v2\/product_tag?post=3629"}],"curies":[{"name":"wp","href":"https:\/\/api.w.org\/{rel}","templated":true}]}}