{"id":3594,"date":"2024-10-23T15:09:55","date_gmt":"2024-10-23T13:09:55","guid":{"rendered":"http:\/\/billigtrikots.com\/?post_type=product&#038;p=3594"},"modified":"2024-10-23T15:12:00","modified_gmt":"2024-10-23T13:12:00","slug":"personalisierbar-dfb-deutschland-herren-adipro-20-torwarttrikot-grau","status":"publish","type":"product","link":"https:\/\/www.billigtrikotde.com\/cs\/personalisierbar-dfb-deutschland-herren-adipro-20-torwarttrikot-grau\/","title":{"rendered":"P\u0159izp\u016fsobiteln\u00e9 DFB Germany P\u00e1nsk\u00fd AdiPro 20 Brank\u00e1\u0159sk\u00fd dres Grey"},"content":{"rendered":"<p>P\u00e1nsk\u00fd brank\u00e1\u0159sk\u00fd dres AdiPro 20 zaujme prody\u0161n\u00fdmi technologiemi a vysokou odolnost\u00ed. Rychleschnouc\u00ed funk\u010dn\u00ed materi\u00e1l s technologi\u00ed ClimaLite nab\u00edz\u00ed neomezenou volnost pohybu, tak\u017ee se m\u016f\u017eete pln\u011b soust\u0159edit na m\u00ed\u010d. P\u0159il\u00e9hav\u00e9 ruk\u00e1vy z\u016fstanou na sv\u00e9m m\u00edst\u011b, kdy\u017e dos\u00e1hnete na m\u00ed\u010d. V\u00fdst\u0159ih do V s \u00fazk\u00fdm stoj\u00e1\u010dkem a typick\u00e9 3 prou\u017eky adidas na rameni dres dokonale dopl\u0148uj\u00ed.<\/p>\n<p>Tipy pro tisk: Pokud jsou jm\u00e9no a \u010d\u00edslo na obr\u00e1zku p\u0159esn\u011b takov\u00e9, jak\u00e9 chcete, nemus\u00edte je zad\u00e1vat znovu. Pokud tomu tak nen\u00ed, m\u011bli byste zadat po\u017eadovan\u00e9 jm\u00e9no a \u010d\u00edslo.<\/p>\n<p>Tipy pro pran\u00ed: Doporu\u010dujeme pr\u00e1t fotbalov\u00e1 tri\u010dka v ruce. Pokud chcete pou\u017e\u00edt pra\u010dku, nezapome\u0148te fotbalov\u00e1 tri\u010dka obr\u00e1tit naruby a pot\u00e9 je vyprat. Pra\u010dku napl\u0148te studenou vodou a pou\u017eijte jemn\u00fd cyklus, abyste l\u00e9pe ochr\u00e1nili barvy.<\/p>","protected":false},"excerpt":{"rendered":"<p>Das AdiPro 20 Torwarttrikot f\u00fcr Herren \u00fcberzeugt dich mit atmungsaktiven Technologien und hoher Strapazierf\u00e4higkeit. Das schnell trocknende Funktionsmaterial mit ClimaLite Technologie bietet uneingeschr\u00e4nkte Bewegungsfreiheit, damit du dich voll und ganz auf den Ball konzentrieren kannst. Die eng anliegenden \u00c4rmel bleiben beim Erreichen des Balls an Ort und Stelle. Der V-Ausschnitt mit schmalem Stehkragen sowie die [&hellip;]<\/p>","protected":false},"featured_media":3634,"comment_status":"open","ping_status":"closed","template":"","meta":[],"product_brand":[],"product_cat":[170],"product_tag":[20,171,172,21,22,23,24],"class_list":{"0":"post-3594","1":"product","2":"type-product","3":"status-publish","4":"has-post-thumbnail","6":"product_cat-deutschland-trikots","7":"product_tag-coole-fussballtrikots","8":"product_tag-deutschland-torwarttrikot","9":"product_tag-deutschland-trikots","10":"product_tag-fussballtrikot-fuer-herren","11":"product_tag-fussballtrikot-guenstig-kaufen","12":"product_tag-fussballtrikot-kurzarm","13":"product_tag-guenstiges-fussballtrikot","15":"first","16":"instock","17":"shipping-taxable","18":"purchasable","19":"product-type-variable"},"_links":{"self":[{"href":"https:\/\/www.billigtrikotde.com\/cs\/wp-json\/wp\/v2\/product\/3594","targetHints":{"allow":["GET"]}}],"collection":[{"href":"https:\/\/www.billigtrikotde.com\/cs\/wp-json\/wp\/v2\/product"}],"about":[{"href":"https:\/\/www.billigtrikotde.com\/cs\/wp-json\/wp\/v2\/types\/product"}],"replies":[{"embeddable":true,"href":"https:\/\/www.billigtrikotde.com\/cs\/wp-json\/wp\/v2\/comments?post=3594"}],"wp:featuredmedia":[{"embeddable":true,"href":"https:\/\/www.billigtrikotde.com\/cs\/wp-json\/wp\/v2\/media\/3634"}],"wp:attachment":[{"href":"https:\/\/www.billigtrikotde.com\/cs\/wp-json\/wp\/v2\/media?parent=3594"}],"wp:term":[{"taxonomy":"product_brand","embeddable":true,"href":"https:\/\/www.billigtrikotde.com\/cs\/wp-json\/wp\/v2\/product_brand?post=3594"},{"taxonomy":"product_cat","embeddable":true,"href":"https:\/\/www.billigtrikotde.com\/cs\/wp-json\/wp\/v2\/product_cat?post=3594"},{"taxonomy":"product_tag","embeddable":true,"href":"https:\/\/www.billigtrikotde.com\/cs\/wp-json\/wp\/v2\/product_tag?post=3594"}],"curies":[{"name":"wp","href":"https:\/\/api.w.org\/{rel}","templated":true}]}}