{"id":3563,"date":"2024-10-23T15:08:44","date_gmt":"2024-10-23T13:08:44","guid":{"rendered":"http:\/\/billigtrikots.com\/?post_type=product&#038;p=3563"},"modified":"2024-10-23T15:10:49","modified_gmt":"2024-10-23T13:10:49","slug":"fc-arsenal-heimtrikot-2022-fuer-kinder-weiss-rot-mit-lacazette-9-aufdruck","status":"publish","type":"product","link":"https:\/\/www.billigtrikotde.com\/cs\/fc-arsenal-heimtrikot-2022-fuer-kinder-weiss-rot-mit-lacazette-9-aufdruck\/","title":{"rendered":"FC Arsenal dom\u00e1c\u00ed tri\u010dko 2022 pro d\u011bti b\u00edl\u00e1\/\u010derven\u00e1 s potiskem Lacazette 9"},"content":{"rendered":"<p>Nov\u00fd dom\u00e1c\u00ed dres Arsenalu od spole\u010dnosti adidas je vyveden v typick\u00fdch \u010dervenob\u00edl\u00fdch barv\u00e1ch a zdob\u00ed ho hrd\u00e9 t\u00fdmov\u00e9 detaily, jako je origin\u00e1ln\u00ed klubov\u00e9 logo. Krom\u011b toho je dres dopln\u011bn logem adidas a zna\u010dkou sponzora.<\/p>\n<p>Nov\u00fd d\u011btsk\u00fd dres Arsenal je vyroben z materi\u00e1lu Aeroready, kter\u00fd odv\u00e1d\u00ed vlhkost, a nab\u00edz\u00ed such\u00e9 a chladiv\u00e9 pohodl\u00ed. Dom\u00e1c\u00ed dres je nav\u00edc vyroben z recyklovan\u00fdch polyesterov\u00fdch vl\u00e1ken 100% (Primegreen), d\u00edky \u010demu\u017e je nejen rozm\u011brov\u011b stabiln\u00ed a odoln\u00fd, ale tak\u00e9 udr\u017eiteln\u00fd! St\u0159ih je o n\u011bco \u0161ir\u0161\u00ed ne\u017e u hr\u00e1\u010dsk\u00e9ho dresu, co\u017e tak\u00e9 zaji\u0161\u0165uje prvot\u0159\u00eddn\u00ed padnut\u00ed a optim\u00e1ln\u00ed volnost pohybu ve v\u0161ech sm\u011brech.<\/p>\n<p>Jako spr\u00e1vn\u00fd fanou\u0161ek mus\u00ed\u0161 m\u00edt d\u011btsk\u00fd dom\u00e1c\u00ed dres adidas FC Arsenal 2021\/22! Po\u0159i\u010fte si ho je\u0161t\u011b dnes!<\/p>\n<p>Tipy pro tisk: Pokud jsou jm\u00e9no a \u010d\u00edslo na obr\u00e1zku p\u0159esn\u011b takov\u00e9, jak\u00e9 chcete, nemus\u00edte je zad\u00e1vat znovu. Pokud tomu tak nen\u00ed, m\u011bli byste zadat po\u017eadovan\u00e9 jm\u00e9no a \u010d\u00edslo.<\/p>\n<p>Tipy pro pran\u00ed: Doporu\u010dujeme pr\u00e1t fotbalov\u00e1 tri\u010dka v ruce. Pokud chcete pou\u017e\u00edt pra\u010dku, nezapome\u0148te fotbalov\u00e1 tri\u010dka obr\u00e1tit naruby a pot\u00e9 je vyprat. Pra\u010dku napl\u0148te studenou vodou a pou\u017eijte jemn\u00fd cyklus, abyste l\u00e9pe ochr\u00e1nili barvy.<\/p>","protected":false},"excerpt":{"rendered":"<p>Das neue Arsenal Heim Trikot von adidas kommt in typischer rot-wei\u00dfer Heimfarbe und ist mit stolzen Teamdetails, wie dem originalen Clublogo geschm\u00fcckt. Au\u00dferdem f\u00fcgen sich das adidas Logo, sowie Sponsorenbrandings passend ein und machen das Trikot komplett. Gefertigt aus feuchtigkeitsableitendem Aeroready Material, bietet dir das neue Arsenal Kinder Trikot einen trockenen, k\u00fchlen Tragekomfort. Zudem besteht [&hellip;]<\/p>","protected":false},"featured_media":3598,"comment_status":"open","ping_status":"closed","template":"","meta":[],"product_brand":[],"product_cat":[167],"product_tag":[20,56,57,168,94],"class_list":{"0":"post-3563","1":"product","2":"type-product","3":"status-publish","4":"has-post-thumbnail","6":"product_cat-arsenal-kindertrikot","7":"product_tag-coole-fussballtrikots","8":"product_tag-fc-arsenal-heimtrikot","9":"product_tag-fc-arsenal-trikots","10":"product_tag-fc-arsenal-trikotsatz-fuer-kinder","11":"product_tag-kinder-fussball-trikotsatz","13":"first","14":"instock","15":"shipping-taxable","16":"purchasable","17":"product-type-variable"},"_links":{"self":[{"href":"https:\/\/www.billigtrikotde.com\/cs\/wp-json\/wp\/v2\/product\/3563","targetHints":{"allow":["GET"]}}],"collection":[{"href":"https:\/\/www.billigtrikotde.com\/cs\/wp-json\/wp\/v2\/product"}],"about":[{"href":"https:\/\/www.billigtrikotde.com\/cs\/wp-json\/wp\/v2\/types\/product"}],"replies":[{"embeddable":true,"href":"https:\/\/www.billigtrikotde.com\/cs\/wp-json\/wp\/v2\/comments?post=3563"}],"wp:featuredmedia":[{"embeddable":true,"href":"https:\/\/www.billigtrikotde.com\/cs\/wp-json\/wp\/v2\/media\/3598"}],"wp:attachment":[{"href":"https:\/\/www.billigtrikotde.com\/cs\/wp-json\/wp\/v2\/media?parent=3563"}],"wp:term":[{"taxonomy":"product_brand","embeddable":true,"href":"https:\/\/www.billigtrikotde.com\/cs\/wp-json\/wp\/v2\/product_brand?post=3563"},{"taxonomy":"product_cat","embeddable":true,"href":"https:\/\/www.billigtrikotde.com\/cs\/wp-json\/wp\/v2\/product_cat?post=3563"},{"taxonomy":"product_tag","embeddable":true,"href":"https:\/\/www.billigtrikotde.com\/cs\/wp-json\/wp\/v2\/product_tag?post=3563"}],"curies":[{"name":"wp","href":"https:\/\/api.w.org\/{rel}","templated":true}]}}