{"id":3544,"date":"2024-10-23T15:07:42","date_gmt":"2024-10-23T13:07:42","guid":{"rendered":"http:\/\/billigtrikots.com\/?post_type=product&#038;p=3544"},"modified":"2025-06-09T04:42:53","modified_gmt":"2025-06-09T02:42:53","slug":"trikotsatz-fc-arsenal-ausweichtrikot-2021-2022-fuer-kinder-blau","status":"publish","type":"product","link":"https:\/\/www.billigtrikotde.com\/cs\/trikotsatz-fc-arsenal-ausweichtrikot-2021-2022-fuer-kinder-blau\/","title":{"rendered":"Sada dres\u016f FC Arsenal away 2021\/2022 pro d\u011bti modr\u00e1"},"content":{"rendered":"<p>Sem p\u0159ich\u00e1z\u00ed revival designu z 90. let \u2013 jako blesk z minulosti. Tento v\u00fdstrojov\u00fd dres FC Arsenal, zde ve variant\u011b pro d\u011bti a teenage\u0159i, slav\u00ed \u00fasp\u011b\u0161n\u00e9 desetilet\u00ed pro fotbal i pro adidas. Dres pro fanou\u0161ky spojuje retro vzhled inspirovan\u00fd vybaven\u00edm s modern\u00edm, funk\u010dn\u00edm materi\u00e1lem s technologi\u00ed AEROREADY pro absorpci vlhkosti. Tento produkt je Primegreen: vyroben\u00fd z r\u016fzn\u00fdch funk\u010dn\u00edch recyklovan\u00fdch materi\u00e1l\u016f.<\/p>\n<p>Tipy pro tisk: Pokud jsou jm\u00e9no a \u010d\u00edslo na obr\u00e1zku p\u0159esn\u011b takov\u00e9, jak\u00e9 chcete, nemus\u00edte je zad\u00e1vat znovu. Pokud tomu tak nen\u00ed, m\u011bli byste zadat po\u017eadovan\u00e9 jm\u00e9no a \u010d\u00edslo.<\/p>\n<p>Tipy pro pran\u00ed: Doporu\u010dujeme pr\u00e1t fotbalov\u00e1 tri\u010dka v ruce. Pokud chcete pou\u017e\u00edt pra\u010dku, nezapome\u0148te fotbalov\u00e1 tri\u010dka obr\u00e1tit naruby a pot\u00e9 je vyprat. Pra\u010dku napl\u0148te studenou vodou a pou\u017eijte jemn\u00fd cyklus, abyste l\u00e9pe ochr\u00e1nili barvy.<\/p>","protected":false},"excerpt":{"rendered":"<p>Hier kommt das Revival eines 90s-Designs \u2013 wie ein Blitz aus der Vergangenheit. Dieses FC Arsenal Ausweichtrikot, hier in der Version f\u00fcr Kinder und Teens, feiert ein Erfolgsjahrzehnt f\u00fcr den Fu\u00dfball und f\u00fcr adidas. Das Fan-Trikot verbindet einen vom Equipment Style inspirierten Retrolook mit einem modernen, funktionalen Material mit feuchtigkeitsabsorbierender AEROREADY Technologie.Dieses Produkt ist Primegreen: [&hellip;]<\/p>","protected":false},"featured_media":3585,"comment_status":"open","ping_status":"closed","template":"","meta":[],"product_brand":[],"product_cat":[167],"product_tag":[20,169,57,168,94],"class_list":{"0":"post-3544","1":"product","2":"type-product","3":"status-publish","4":"has-post-thumbnail","6":"product_cat-arsenal-kindertrikot","7":"product_tag-coole-fussballtrikots","8":"product_tag-fc-arsenal-ausweichtrikot","9":"product_tag-fc-arsenal-trikots","10":"product_tag-fc-arsenal-trikotsatz-fuer-kinder","11":"product_tag-kinder-fussball-trikotsatz","13":"first","14":"instock","15":"shipping-taxable","16":"purchasable","17":"product-type-variable"},"_links":{"self":[{"href":"https:\/\/www.billigtrikotde.com\/cs\/wp-json\/wp\/v2\/product\/3544","targetHints":{"allow":["GET"]}}],"collection":[{"href":"https:\/\/www.billigtrikotde.com\/cs\/wp-json\/wp\/v2\/product"}],"about":[{"href":"https:\/\/www.billigtrikotde.com\/cs\/wp-json\/wp\/v2\/types\/product"}],"replies":[{"embeddable":true,"href":"https:\/\/www.billigtrikotde.com\/cs\/wp-json\/wp\/v2\/comments?post=3544"}],"wp:featuredmedia":[{"embeddable":true,"href":"https:\/\/www.billigtrikotde.com\/cs\/wp-json\/wp\/v2\/media\/3585"}],"wp:attachment":[{"href":"https:\/\/www.billigtrikotde.com\/cs\/wp-json\/wp\/v2\/media?parent=3544"}],"wp:term":[{"taxonomy":"product_brand","embeddable":true,"href":"https:\/\/www.billigtrikotde.com\/cs\/wp-json\/wp\/v2\/product_brand?post=3544"},{"taxonomy":"product_cat","embeddable":true,"href":"https:\/\/www.billigtrikotde.com\/cs\/wp-json\/wp\/v2\/product_cat?post=3544"},{"taxonomy":"product_tag","embeddable":true,"href":"https:\/\/www.billigtrikotde.com\/cs\/wp-json\/wp\/v2\/product_tag?post=3544"}],"curies":[{"name":"wp","href":"https:\/\/api.w.org\/{rel}","templated":true}]}}