{"id":3532,"date":"2024-10-23T15:07:06","date_gmt":"2024-10-23T13:07:06","guid":{"rendered":"http:\/\/billigtrikots.com\/?post_type=product&#038;p=3532"},"modified":"2024-10-23T15:09:13","modified_gmt":"2024-10-23T13:09:13","slug":"fc-arsenal-london-trikot-3rd-2021-2022-blau-fuer-kinder-mit-torreira-11-aufdruck","status":"publish","type":"product","link":"https:\/\/www.billigtrikotde.com\/cs\/fc-arsenal-london-trikot-3rd-2021-2022-blau-fuer-kinder-mit-torreira-11-aufdruck\/","title":{"rendered":"Dres FC Arsenal London 3rd 2021\/2022 Modr\u00fd pro d\u011bti s potiskem Torreira 11"},"content":{"rendered":"<p>Prody\u0161n\u00fd model v modr\u00e9 barv\u011b umo\u017e\u0148uje i mlad\u00fdm fanou\u0161k\u016fm uk\u00e1zat svou p\u0159\u00edslu\u0161nost k obl\u00edben\u00e9mu t\u00fdmu. D\u011btsk\u00fd sportovn\u00ed top z d\u00edlny adidas se opravdu ned\u00e1 nic pokazit. V \u017e\u00e1dn\u00e9 fanou\u0161kovsk\u00e9 kolekci nesm\u00ed chyb\u011bt tento FC Arsenal London Outfield sportovn\u00ed top, jak\u00fd nos\u00ed hr\u00e1\u010di v Premier League. Pohodln\u00fd a prody\u0161n\u00fd model p\u016fsob\u00ed na v\u0161ech front\u00e1ch. Opticky vynik\u00e1 sv\u00fdm klubov\u00fdm erbem na hrudi. Toto tri\u010dko bylo vytvo\u0159eno, aby tv\u016fj v\u00fdkon posunulo o level v\u00fd\u0161e.<\/p>\n<p>Tipy pro tisk: Pokud jsou jm\u00e9no a \u010d\u00edslo na obr\u00e1zku p\u0159esn\u011b takov\u00e9, jak\u00e9 chcete, nemus\u00edte je zad\u00e1vat znovu. Pokud tomu tak nen\u00ed, m\u011bli byste zadat po\u017eadovan\u00e9 jm\u00e9no a \u010d\u00edslo.<\/p>\n<p>Tipy pro pran\u00ed: Doporu\u010dujeme pr\u00e1t fotbalov\u00e1 tri\u010dka v ruce. Pokud chcete pou\u017e\u00edt pra\u010dku, nezapome\u0148te fotbalov\u00e1 tri\u010dka obr\u00e1tit naruby a pot\u00e9 je vyprat. Pra\u010dku napl\u0148te studenou vodou a pou\u017eijte jemn\u00fd cyklus, abyste l\u00e9pe ochr\u00e1nili barvy.<\/p>","protected":false},"excerpt":{"rendered":"<p>Das atmungsaktive Modell in Blau l\u00e4sst auch junge Fans ihre Zugeh\u00f6rigkeit zum Lieblingsteam zeigen. Mit dem Kinder-Sporttop aus dem Hause adidas kann man wirklich nichts falsch machen. In keiner Fan-Kollektion darf dieses FC Arsenal London-Ausweich-Sporttop, wie es die Spieler in der Premier League tragen, fehlen. Das bequeme und atmungsaktive Modell \u00fcberzeugt auf ganzer Linie. Optisch [&hellip;]<\/p>","protected":false},"featured_media":3573,"comment_status":"open","ping_status":"closed","template":"","meta":[],"product_brand":[],"product_cat":[167],"product_tag":[20,169,57,168,94],"class_list":{"0":"post-3532","1":"product","2":"type-product","3":"status-publish","4":"has-post-thumbnail","6":"product_cat-arsenal-kindertrikot","7":"product_tag-coole-fussballtrikots","8":"product_tag-fc-arsenal-ausweichtrikot","9":"product_tag-fc-arsenal-trikots","10":"product_tag-fc-arsenal-trikotsatz-fuer-kinder","11":"product_tag-kinder-fussball-trikotsatz","13":"first","14":"instock","15":"shipping-taxable","16":"purchasable","17":"product-type-variable"},"_links":{"self":[{"href":"https:\/\/www.billigtrikotde.com\/cs\/wp-json\/wp\/v2\/product\/3532","targetHints":{"allow":["GET"]}}],"collection":[{"href":"https:\/\/www.billigtrikotde.com\/cs\/wp-json\/wp\/v2\/product"}],"about":[{"href":"https:\/\/www.billigtrikotde.com\/cs\/wp-json\/wp\/v2\/types\/product"}],"replies":[{"embeddable":true,"href":"https:\/\/www.billigtrikotde.com\/cs\/wp-json\/wp\/v2\/comments?post=3532"}],"wp:featuredmedia":[{"embeddable":true,"href":"https:\/\/www.billigtrikotde.com\/cs\/wp-json\/wp\/v2\/media\/3573"}],"wp:attachment":[{"href":"https:\/\/www.billigtrikotde.com\/cs\/wp-json\/wp\/v2\/media?parent=3532"}],"wp:term":[{"taxonomy":"product_brand","embeddable":true,"href":"https:\/\/www.billigtrikotde.com\/cs\/wp-json\/wp\/v2\/product_brand?post=3532"},{"taxonomy":"product_cat","embeddable":true,"href":"https:\/\/www.billigtrikotde.com\/cs\/wp-json\/wp\/v2\/product_cat?post=3532"},{"taxonomy":"product_tag","embeddable":true,"href":"https:\/\/www.billigtrikotde.com\/cs\/wp-json\/wp\/v2\/product_tag?post=3532"}],"curies":[{"name":"wp","href":"https:\/\/api.w.org\/{rel}","templated":true}]}}