{"id":3481,"date":"2024-10-23T15:04:43","date_gmt":"2024-10-23T13:04:43","guid":{"rendered":"http:\/\/billigtrikots.com\/?post_type=product&#038;p=3481"},"modified":"2025-10-16T16:04:49","modified_gmt":"2025-10-16T14:04:49","slug":"kinder-junior-fussballtrikot-real-madrid-2021-22-heimtrikot-weiss-blau-mit-aufdruck-marcelo-12","status":"publish","type":"product","link":"https:\/\/www.billigtrikotde.com\/cs\/kinder-junior-fussballtrikot-real-madrid-2021-22-heimtrikot-weiss-blau-mit-aufdruck-marcelo-12\/","title":{"rendered":"D\u011btsk\u00e9 juniorsk\u00e9 fotbalov\u00e9 tri\u010dko Real Madrid 2021\/22 Home Shirt white blue with print Marcelo 12"},"content":{"rendered":"<p>V\u00edt\u011bz\u00ed na h\u0159i\u0161ti.<\/p>\n<p>Ale na Plaza de Cibeles slav\u00ed se svou fotbalovou rodinou.<\/p>\n<p>Koncentrick\u00e9 kruhy a spir\u00e1lovit\u00fd vzor font\u00e1ny na Madridsk\u00e9m n\u00e1m\u011bst\u00ed inspirovaly design tohoto tri\u010dka adidas Real Madrid pro juniory.<\/p>\n<p>Toto tri\u010dko je vyrobeno pro fanou\u0161ky a d\u00edky jemn\u00e9mu materi\u00e1lu a odvodu vlhkosti AEROREADY zaji\u0161\u0165uje komfort.<\/p>\n<p>Tento v\u00fdrobek je vyroben z Primegreen, \u0159ady vysoce v\u00fdkonn\u00fdch recyklovan\u00fdch materi\u00e1l\u016f.<\/p>\n<p>Tipy pro tisk: Pokud jsou jm\u00e9no a \u010d\u00edslo na obr\u00e1zku p\u0159esn\u011b takov\u00e9, jak\u00e9 chcete, nemus\u00edte je zad\u00e1vat znovu. Pokud tomu tak nen\u00ed, m\u011bli byste zadat po\u017eadovan\u00e9 jm\u00e9no a \u010d\u00edslo.<\/p>\n<p>Tipy pro pran\u00ed: Doporu\u010dujeme pr\u00e1t fotbalov\u00e1 tri\u010dka v ruce. Pokud chcete pou\u017e\u00edt pra\u010dku, nezapome\u0148te fotbalov\u00e1 tri\u010dka obr\u00e1tit naruby a pot\u00e9 je vyprat. Pra\u010dku napl\u0148te studenou vodou a pou\u017eijte jemn\u00fd cyklus, abyste l\u00e9pe ochr\u00e1nili barvy.<\/p>","protected":false},"excerpt":{"rendered":"<p>Sie gewinnen auf dem Platz. Aber auf der Plaza de Cibeles feiern sie mit ihrer Fu\u00dfballfamilie. Die konzentrischen Kreise und das spiralf\u00f6rmige Muster des Brunnens in Madrids ber\u00fchmtem Quadrat haben das Design dieses adidas Real Madrid Trikots f\u00fcr Junioren inspiriert. Dieses Shirt wurde f\u00fcr Fans gemacht und sorgt mit weichem Material und feuchtigkeitstransportierendem AEROREADY f\u00fcr [&hellip;]<\/p>","protected":false},"featured_media":3522,"comment_status":"open","ping_status":"closed","template":"","meta":[],"product_brand":[],"product_cat":[165],"product_tag":[20,21,22,23,24,94,46,47,166],"class_list":{"0":"post-3481","1":"product","2":"type-product","3":"status-publish","4":"has-post-thumbnail","6":"product_cat-real-madrid-kindertrikot","7":"product_tag-coole-fussballtrikots","8":"product_tag-fussballtrikot-fuer-herren","9":"product_tag-fussballtrikot-guenstig-kaufen","10":"product_tag-fussballtrikot-kurzarm","11":"product_tag-guenstiges-fussballtrikot","12":"product_tag-kinder-fussball-trikotsatz","13":"product_tag-real-madrid-heimtrikot","14":"product_tag-real-madrid-trikots","15":"product_tag-real-madrid-trikotsatz-fuer-kinder","17":"first","18":"instock","19":"shipping-taxable","20":"purchasable","21":"product-type-variable"},"_links":{"self":[{"href":"https:\/\/www.billigtrikotde.com\/cs\/wp-json\/wp\/v2\/product\/3481","targetHints":{"allow":["GET"]}}],"collection":[{"href":"https:\/\/www.billigtrikotde.com\/cs\/wp-json\/wp\/v2\/product"}],"about":[{"href":"https:\/\/www.billigtrikotde.com\/cs\/wp-json\/wp\/v2\/types\/product"}],"replies":[{"embeddable":true,"href":"https:\/\/www.billigtrikotde.com\/cs\/wp-json\/wp\/v2\/comments?post=3481"}],"wp:featuredmedia":[{"embeddable":true,"href":"https:\/\/www.billigtrikotde.com\/cs\/wp-json\/wp\/v2\/media\/3522"}],"wp:attachment":[{"href":"https:\/\/www.billigtrikotde.com\/cs\/wp-json\/wp\/v2\/media?parent=3481"}],"wp:term":[{"taxonomy":"product_brand","embeddable":true,"href":"https:\/\/www.billigtrikotde.com\/cs\/wp-json\/wp\/v2\/product_brand?post=3481"},{"taxonomy":"product_cat","embeddable":true,"href":"https:\/\/www.billigtrikotde.com\/cs\/wp-json\/wp\/v2\/product_cat?post=3481"},{"taxonomy":"product_tag","embeddable":true,"href":"https:\/\/www.billigtrikotde.com\/cs\/wp-json\/wp\/v2\/product_tag?post=3481"}],"curies":[{"name":"wp","href":"https:\/\/api.w.org\/{rel}","templated":true}]}}