{"id":3470,"date":"2024-10-23T15:04:07","date_gmt":"2024-10-23T13:04:07","guid":{"rendered":"http:\/\/billigtrikots.com\/?post_type=product&#038;p=3470"},"modified":"2025-10-16T16:04:50","modified_gmt":"2025-10-16T14:04:50","slug":"real-madrid-2021-22-heimtrikot-kinder-junior-weiss-blau-mit-aufdruck-benzema-9","status":"publish","type":"product","link":"https:\/\/www.billigtrikotde.com\/cs\/real-madrid-2021-22-heimtrikot-kinder-junior-weiss-blau-mit-aufdruck-benzema-9\/","title":{"rendered":"Real Madrid 2021\/22 Home Jersey Kids Junior white blue with print Benzema 9"},"content":{"rendered":"<p>V\u00edt\u011bzstv\u00ed a \u00fasp\u011bchy t\u00fdm p\u0159edv\u00e1d\u00ed na h\u0159i\u0161ti. Oslavuj\u00ed je na n\u00e1m\u011bst\u00ed Cibeles p\u0159ed j\u00e1saj\u00edc\u00edmi fanou\u0161ky. Nen\u00ed divu, \u017ee toto tri\u010dko adidas Real Madrid v d\u011btsk\u00e9 a teenagersk\u00e9 verzi s kruhov\u00fdm a spir\u00e1lov\u00fdm vzorem je inspirov\u00e1no t\u00edmto m\u00edstem a jeho font\u00e1nami. Design pro fanou\u0161ky je vyroben z m\u011bkk\u00e9ho materi\u00e1lu s technologi\u00ed AEROREADY pro absorpci vlhkosti a zaru\u010duje p\u0159\u00edjemn\u00fd such\u00fd a pohodln\u00fd pocit p\u0159i no\u0161en\u00ed. Tri\u010dko pro fanou\u0161ky na oslavu. Vy\u0161\u00edvan\u00e9 klubov\u00e9 logo Real Madrid. Rovnob\u011b\u017en\u00fd kulat\u00fd v\u00fdst\u0159ih. Rippov\u00e9 man\u017eety. Absorpce vlhkosti. Regul\u00e9rn\u00ed st\u0159ih. Tento produkt je Primegreen: vyroben s pou\u017eit\u00edm r\u016fzn\u00fdch funk\u010dn\u00edch recyklovan\u00fdch materi\u00e1l\u016f. Materi\u00e1l: 100% polyester.<\/p>\n<p>Tipy pro tisk: Pokud jsou jm\u00e9no a \u010d\u00edslo na obr\u00e1zku p\u0159esn\u011b takov\u00e9, jak\u00e9 chcete, nemus\u00edte je zad\u00e1vat znovu. Pokud tomu tak nen\u00ed, m\u011bli byste zadat po\u017eadovan\u00e9 jm\u00e9no a \u010d\u00edslo.<\/p>\n<p>Tipy pro pran\u00ed: Doporu\u010dujeme pr\u00e1t fotbalov\u00e1 tri\u010dka v ruce. Pokud chcete pou\u017e\u00edt pra\u010dku, nezapome\u0148te fotbalov\u00e1 tri\u010dka obr\u00e1tit naruby a pot\u00e9 je vyprat. Pra\u010dku napl\u0148te studenou vodou a pou\u017eijte jemn\u00fd cyklus, abyste l\u00e9pe ochr\u00e1nili barvy.<\/p>","protected":false},"excerpt":{"rendered":"<p>Die Siege und Erfolge f\u00e4hrt die Mannschaft auf dem Spielfeld ein. Gefeiert werden sie auf dem Plaza de Cibeles vor den jubelnden Fans. Kein Wunder, dass dieses adidas Real Madrid Trikot in der Version f\u00fcr Kinder und Teens mit seinem Kreis- und Spiralmuster von diesem Ort und seinen Brunnenfont\u00e4nen inspiriert ist. Das Design f\u00fcr Fans [&hellip;]<\/p>","protected":false},"featured_media":3512,"comment_status":"open","ping_status":"closed","template":"","meta":[],"product_brand":[],"product_cat":[165],"product_tag":[20,21,22,23,24,94,46,47,166],"class_list":{"0":"post-3470","1":"product","2":"type-product","3":"status-publish","4":"has-post-thumbnail","6":"product_cat-real-madrid-kindertrikot","7":"product_tag-coole-fussballtrikots","8":"product_tag-fussballtrikot-fuer-herren","9":"product_tag-fussballtrikot-guenstig-kaufen","10":"product_tag-fussballtrikot-kurzarm","11":"product_tag-guenstiges-fussballtrikot","12":"product_tag-kinder-fussball-trikotsatz","13":"product_tag-real-madrid-heimtrikot","14":"product_tag-real-madrid-trikots","15":"product_tag-real-madrid-trikotsatz-fuer-kinder","17":"first","18":"instock","19":"shipping-taxable","20":"purchasable","21":"product-type-variable"},"_links":{"self":[{"href":"https:\/\/www.billigtrikotde.com\/cs\/wp-json\/wp\/v2\/product\/3470","targetHints":{"allow":["GET"]}}],"collection":[{"href":"https:\/\/www.billigtrikotde.com\/cs\/wp-json\/wp\/v2\/product"}],"about":[{"href":"https:\/\/www.billigtrikotde.com\/cs\/wp-json\/wp\/v2\/types\/product"}],"replies":[{"embeddable":true,"href":"https:\/\/www.billigtrikotde.com\/cs\/wp-json\/wp\/v2\/comments?post=3470"}],"wp:featuredmedia":[{"embeddable":true,"href":"https:\/\/www.billigtrikotde.com\/cs\/wp-json\/wp\/v2\/media\/3512"}],"wp:attachment":[{"href":"https:\/\/www.billigtrikotde.com\/cs\/wp-json\/wp\/v2\/media?parent=3470"}],"wp:term":[{"taxonomy":"product_brand","embeddable":true,"href":"https:\/\/www.billigtrikotde.com\/cs\/wp-json\/wp\/v2\/product_brand?post=3470"},{"taxonomy":"product_cat","embeddable":true,"href":"https:\/\/www.billigtrikotde.com\/cs\/wp-json\/wp\/v2\/product_cat?post=3470"},{"taxonomy":"product_tag","embeddable":true,"href":"https:\/\/www.billigtrikotde.com\/cs\/wp-json\/wp\/v2\/product_tag?post=3470"}],"curies":[{"name":"wp","href":"https:\/\/api.w.org\/{rel}","templated":true}]}}