{"id":3404,"date":"2024-10-23T15:00:45","date_gmt":"2024-10-23T13:00:45","guid":{"rendered":"http:\/\/billigtrikots.com\/?post_type=product&#038;p=3404"},"modified":"2024-10-23T15:02:51","modified_gmt":"2024-10-23T13:02:51","slug":"fussball-trikotsatz-fc-chelsea-heimtrikot-2021-22-kinder-blau-gelb-mit-aufdruck-havertz-29","status":"publish","type":"product","link":"https:\/\/www.billigtrikotde.com\/cs\/fussball-trikotsatz-fc-chelsea-heimtrikot-2021-22-kinder-blau-gelb-mit-aufdruck-havertz-29\/","title":{"rendered":"Fotbalov\u00e1 souprava FC Chelsea home kit 2021\/22 kids blue yellow with print Havertz 29"},"content":{"rendered":"<p>D\u011btsk\u00e9 sportovn\u00ed triko Nike modr\u00e9 barvy v\u00e1s nech\u00e1 nosit barvy va\u0161eho obl\u00edben\u00e9ho klubu a v\u0161em uk\u00e1zat, za co v\u00e1m srdce bije. Dom\u00e1c\u00ed sportovn\u00ed triko, kter\u00e9 nos\u00ed hr\u00e1\u010di v Premier League, vyvol\u00e1v\u00e1 nad\u0161en\u00ed u opravdov\u00fdch fanou\u0161k\u016f FC Chelsea London. Je prody\u0161n\u00e9, pohodln\u00e9 a lehk\u00e9. Toto je triko, kter\u00e9 d\u00edky klubov\u00e9 pe\u010deti na hrudi jist\u011b zap\u016fsob\u00ed. Takto m\u016f\u017ee\u0161 v\u0161em uk\u00e1zat, \u017ee jsi na h\u0159i\u0161ti ten nejlep\u0161\u00ed.<\/p>\n<p>Tipy pro tisk: Pokud jsou jm\u00e9no a \u010d\u00edslo na obr\u00e1zku p\u0159esn\u011b takov\u00e9, jak\u00e9 chcete, nemus\u00edte je zad\u00e1vat znovu. Pokud tomu tak nen\u00ed, m\u011bli byste zadat po\u017eadovan\u00e9 jm\u00e9no a \u010d\u00edslo.<\/p>\n<p>Tipy pro pran\u00ed: Doporu\u010dujeme pr\u00e1t fotbalov\u00e1 tri\u010dka v ruce. Pokud chcete pou\u017e\u00edt pra\u010dku, nezapome\u0148te fotbalov\u00e1 tri\u010dka obr\u00e1tit naruby a pot\u00e9 je vyprat. Pra\u010dku napl\u0148te studenou vodou a pou\u017eijte jemn\u00fd cyklus, abyste l\u00e9pe ochr\u00e1nili barvy.<\/p>","protected":false},"excerpt":{"rendered":"<p>Das Kinder-Sportshirt von Nike in Blau l\u00e4sst dich die Farben deines Lieblingsclubs tragen und allen zeigen, wof\u00fcr dein Herz schl\u00e4gt. Das Heim-Sportshirt, wie es die Spieler in der Premier League tragen, sorgt bei echten FC Chelsea London-Anh\u00e4ngern f\u00fcr Begeisterung. Es ist atmungsaktiv, bequem und leicht. Dies ist ein Shirt, das durch das Vereinswappen auf der [&hellip;]<\/p>","protected":false},"featured_media":3444,"comment_status":"open","ping_status":"closed","template":"","meta":[],"product_brand":[],"product_cat":[162],"product_tag":[20,164,73,163,21,22,23,24,94],"class_list":{"0":"post-3404","1":"product","2":"type-product","3":"status-publish","4":"has-post-thumbnail","6":"product_cat-chelsea-kindertrikot","7":"product_tag-coole-fussballtrikots","8":"product_tag-chelsea-heimtrikot","9":"product_tag-chelsea-trikots","10":"product_tag-chelsea-trikotsatz-fuer-kinder","11":"product_tag-fussballtrikot-fuer-herren","12":"product_tag-fussballtrikot-guenstig-kaufen","13":"product_tag-fussballtrikot-kurzarm","14":"product_tag-guenstiges-fussballtrikot","15":"product_tag-kinder-fussball-trikotsatz","17":"first","18":"instock","19":"shipping-taxable","20":"purchasable","21":"product-type-variable"},"_links":{"self":[{"href":"https:\/\/www.billigtrikotde.com\/cs\/wp-json\/wp\/v2\/product\/3404","targetHints":{"allow":["GET"]}}],"collection":[{"href":"https:\/\/www.billigtrikotde.com\/cs\/wp-json\/wp\/v2\/product"}],"about":[{"href":"https:\/\/www.billigtrikotde.com\/cs\/wp-json\/wp\/v2\/types\/product"}],"replies":[{"embeddable":true,"href":"https:\/\/www.billigtrikotde.com\/cs\/wp-json\/wp\/v2\/comments?post=3404"}],"wp:featuredmedia":[{"embeddable":true,"href":"https:\/\/www.billigtrikotde.com\/cs\/wp-json\/wp\/v2\/media\/3444"}],"wp:attachment":[{"href":"https:\/\/www.billigtrikotde.com\/cs\/wp-json\/wp\/v2\/media?parent=3404"}],"wp:term":[{"taxonomy":"product_brand","embeddable":true,"href":"https:\/\/www.billigtrikotde.com\/cs\/wp-json\/wp\/v2\/product_brand?post=3404"},{"taxonomy":"product_cat","embeddable":true,"href":"https:\/\/www.billigtrikotde.com\/cs\/wp-json\/wp\/v2\/product_cat?post=3404"},{"taxonomy":"product_tag","embeddable":true,"href":"https:\/\/www.billigtrikotde.com\/cs\/wp-json\/wp\/v2\/product_tag?post=3404"}],"curies":[{"name":"wp","href":"https:\/\/api.w.org\/{rel}","templated":true}]}}