{"id":3402,"date":"2024-10-23T15:00:43","date_gmt":"2024-10-23T13:00:43","guid":{"rendered":"http:\/\/billigtrikots.com\/?post_type=product&#038;p=3402"},"modified":"2024-10-23T15:02:50","modified_gmt":"2024-10-23T13:02:50","slug":"fc-chelsea-fussball-trikot-away-2021-22-fuer-kinder-in-gelb","status":"publish","type":"product","link":"https:\/\/www.billigtrikotde.com\/cs\/fc-chelsea-fussball-trikot-away-2021-22-fuer-kinder-in-gelb\/","title":{"rendered":"D\u011btsk\u00e9 fotbalov\u00e9 tri\u010dko Chelsea FC Away 2021\/22 ve \u017elut\u00e9 barv\u011b"},"content":{"rendered":"<p>Podpo\u0159te FC Chelsea v sez\u00f3n\u011b 2021\/2022 a uka\u017ete svou hrdost v ofici\u00e1ln\u00edm Nike Replica venkovn\u00edm dresu. Autentick\u00fd design venkovn\u00edho dresu pro d\u011bti je zalo\u017een na z\u00e1pasov\u00fdch dresech profesion\u00e1l\u016f. Lehk\u00fd funk\u010dn\u00ed materi\u00e1l s technologi\u00ed Dri-FIT je obzvl\u00e1\u0161\u0165 prody\u0161n\u00fd a zaji\u0161\u0165uje chladiv\u00fd pocit p\u0159i no\u0161en\u00ed. Klubov\u00e1 zna\u010dka na hrudi ukazuje va\u0161e nad\u0161en\u00ed pro v\u00e1\u0161 t\u00fdm, a\u0165 u\u017e na h\u0159i\u0161ti nebo na ulici.<\/p>\n<p>Tipy pro tisk: Pokud jsou jm\u00e9no a \u010d\u00edslo na obr\u00e1zku p\u0159esn\u011b takov\u00e9, jak\u00e9 chcete, nemus\u00edte je zad\u00e1vat znovu. Pokud tomu tak nen\u00ed, m\u011bli byste zadat po\u017eadovan\u00e9 jm\u00e9no a \u010d\u00edslo.<\/p>\n<p>Tipy pro pran\u00ed: Doporu\u010dujeme pr\u00e1t fotbalov\u00e1 tri\u010dka v ruce. Pokud chcete pou\u017e\u00edt pra\u010dku, nezapome\u0148te fotbalov\u00e1 tri\u010dka obr\u00e1tit naruby a pot\u00e9 je vyprat. Pra\u010dku napl\u0148te studenou vodou a pou\u017eijte jemn\u00fd cyklus, abyste l\u00e9pe ochr\u00e1nili barvy.<\/p>","protected":false},"excerpt":{"rendered":"<p>Unterst\u00fctze den FC Chelsea in der Saison 2021\/2022 und zeige deinen Stolz im offiziellen Nike Replica Ausw\u00e4rtstrikot. Das authentische Design des Away Jerseys f\u00fcr Kinder basiert auf den Spieltrikots der Profis. Das leichte Funktionsmaterial mit Dri-FIT-Technologie ist besonders atmungsaktiv und sorgt f\u00fcr ein k\u00fchles Tragegef\u00fchl. Das Vereinswappen auf der Brust zeigt deine Begeisterung f\u00fcr dein [&hellip;]<\/p>","protected":false},"featured_media":3442,"comment_status":"open","ping_status":"closed","template":"","meta":[],"product_brand":[],"product_cat":[162],"product_tag":[20,76,73,163,21,22,23,24,94],"class_list":{"0":"post-3402","1":"product","2":"type-product","3":"status-publish","4":"has-post-thumbnail","6":"product_cat-chelsea-kindertrikot","7":"product_tag-coole-fussballtrikots","8":"product_tag-chelsea-auswaertstrikot","9":"product_tag-chelsea-trikots","10":"product_tag-chelsea-trikotsatz-fuer-kinder","11":"product_tag-fussballtrikot-fuer-herren","12":"product_tag-fussballtrikot-guenstig-kaufen","13":"product_tag-fussballtrikot-kurzarm","14":"product_tag-guenstiges-fussballtrikot","15":"product_tag-kinder-fussball-trikotsatz","17":"first","18":"instock","19":"shipping-taxable","20":"purchasable","21":"product-type-variable"},"_links":{"self":[{"href":"https:\/\/www.billigtrikotde.com\/cs\/wp-json\/wp\/v2\/product\/3402","targetHints":{"allow":["GET"]}}],"collection":[{"href":"https:\/\/www.billigtrikotde.com\/cs\/wp-json\/wp\/v2\/product"}],"about":[{"href":"https:\/\/www.billigtrikotde.com\/cs\/wp-json\/wp\/v2\/types\/product"}],"replies":[{"embeddable":true,"href":"https:\/\/www.billigtrikotde.com\/cs\/wp-json\/wp\/v2\/comments?post=3402"}],"wp:featuredmedia":[{"embeddable":true,"href":"https:\/\/www.billigtrikotde.com\/cs\/wp-json\/wp\/v2\/media\/3442"}],"wp:attachment":[{"href":"https:\/\/www.billigtrikotde.com\/cs\/wp-json\/wp\/v2\/media?parent=3402"}],"wp:term":[{"taxonomy":"product_brand","embeddable":true,"href":"https:\/\/www.billigtrikotde.com\/cs\/wp-json\/wp\/v2\/product_brand?post=3402"},{"taxonomy":"product_cat","embeddable":true,"href":"https:\/\/www.billigtrikotde.com\/cs\/wp-json\/wp\/v2\/product_cat?post=3402"},{"taxonomy":"product_tag","embeddable":true,"href":"https:\/\/www.billigtrikotde.com\/cs\/wp-json\/wp\/v2\/product_tag?post=3402"}],"curies":[{"name":"wp","href":"https:\/\/api.w.org\/{rel}","templated":true}]}}