{"id":3312,"date":"2024-10-23T14:56:19","date_gmt":"2024-10-23T12:56:19","guid":{"rendered":"http:\/\/billigtrikots.com\/?post_type=product&#038;p=3312"},"modified":"2024-10-23T14:58:22","modified_gmt":"2024-10-23T12:58:22","slug":"paris-saint-germain-psg-heimtrikot-2021-22-fuer-kinder-in-blau-mit-aufdruck-mbappe-7","status":"publish","type":"product","link":"https:\/\/www.billigtrikotde.com\/cs\/paris-saint-germain-psg-heimtrikot-2021-22-fuer-kinder-in-blau-mit-aufdruck-mbappe-7\/","title":{"rendered":"Paris Saint Germain PSG dom\u00e1c\u00ed dres 2021\/22 pro d\u011bti v modr\u00e9 barv\u011b s potiskem Mbapp\u00e9 7"},"content":{"rendered":"<p>Mlad\u00ed fanou\u0161ci ukazuj\u00ed svou p\u0159\u00edslu\u0161nost ke sv\u00e9mu klubu s pohodln\u00fdm modelem v modr\u00e9 barv\u011b. D\u011btsk\u00e9 tri\u010dko Nike je ide\u00e1ln\u00ed volbou. Miluj sv\u016fj t\u00fdm \u2013 s dom\u00e1c\u00edm tri\u010dkem Paris Saint-Germain, kter\u00e9 nos\u00ed dokonce i hr\u00e1\u010di Ligue 1, ukazuje\u0161, za koho ti srdce bije. Doporu\u010dujeme tento pohodln\u00fd, prody\u0161n\u00fd, odv\u00e1d\u011bj\u00edc\u00ed pot a lehk\u00fd model s p\u0159\u00edjemn\u00fdm pocitem p\u0159i no\u0161en\u00ed. Tak m\u016f\u017ee\u0161 v\u0161em uk\u00e1zat, \u017ee jsi nejlep\u0161\u00ed na h\u0159i\u0161ti. U tohoto dresu m\u016f\u017ee\u0161 vizu\u00e1ln\u011b spol\u00e9hat na klubovou vlajku na hrudi.<\/p>\n<p>Tipy pro tisk: Pokud jsou jm\u00e9no a \u010d\u00edslo na obr\u00e1zku p\u0159esn\u011b takov\u00e9, jak\u00e9 chcete, nemus\u00edte je zad\u00e1vat znovu. Pokud tomu tak nen\u00ed, m\u011bli byste zadat po\u017eadovan\u00e9 jm\u00e9no a \u010d\u00edslo.<\/p>\n<p>Tipy pro pran\u00ed: Doporu\u010dujeme pr\u00e1t fotbalov\u00e1 tri\u010dka v ruce. Pokud chcete pou\u017e\u00edt pra\u010dku, nezapome\u0148te fotbalov\u00e1 tri\u010dka obr\u00e1tit naruby a pot\u00e9 je vyprat. Pra\u010dku napl\u0148te studenou vodou a pou\u017eijte jemn\u00fd cyklus, abyste l\u00e9pe ochr\u00e1nili barvy.<\/p>","protected":false},"excerpt":{"rendered":"<p>Junge Fans zeigen die Zugeh\u00f6rigkeit zu ihrem Verein mit dem bequemen Modell in Blau. Das Nike Kinder-Shirt ist die perfekte Wahl. Liebe deine Mannschaft \u2013 mit dem Heim-Shirt des Paris Saint-Germain, das sogar von den Spielern in der Ligue 1 getragen wird, zeigst du, f\u00fcr wen dein Herz schl\u00e4gt. Wir empfehlen dieses bequeme, atmungsaktive, schwei\u00dfableitende [&hellip;]<\/p>","protected":false},"featured_media":3351,"comment_status":"open","ping_status":"closed","template":"","meta":[],"product_brand":[],"product_cat":[160],"product_tag":[20,21,22,23,24,94,161,41,159],"class_list":{"0":"post-3312","1":"product","2":"type-product","3":"status-publish","4":"has-post-thumbnail","6":"product_cat-paris-saint-germain-kindertrikot","7":"product_tag-coole-fussballtrikots","8":"product_tag-fussballtrikot-fuer-herren","9":"product_tag-fussballtrikot-guenstig-kaufen","10":"product_tag-fussballtrikot-kurzarm","11":"product_tag-guenstiges-fussballtrikot","12":"product_tag-kinder-fussball-trikotsatz","13":"product_tag-paris-saint-germain-heimtrikot","14":"product_tag-paris-saint-germain-trikots","15":"product_tag-psg-trikotsatz-fuer-kinder","17":"first","18":"instock","19":"shipping-taxable","20":"purchasable","21":"product-type-variable"},"_links":{"self":[{"href":"https:\/\/www.billigtrikotde.com\/cs\/wp-json\/wp\/v2\/product\/3312","targetHints":{"allow":["GET"]}}],"collection":[{"href":"https:\/\/www.billigtrikotde.com\/cs\/wp-json\/wp\/v2\/product"}],"about":[{"href":"https:\/\/www.billigtrikotde.com\/cs\/wp-json\/wp\/v2\/types\/product"}],"replies":[{"embeddable":true,"href":"https:\/\/www.billigtrikotde.com\/cs\/wp-json\/wp\/v2\/comments?post=3312"}],"wp:featuredmedia":[{"embeddable":true,"href":"https:\/\/www.billigtrikotde.com\/cs\/wp-json\/wp\/v2\/media\/3351"}],"wp:attachment":[{"href":"https:\/\/www.billigtrikotde.com\/cs\/wp-json\/wp\/v2\/media?parent=3312"}],"wp:term":[{"taxonomy":"product_brand","embeddable":true,"href":"https:\/\/www.billigtrikotde.com\/cs\/wp-json\/wp\/v2\/product_brand?post=3312"},{"taxonomy":"product_cat","embeddable":true,"href":"https:\/\/www.billigtrikotde.com\/cs\/wp-json\/wp\/v2\/product_cat?post=3312"},{"taxonomy":"product_tag","embeddable":true,"href":"https:\/\/www.billigtrikotde.com\/cs\/wp-json\/wp\/v2\/product_tag?post=3312"}],"curies":[{"name":"wp","href":"https:\/\/api.w.org\/{rel}","templated":true}]}}