{"id":3297,"date":"2024-10-23T14:55:40","date_gmt":"2024-10-23T12:55:40","guid":{"rendered":"http:\/\/billigtrikots.com\/?post_type=product&#038;p=3297"},"modified":"2024-10-23T14:57:52","modified_gmt":"2024-10-23T12:57:52","slug":"heimtrikot-atletico-de-madrid-home-fussballtrikot-rot-2021-2022-fuer-kinder","status":"publish","type":"product","link":"https:\/\/www.billigtrikotde.com\/cs\/heimtrikot-atletico-de-madrid-home-fussballtrikot-rot-2021-2022-fuer-kinder\/","title":{"rendered":"Atl\u00e9tico de Madrid Home Fotbalov\u00e9 tri\u010dko \u010derven\u00e9 2021\/2022 pro d\u011bti"},"content":{"rendered":"<p>S t\u00edmto lehk\u00fdm modelem v \u010derven\u00e9 barv\u011b mohou i ti nejmlad\u0161\u00ed fanou\u0161ci projevit n\u00e1klonnost sv\u00e9mu obl\u00edben\u00e9mu klubu. D\u011btsk\u00e9 tri\u010dko Nike je tou spr\u00e1vnou volbou. Povinn\u00e1 v\u00fdbava pro opravdov\u00e9 fanou\u0161ky Atletica Madrid: dom\u00e1c\u00ed dres v origin\u00e1ln\u00edm designu, kter\u00fd nosili hr\u00e1\u010di v Primera Division. Super pohodln\u00e9, prody\u0161n\u00e9, lehk\u00e9 a odv\u00e1d\u011bj\u00edc\u00ed pot, ur\u010dit\u011b zaujme. Vybaveni t\u00edmto tri\u010dkem m\u016f\u017eete uk\u00e1zat sv\u00e9ho t\u00fdmov\u00e9ho ducha a vyst\u0159ihnout sportovn\u00ed postavu, a\u0165 u\u017e se vyd\u00e1te kamkoli.<\/p>\n<p>Tipy pro tisk: Pokud jsou jm\u00e9no a \u010d\u00edslo na obr\u00e1zku p\u0159esn\u011b takov\u00e9, jak\u00e9 chcete, nemus\u00edte je zad\u00e1vat znovu. Pokud tomu tak nen\u00ed, m\u011bli byste zadat po\u017eadovan\u00e9 jm\u00e9no a \u010d\u00edslo.<\/p>\n<p>Tipy pro pran\u00ed: Doporu\u010dujeme pr\u00e1t fotbalov\u00e1 tri\u010dka v ruce. Pokud chcete pou\u017e\u00edt pra\u010dku, nezapome\u0148te fotbalov\u00e1 tri\u010dka obr\u00e1tit naruby a pot\u00e9 je vyprat. Pra\u010dku napl\u0148te studenou vodou a pou\u017eijte jemn\u00fd cyklus, abyste l\u00e9pe ochr\u00e1nili barvy.<\/p>","protected":false},"excerpt":{"rendered":"<p>Mit dem leichten Modell in Rot zeigen auch die j\u00fcngsten Fans ihre Zuneigung zu ihrem Lieblingsverein. Das Nike Kinder-Shirt ist die richtige Wahl. F\u00fcr wahre Atletico Madrid-Fans ein Must-Have: das Heim-Shirt im Originaldesign, wie es die Spieler in der Primera Division tragen. Die super bequeme, atmungsaktive, leichte und schwei\u00dfableitende Funktionsweise l\u00e4sst es \u00fcberzeugen. Mit diesem [&hellip;]<\/p>","protected":false},"featured_media":3339,"comment_status":"open","ping_status":"closed","template":"","meta":[],"product_brand":[],"product_cat":[157],"product_tag":[89,90,158,20,21,22,23,24,94],"class_list":{"0":"post-3297","1":"product","2":"type-product","3":"status-publish","4":"has-post-thumbnail","6":"product_cat-atletico-madrid-kindertrikot","7":"product_tag-atletico-madrid-heimtrikot","8":"product_tag-atletico-madrid-trikots","9":"product_tag-atletico-madrid-trikotsatz-fuer-kinder","10":"product_tag-coole-fussballtrikots","11":"product_tag-fussballtrikot-fuer-herren","12":"product_tag-fussballtrikot-guenstig-kaufen","13":"product_tag-fussballtrikot-kurzarm","14":"product_tag-guenstiges-fussballtrikot","15":"product_tag-kinder-fussball-trikotsatz","17":"first","18":"instock","19":"shipping-taxable","20":"purchasable","21":"product-type-variable"},"_links":{"self":[{"href":"https:\/\/www.billigtrikotde.com\/cs\/wp-json\/wp\/v2\/product\/3297","targetHints":{"allow":["GET"]}}],"collection":[{"href":"https:\/\/www.billigtrikotde.com\/cs\/wp-json\/wp\/v2\/product"}],"about":[{"href":"https:\/\/www.billigtrikotde.com\/cs\/wp-json\/wp\/v2\/types\/product"}],"replies":[{"embeddable":true,"href":"https:\/\/www.billigtrikotde.com\/cs\/wp-json\/wp\/v2\/comments?post=3297"}],"wp:featuredmedia":[{"embeddable":true,"href":"https:\/\/www.billigtrikotde.com\/cs\/wp-json\/wp\/v2\/media\/3339"}],"wp:attachment":[{"href":"https:\/\/www.billigtrikotde.com\/cs\/wp-json\/wp\/v2\/media?parent=3297"}],"wp:term":[{"taxonomy":"product_brand","embeddable":true,"href":"https:\/\/www.billigtrikotde.com\/cs\/wp-json\/wp\/v2\/product_brand?post=3297"},{"taxonomy":"product_cat","embeddable":true,"href":"https:\/\/www.billigtrikotde.com\/cs\/wp-json\/wp\/v2\/product_cat?post=3297"},{"taxonomy":"product_tag","embeddable":true,"href":"https:\/\/www.billigtrikotde.com\/cs\/wp-json\/wp\/v2\/product_tag?post=3297"}],"curies":[{"name":"wp","href":"https:\/\/api.w.org\/{rel}","templated":true}]}}