{"id":329,"date":"2024-10-23T12:14:27","date_gmt":"2024-10-23T10:14:27","guid":{"rendered":"http:\/\/billigtrikots.com\/?post_type=product&#038;p=329"},"modified":"2024-10-23T12:16:53","modified_gmt":"2024-10-23T10:16:53","slug":"fc-barcelona-herren-auswaerts-trikot-2021-22-fussballtrikot-lila-gelb","status":"publish","type":"product","link":"https:\/\/www.billigtrikotde.com\/cs\/fc-barcelona-herren-auswaerts-trikot-2021-22-fussballtrikot-lila-gelb\/","title":{"rendered":"FC Barcelona P\u00e1nsk\u00e9 tri\u010dko 2021\/22 Fotbalov\u00e9 tri\u010dko fialov\u00e1\/\u017elut\u00e1"},"content":{"rendered":"<p>P\u0159edstavte sv\u016fj t\u00fdm s dres FC Barcelona Stadium Away Jersey. Vysoce prody\u0161n\u00e1 tkanina odv\u00e1d\u00ed pot od poko\u017eky, abyste z\u016fstali chl\u00e1di, a\u0165 u\u017e fand\u00edte fanou\u0161k\u016fm v hledi\u0161ti, nebo hrajete na h\u0159i\u0161ti. Dry design Technologie Nike Dri-FIT odv\u00e1d\u00ed pot od poko\u017eky pro rychlej\u0161\u00ed odpa\u0159ov\u00e1n\u00ed, udr\u017eujte such\u00e9 a komfortn\u00ed. Cool comfort Tkanina Nike Breathe je vysoce prody\u0161n\u00e1, aby v\u00e1m pomohla z\u016fstat chladn\u00ed. Professional-level inspiration Design replikuje, co nos\u00ed profesion\u00e1lov\u00e9 na h\u0159i\u0161ti.<\/p>\n<p>Tipy pro tisk: Pokud jsou jm\u00e9no a \u010d\u00edslo na obr\u00e1zku p\u0159esn\u011b takov\u00e9, jak\u00e9 chcete, nemus\u00edte je zad\u00e1vat znovu. Pokud tomu tak nen\u00ed, m\u011bli byste zadat po\u017eadovan\u00e9 jm\u00e9no a \u010d\u00edslo.<\/p>\n<p>Tipy pro pran\u00ed: Doporu\u010dujeme pr\u00e1t fotbalov\u00e1 tri\u010dka v ruce. Pokud chcete pou\u017e\u00edt pra\u010dku, nezapome\u0148te fotbalov\u00e1 tri\u010dka obr\u00e1tit naruby a pot\u00e9 je vyprat. Pra\u010dku napl\u0148te studenou vodou a pou\u017eijte jemn\u00fd cyklus, abyste l\u00e9pe ochr\u00e1nili barvy.<\/p>","protected":false},"excerpt":{"rendered":"<p>Repr\u00e4sentieren Sie Ihr Team mit dem FC Barcelona Stadium Away Jersey. Das hoch atmungsaktive Gewebe leitet Schwei\u00df von der Haut weg, so dass Sie k\u00fchl bleiben, ob Sie auf der Trib\u00fcne die Fans anfeuern oder auf dem Feld spielen.Dry designThe Nike Dri-FIT-Technologie leitet Schwei\u00df von der Haut weg f\u00fcr eine schnellere Verdunstung, halten Sie trocken [&hellip;]<\/p>","protected":false},"featured_media":384,"comment_status":"open","ping_status":"closed","template":"","meta":[],"product_brand":[],"product_cat":[31],"product_tag":[36,20,33,21,22,23,24],"class_list":{"0":"post-329","1":"product","2":"type-product","3":"status-publish","4":"has-post-thumbnail","6":"product_cat-fc-barcelona","7":"product_tag-barcelona-auswaertstrikot","8":"product_tag-coole-fussballtrikots","9":"product_tag-fc-barcelona-trikots","10":"product_tag-fussballtrikot-fuer-herren","11":"product_tag-fussballtrikot-guenstig-kaufen","12":"product_tag-fussballtrikot-kurzarm","13":"product_tag-guenstiges-fussballtrikot","15":"first","16":"instock","17":"shipping-taxable","18":"purchasable","19":"product-type-variable"},"_links":{"self":[{"href":"https:\/\/www.billigtrikotde.com\/cs\/wp-json\/wp\/v2\/product\/329","targetHints":{"allow":["GET"]}}],"collection":[{"href":"https:\/\/www.billigtrikotde.com\/cs\/wp-json\/wp\/v2\/product"}],"about":[{"href":"https:\/\/www.billigtrikotde.com\/cs\/wp-json\/wp\/v2\/types\/product"}],"replies":[{"embeddable":true,"href":"https:\/\/www.billigtrikotde.com\/cs\/wp-json\/wp\/v2\/comments?post=329"}],"wp:featuredmedia":[{"embeddable":true,"href":"https:\/\/www.billigtrikotde.com\/cs\/wp-json\/wp\/v2\/media\/384"}],"wp:attachment":[{"href":"https:\/\/www.billigtrikotde.com\/cs\/wp-json\/wp\/v2\/media?parent=329"}],"wp:term":[{"taxonomy":"product_brand","embeddable":true,"href":"https:\/\/www.billigtrikotde.com\/cs\/wp-json\/wp\/v2\/product_brand?post=329"},{"taxonomy":"product_cat","embeddable":true,"href":"https:\/\/www.billigtrikotde.com\/cs\/wp-json\/wp\/v2\/product_cat?post=329"},{"taxonomy":"product_tag","embeddable":true,"href":"https:\/\/www.billigtrikotde.com\/cs\/wp-json\/wp\/v2\/product_tag?post=329"}],"curies":[{"name":"wp","href":"https:\/\/api.w.org\/{rel}","templated":true}]}}