{"id":3260,"date":"2024-10-23T14:53:56","date_gmt":"2024-10-23T12:53:56","guid":{"rendered":"http:\/\/billigtrikots.com\/?post_type=product&#038;p=3260"},"modified":"2024-10-23T14:56:10","modified_gmt":"2024-10-23T12:56:10","slug":"personalisierbar-heimtrikot-kinder-fc-liverpool-trikot-home-2021-22-in-rot","status":"publish","type":"product","link":"https:\/\/www.billigtrikotde.com\/cs\/personalisierbar-heimtrikot-kinder-fc-liverpool-trikot-home-2021-22-in-rot\/","title":{"rendered":"P\u0159izp\u016fsobiteln\u00fd d\u011btsk\u00fd dres FC Liverpool Home Jersey 2021\/22 v \u010derven\u00e9 barv\u011b"},"content":{"rendered":"<p>Podpo\u0159 FC Liverpool v sez\u00f3n\u011b 2021\/2022 a uka\u017e sv\u016fj hrdost v ofici\u00e1ln\u00edm Nike Replica dom\u00e1c\u00edm dresu. Autentick\u00fd design dom\u00e1c\u00edho dresa pro d\u011bti vych\u00e1z\u00ed ze z\u00e1paseov\u00fdch dres\u016f profesion\u00e1l\u016f. Materi\u00e1l 100 % recyklovan\u00fd funk\u010dn\u00ed materi\u00e1l s technologi\u00ed Dri-FIT je obzvl\u00e1\u0161\u0165 prody\u0161n\u00fd a zaji\u0161\u0165uje chladn\u00fd pocit p\u0159i no\u0161en\u00ed. Klubov\u00fd znak na hrudi vyjad\u0159uje tvou nad\u0161en\u00ed pro tv\u016fj t\u00fdm, a\u0165 u\u017e na h\u0159i\u0161ti nebo na ulici.<\/p>\n<p>Tipy pro tisk: Pokud jsou jm\u00e9no a \u010d\u00edslo na obr\u00e1zku p\u0159esn\u011b takov\u00e9, jak\u00e9 chcete, nemus\u00edte je zad\u00e1vat znovu. Pokud tomu tak nen\u00ed, m\u011bli byste zadat po\u017eadovan\u00e9 jm\u00e9no a \u010d\u00edslo.<\/p>\n<p>Tipy pro pran\u00ed: Doporu\u010dujeme pr\u00e1t fotbalov\u00e1 tri\u010dka v ruce. Pokud chcete pou\u017e\u00edt pra\u010dku, nezapome\u0148te fotbalov\u00e1 tri\u010dka obr\u00e1tit naruby a pot\u00e9 je vyprat. Pra\u010dku napl\u0148te studenou vodou a pou\u017eijte jemn\u00fd cyklus, abyste l\u00e9pe ochr\u00e1nili barvy.<\/p>","protected":false},"excerpt":{"rendered":"<p>Unterst\u00fctze den FC Liverpool in der Saison 2021\/2022 und zeige deinen Stolz im offiziellen Nike Replica Heimtrikot. Das authentische Design des Home Jerseys f\u00fcr Kinder basiert auf den Spieltrikots der Profis. Das zu 100 % recycelte Funktionsmaterial mit Dri-FIT-Technologie ist besonders atmungsaktiv und sorgt f\u00fcr ein k\u00fchles Tragegef\u00fchl. Das Vereinswappen auf der Brust zeigt deine [&hellip;]<\/p>","protected":false},"featured_media":3302,"comment_status":"open","ping_status":"closed","template":"","meta":[],"product_brand":[],"product_cat":[151],"product_tag":[20,21,22,23,24,94,152,153,154],"class_list":{"0":"post-3260","1":"product","2":"type-product","3":"status-publish","4":"has-post-thumbnail","6":"product_cat-liverpool-kindertrikot","7":"product_tag-coole-fussballtrikots","8":"product_tag-fussballtrikot-fuer-herren","9":"product_tag-fussballtrikot-guenstig-kaufen","10":"product_tag-fussballtrikot-kurzarm","11":"product_tag-guenstiges-fussballtrikot","12":"product_tag-kinder-fussball-trikotsatz","13":"product_tag-liverpool-heimtrikot","14":"product_tag-liverpool-trikots","15":"product_tag-liverpool-trikotsatz-fuer-kinder","17":"first","18":"instock","19":"shipping-taxable","20":"purchasable","21":"product-type-variable"},"_links":{"self":[{"href":"https:\/\/www.billigtrikotde.com\/cs\/wp-json\/wp\/v2\/product\/3260","targetHints":{"allow":["GET"]}}],"collection":[{"href":"https:\/\/www.billigtrikotde.com\/cs\/wp-json\/wp\/v2\/product"}],"about":[{"href":"https:\/\/www.billigtrikotde.com\/cs\/wp-json\/wp\/v2\/types\/product"}],"replies":[{"embeddable":true,"href":"https:\/\/www.billigtrikotde.com\/cs\/wp-json\/wp\/v2\/comments?post=3260"}],"wp:featuredmedia":[{"embeddable":true,"href":"https:\/\/www.billigtrikotde.com\/cs\/wp-json\/wp\/v2\/media\/3302"}],"wp:attachment":[{"href":"https:\/\/www.billigtrikotde.com\/cs\/wp-json\/wp\/v2\/media?parent=3260"}],"wp:term":[{"taxonomy":"product_brand","embeddable":true,"href":"https:\/\/www.billigtrikotde.com\/cs\/wp-json\/wp\/v2\/product_brand?post=3260"},{"taxonomy":"product_cat","embeddable":true,"href":"https:\/\/www.billigtrikotde.com\/cs\/wp-json\/wp\/v2\/product_cat?post=3260"},{"taxonomy":"product_tag","embeddable":true,"href":"https:\/\/www.billigtrikotde.com\/cs\/wp-json\/wp\/v2\/product_tag?post=3260"}],"curies":[{"name":"wp","href":"https:\/\/api.w.org\/{rel}","templated":true}]}}